{"id":192,"date":"2023-01-22T18:33:27","date_gmt":"2023-01-22T18:33:27","guid":{"rendered":"http:\/\/talithakumi.ps\/community-college\/?page_id=192"},"modified":"2023-01-24T19:16:17","modified_gmt":"2023-01-24T19:16:17","slug":"berufspraktikum","status":"publish","type":"page","link":"https:\/\/talithakumi.ps\/community-college\/berufspraktikum\/","title":{"rendered":"Berufspraktische Hospitationen der Hotelfachschule in Deutschland"},"content":{"rendered":"<p>[vc_row][vc_column][vc_custom_heading text=&#8221;Berufspraktische Hospitationen der Hotelfachschule in Deutschland&#8221; font_container=&#8221;tag:h2|font_size:36|text_align:left&#8221; use_theme_fonts=&#8221;yes&#8221;][\/vc_column][\/vc_row][vc_row][vc_column][vc_empty_space][vc_empty_space][\/vc_column][\/vc_row][vc_row][vc_column][vc_custom_heading text=&#8221;Praktikum unserer Studentinnen und Studenten der Hotelfachschule im Bonhoeffer Hotel \/Berlin:&#8221; font_container=&#8221;tag:h2|font_size:28|text_align:left&#8221; use_theme_fonts=&#8221;yes&#8221;][vc_column_text]<\/p>\n<h3><span style=\"color: #000000\">Das Betriebspraktikum unserer angegliederten Hotelfachschule bietet unseren Studentinnen und Studenten des zweij\u00e4hrigen Ausbildungskurses zum Hotelmanager, Food and Beverage Manager sowie des Sweet and Pastry Kurses die M\u00f6glichkeit, in einem 3-Sterne-Hotel in Berlin in den Bereichen Rezeption, Service oder House Keeping w\u00e4hrend eines Zeitraums von zwei Wochen praktische Erfahrungen zu sammeln. F\u00fcr unsere Studentinnen und Studenten, die aus den weiter abgelegenen l\u00e4ndlichen Regionen des Westjordanlandeskommen, ist dies meistens die erste Auslandsreise ihres Lebens. J\u00e4hrlich werden 6-8 Studentinnen und Studenten in einem Auswahlverfahren (siehe Anhang) sorgf\u00e4ltig ausgew\u00e4hlt. Unterkunft und Verpflegung werden durch das Hotel gestellt. Sponsoren wie z.B. das Berliner Missionswerk erm\u00f6glichen eine zus\u00e4tzliche finanzielle Unterst\u00fctzung der Teilnehmer\/innen, die aus wenig finanzkr\u00e4ftigen Familien stammen und f\u00fcr die gesamten 14 Tage ca. 1000$ aufbringen m\u00fcssen. F\u00fcr viele Studentinnen und Studenten ist diese Summe schon ein Ausschlusskriterium f\u00fcr eine solche Fahrt. Neben der Arbeit werden weitere Einrichtungen besucht (z.B. das Walldorf Astoria Hotel, lokale M\u00e4rkte, Brauereien sowie die pal\u00e4st. Vertretung und das Berliner Missionswerk). Zwei Studentinnen oder Studenten, die sich sehr bew\u00e4hrt haben, bietet das Bonhoeffer Hotel an, das dritte Ausbildungsjahr dort zu absolvieren. M\u00f6glich wurde diese Initiative durch eine Initiative der Gesch\u00e4ftsf\u00fchrerin der Hospes AG und dem damaligen Dekan des Colleges Herrn Maurice Yunnan. Heute wird das Projekt engagiert von unserer derzeitigen Dekanin Frau Laurette Abu Jaber vorangetrieben und weiterentwickelt.<\/span><\/h3>\n<p>[\/vc_column_text][vc_single_image image=&#8221;232&#8243; img_size=&#8221;600&#215;350&#8243; title=&#8221;Das Hotel Dietrich-Bonhoeffer-Haus&#8221;][vc_separator color=&#8221;blue&#8221; border_width=&#8221;2&#8243;][vc_custom_heading text=&#8221;Eindr\u00fccke eines Auszubildenden der Hotelfachschule in Deutschland&#8221; font_container=&#8221;tag:h2|font_size:28|text_align:left&#8221; use_theme_fonts=&#8221;yes&#8221;][\/vc_column][\/vc_row][vc_row][vc_column][vc_column_text]<\/p>\n<h3><span style=\"color: #000000\">Vor nicht allzu langer Zeit war ich mit einigen Kollegen des Talitha Kumi Community College auf einer Trainings- und Tourismusreise in Deutschland. Ich kann sagen, dass diese Reise f\u00fcr mich sehr viel bedeutet hat und bei mir schon einige vorhandene Vorstellungen und Werte gest\u00e4rkt hat, wie Akzeptanz, Respekt f\u00fcr andere und gegenseitige Liebe.<\/span><\/h3>\n<h3><span style=\"color: #000000\">Ich hatte viele positive und negative Klischees, Vorstellungen und Erwartungen \u00fcber Deutschland und das deutsche Volk im Kopf, zum Beispiel, dass die Deutschen ein Volk sind, das stolz auf sich und seine Sprache ist. Wir bewundern heute wie fr\u00fcher die deutsche Industrie, die Sch\u00f6nheit Deutschlands, die Pflege seiner Natur und Umwelt und die Sauberkeit seiner Stra\u00dfen und seine Entwicklung.<\/span><\/h3>\n<h3><span style=\"color: #000000\">Reisen im Allgemeinen ist eine reiche Erfahrung mit alldem, was dieses Wort bedeutet, da es manchmal zu einer Medizin f\u00fcr die Seele und einem Trost f\u00fcr uns wird. Reisen bedeutet, sich auf ein sch\u00f6nes Abenteuer einzulassen, um ein neues Land, eine andere Kultur und andere Menschen kennenzulernen.<\/span><\/h3>\n<h3><span style=\"color: #000000\">Reisen bedeutet, das Leben von Menschen in ihren beliebten Restaurants, in den Stra\u00dfen ihrer St\u00e4dte zu erleben und mitzuerleben. Es bedeutet auch, menschliche Beziehungen mit ihnen aufzubauen, sich mit ihnen anzufreunden, mit ihnen zu arbeiten, Spa\u00df mit ihnen zu haben und alles mit ihnen zu teilen, damit sie profitieren und wir von ihnen auch profitieren k\u00f6nnen, damit wir von ihnen lernen und sie von uns auch lernen. Sogar schwierige Situationen k\u00f6nnen f\u00fcr uns eine Lehre sein und uns etwas beibringen, was wir nicht erwartet haben.<\/span><\/h3>\n<h3><span style=\"color: #000000\">Wie gl\u00fccklich war ich, als wir im Hotel die einzelnen Abteilungen besichtigten und insbesondere die K\u00fcche, in der wir trainierten. Alles war organisiert und ordentlich in Bezug auf Sauberkeit, Anordnung von Geschirr und T\u00f6pfen und gegenseitiger Respekt zwischen Mitarbeitern und Verantwortlichen. Wie gl\u00fccklich waren wir, als wir als College-Team gebeten wurden, ein Buffet f\u00fcr 200 Personen vorzubereiten. Dies war eine Gelegenheit f\u00fcr uns, unsere F\u00e4higkeiten unter Beweis zu stellen, n\u00e4mlich die leckersten Gerichte und Speisen aus der pal\u00e4stinensischen K\u00fcche anzubieten. Gelobt sei Gott, wir waren ein Team mit einer Hand, das wie ein Bienenstock arbeitete, bis wir mit mehreren verschiedenen Speisen\/Gerichten herauskamen, die die Bewunderung des Publikums\/der G\u00e4ste gewannen, insbesondere unseres Lehrers Farid Abu Dayyeh und unserer Lehrerin Elham und des Hotelmanagers. Das Geschirr und die Dekoration waren von einer wunderbaren Auswahl, die die G\u00e4ste begeisterte, und dies war eine erfolgreiche Erfahrung f\u00fcr uns, in der Hoffnung, dass sie bei zuk\u00fcnftigen Reisen wiederholt wird.<\/span><\/h3>\n<h3><span style=\"color: #000000\">Wir haben einige Orte mit unseren Lehrern besucht und alle waren mit der Reise zufrieden.<\/span><\/h3>\n<h3><span style=\"color: #000000\">Unser geb\u00fchrender Dank geht an die Kollege-Leitung, die uns diese Reise erm\u00f6glicht hat, in der Hoffnung, dass sie noch einmal wiederholt wird, damit wir neue Erfahrungen sammeln k\u00f6nnen.<\/span><\/h3>\n<h3><span style=\"color: #000000\">(Elias Al-Mughrabi)<\/span><\/h3>\n<p>[\/vc_column_text][\/vc_column][\/vc_row][vc_row][vc_column][vc_separator color=&#8221;blue&#8221; border_width=&#8221;2&#8243;][\/vc_column][\/vc_row][vc_row][vc_column][vc_custom_heading text=&#8221;Unterlagen zum Berufspraktikum der Hotelfachschule in Deutschland&#8221; font_container=&#8221;tag:h2|font_size:26|text_align:left&#8221; use_theme_fonts=&#8221;yes&#8221;][\/vc_column][\/vc_row][vc_row][vc_column width=&#8221;1\/3&#8243;][vc_btn title=&#8221;Traning Excursion Announcement (Bekanntgabe des Praktikums)&#8221; style=&#8221;3d&#8221; shape=&#8221;round&#8221; color=&#8221;info&#8221; size=&#8221;lg&#8221; align=&#8221;left&#8221; button_block=&#8221;true&#8221; link=&#8221;url:http%3A%2F%2Ftalithakumi.ps%2Fcommunity-college%2Fwp-content%2Fuploads%2Fsites%2F5%2F2023%2F01%2Fa-Traning-Excursion-Announcement.pdf|title:Traning%20Excursion%20Announcement%20(Bekanntgabe%20des%20Praktikums)|target:%20_blank|&#8221;][vc_btn title=&#8221;Student Motivation Letter (Motivationsschreiben)&#8221; style=&#8221;3d&#8221; shape=&#8221;round&#8221; color=&#8221;info&#8221; size=&#8221;lg&#8221; align=&#8221;left&#8221; button_block=&#8221;true&#8221; link=&#8221;url:http%3A%2F%2Ftalithakumi.ps%2Fcommunity-college%2Fwp-content%2Fuploads%2Fsites%2F5%2F2023%2F01%2Fc-Student-Motivation-Letter.pdf|title:Student%20Motivation%20Letter%20(Motivationsschreiben)|target:%20_blank|&#8221;][\/vc_column][vc_column width=&#8221;1\/3&#8243;][\/vc_column][vc_column width=&#8221;1\/3&#8243;][\/vc_column][\/vc_row][vc_row][vc_column width=&#8221;1\/3&#8243;][vc_btn title=&#8221;Contract (Arbeitsvertrag)&#8221; style=&#8221;3d&#8221; shape=&#8221;round&#8221; color=&#8221;info&#8221; size=&#8221;lg&#8221; align=&#8221;left&#8221; button_block=&#8221;true&#8221; link=&#8221;url:http%3A%2F%2Ftalithakumi.ps%2Fcommunity-college%2Fwp-content%2Fuploads%2Fsites%2F5%2F2023%2F01%2Fd-Contract_compressed.pdf|title:Contract%20(Arbeitsvertrag)||&#8221;][\/vc_column][vc_column width=&#8221;1\/3&#8243;][\/vc_column][vc_column width=&#8221;1\/3&#8243;][\/vc_column][\/vc_row][vc_row][vc_column width=&#8221;1\/3&#8243;][vc_btn title=&#8221;Approval E-Mail (Zusage des Praktikums)&#8221; style=&#8221;3d&#8221; shape=&#8221;round&#8221; color=&#8221;info&#8221; size=&#8221;lg&#8221; align=&#8221;left&#8221; button_block=&#8221;true&#8221; link=&#8221;url:http%3A%2F%2Ftalithakumi.ps%2Fcommunity-college%2Fwp-content%2Fuploads%2Fsites%2F5%2F2023%2F01%2Fe-Approval-e-Mail.pdf|title:Approval%20E-Mail%20(Zusage%20des%20Praktikums)|target:%20_blank|&#8221;][\/vc_column][vc_column width=&#8221;1\/3&#8243;][\/vc_column][vc_column width=&#8221;1\/3&#8243;][\/vc_column][\/vc_row][vc_row][vc_column][vc_separator color=&#8221;blue&#8221; border_width=&#8221;2&#8243;][vc_gallery type=&#8221;image_grid&#8221; images=&#8221;213,214,215,216,217,218,219,220,221,222,223,224,225,226,227,228,229,230&#8243; title=&#8221;Eindr\u00fccke vom Praktikum der Hotelfachschule in Deutschland&#8221;][vc_separator color=&#8221;blue&#8221; border_width=&#8221;2&#8243;][\/vc_column][\/vc_row]<\/p>\n","protected":false},"excerpt":{"rendered":"<p>[vc_row][vc_column][vc_custom_heading text=&#8221;Berufspraktische Hospitationen der Hotelfachschule in Deutschland&#8221; font_container=&#8221;tag:h2|font_size:36|text_align:left&#8221; use_theme_fonts=&#8221;yes&#8221;][\/vc_column][\/vc_row][vc_row][vc_column][vc_empty_space][vc_empty_space][\/vc_column][\/vc_row][vc_row][vc_column][vc_custom_heading text=&#8221;Praktikum unserer Studentinnen und Studenten der Hotelfachschule im Bonhoeffer Hotel \/Berlin:&#8221; font_container=&#8221;tag:h2|font_size:28|text_align:left&#8221; use_theme_fonts=&#8221;yes&#8221;][vc_column_text] Das Betriebspraktikum unserer angegliederten Hotelfachschule bietet unseren Studentinnen und Studenten des zweij\u00e4hrigen Ausbildungskurses zum Hotelmanager, Food and Beverage Manager sowie des Sweet and Pastry Kurses die M\u00f6glichkeit, in einem 3-Sterne-Hotel in Berlin in [&hellip;]<\/p>\n","protected":false},"author":3,"featured_media":0,"parent":0,"menu_order":0,"comment_status":"closed","ping_status":"closed","template":"page-templates\/demo-nav-3.php","meta":{"ngg_post_thumbnail":0,"footnotes":""},"class_list":["post-192","page","type-page","status-publish","hentry"],"_links":{"self":[{"href":"https:\/\/talithakumi.ps\/community-college\/wp-json\/wp\/v2\/pages\/192","targetHints":{"allow":["GET"]}}],"collection":[{"href":"https:\/\/talithakumi.ps\/community-college\/wp-json\/wp\/v2\/pages"}],"about":[{"href":"https:\/\/talithakumi.ps\/community-college\/wp-json\/wp\/v2\/types\/page"}],"author":[{"embeddable":true,"href":"https:\/\/talithakumi.ps\/community-college\/wp-json\/wp\/v2\/users\/3"}],"replies":[{"embeddable":true,"href":"https:\/\/talithakumi.ps\/community-college\/wp-json\/wp\/v2\/comments?post=192"}],"version-history":[{"count":5,"href":"https:\/\/talithakumi.ps\/community-college\/wp-json\/wp\/v2\/pages\/192\/revisions"}],"predecessor-version":[{"id":233,"href":"https:\/\/talithakumi.ps\/community-college\/wp-json\/wp\/v2\/pages\/192\/revisions\/233"}],"wp:attachment":[{"href":"https:\/\/talithakumi.ps\/community-college\/wp-json\/wp\/v2\/media?parent=192"}],"curies":[{"name":"wp","href":"https:\/\/api.w.org\/{rel}","templated":true}]}}