{"id":24,"date":"2018-08-05T18:34:16","date_gmt":"2018-08-05T18:34:16","guid":{"rendered":"http:\/\/talithakumi.ps\/community-college\/?page_id=24"},"modified":"2020-01-03T16:18:46","modified_gmt":"2020-01-03T16:18:46","slug":"leitbild-und-geschichte","status":"publish","type":"page","link":"https:\/\/talithakumi.ps\/community-college\/leitbild-und-geschichte\/","title":{"rendered":"Leitbild und Geschichte"},"content":{"rendered":"<p>[vc_row][vc_column][vc_custom_heading text=&#8221;Leitbild und Geschichte der Berufsschule der Berufsschule&#8221; font_container=&#8221;tag:h2|text_align:center|color:%230ec4f2&#8243; use_theme_fonts=&#8221;yes&#8221;][vc_separator border_width=&#8221;3&#8243;][\/vc_column][\/vc_row][vc_row][vc_column][vc_custom_heading text=&#8221;Leitbild der Berufsschule&#8221; font_container=&#8221;tag:h2|text_align:center|color:%230ec4f2&#8243; use_theme_fonts=&#8221;yes&#8221;][vc_column_text]<strong>Leitbild des \u201eCommunity College\u201c<\/strong><\/p>\n<p>Ist Gew\u00e4hrung der Absolventen der Sekundarstufe, die an einer T\u00e4tigkeit in der Tourismusbranche interessiert sind, die M\u00f6glichkeit, Selbstverwirklichung im Beruf zu erlangen, indem sie ihre Hobbys entdecken und ihre F\u00e4higkeiten entwickeln und sie f\u00fcr die Dauer von zwei Jahren durch Studium und Forschung weiterentwickeln.<\/p>\n<p><strong>Mission des \u201eCommunity College\u201c<\/strong><\/p>\n<p>Als College-Administration streben wir danach, jedem die Chance zu geben, ein erfolgreicher Mensch in seinem Leben zu sein und ein aktives Mitglied unserer Gesellschaft zu werden. Wir m\u00f6chten, dass unsere Studenten ihre F\u00e4higkeiten und Talente entdecken und entwickeln. Deshalb akzeptieren wir &#8211; im Gegensatz zu pal\u00e4stinensischen Universit\u00e4ten &#8211; jeden Studenten, der unabh\u00e4ngig von seinem Notendurchschnitt die Sekundarstufe (Tawjihi) abgeschlossen hat.<\/p>\n<p>Um den wachsenden Tourismusmarkt mit qualifizierten Fachkr\u00e4ften zu bereichern, bieten wir unseren Studenten ein detailliertes Wissen \u00fcber erweiterte Hospitality-normen,und dies nicht nur in theoretischen Kursen, sondern auch in praktischer Ausbildung in verschiedenen Tourismusinstitutionen. Dar\u00fcber hinaus streben wir danach, Erfahrungen mit verschiedenen Fachoberschulen in unserem Bereich vor Ort und im Ausland auszutauschen, um das Ausbildungsniveau am College kontinuierlich zu verbessern.<\/p>\n<p><strong>Ziele des Kollegs<\/strong><\/p>\n<p>Das College zielt darauf ab:<\/p>\n<p>&#8211; da\u00df die Absolventinnen und Absolventen ein Diploma-niveau in ihrer Ausbildung in Hotelmanagement in den verschiedenen Abteilungen und Branchen erreichen und ihre F\u00e4higkeiten mit Kompetenzen erweitern, die es ihnen erm\u00f6glichen, in Touristen- und Hotelbetrieben zu arbeiten.<\/p>\n<p>&#8211; da\u00df sie moderne Technologie und Computersysteme in Hotels benutzen k\u00f6nnen<\/p>\n<p>&#8211; da\u00df sie einen Beitrag zur Entwicklung der Verwaltungsarbeit in Hotels und Restaurants leisten, um dem \u00f6ffentlichen Interesse zu dienen.<\/p>\n<p>&#8220;Jeder hat das Recht auf Arbeit, freie Berufswahl, gerechte und g\u00fcnstige Arbeitsbedingungen und Schutz vor Arbeitslosigkeit&#8221;. Artikel (23) der Internationalen Arbeitsorganisation.[\/vc_column_text][\/vc_column][\/vc_row][vc_row][vc_column][vc_separator border_width=&#8221;3&#8243;][vc_custom_heading text=&#8221;Geschichte der Berufsschule Talitha Kumi&#8221; font_container=&#8221;tag:h2|text_align:center|color:%230ec4f2&#8243; use_theme_fonts=&#8221;yes&#8221;][\/vc_column][\/vc_row][vc_row][vc_column width=&#8221;1\/2&#8243;][vc_column_text]Talitha Kumi ist eine Bildungseinrichtung in Beit Jala, in der N\u00e4he von Bethlehem, und bietet die M\u00f6glichkeit, Kinder vom Kindergarten bis zum Abschlu\u00df der Sekundarschule (Tawjihi) auszubilden.<\/p>\n<p>Talitha Kumi wurde 1851 als erste Bildungseinrichtung f\u00fcr M\u00e4dchen im Nahen Osten, in Jerusalem, gegr\u00fcndet. Sie hat sich seit ihrer Gr\u00fcndung bem\u00fcht, neben der akademischen Bildung eine \u00f6ffentliche Schul- und Berufsausbildung in vollem Gang zu bieten. Talitha war eine f\u00fchrende M\u00e4dchenschule im 19. Jahrhundert in der beruflichen Bildung und Ausbildung der M\u00e4dchen, wo sie zu dieser Zeit unter anderem als Haushalterinnen und Kinderg\u00e4rtnerinnen ausgebildet wurden. Talitha Kumi zog nach der Nakba \/ Katastrophe 1948 von Jerusalem nach Beit Jala. Im Jahr 1980 wurde Talitha Kumi eine gemischte Schule mit Kindergarten, Gesamtschule, M\u00e4dcheninternat, G\u00e4stehaus, Berufsausbildungszentrum und Berufsschule (Community College).<\/p>\n<p>In Zusammenarbeit mit der deutschen OTTO BENECKE Stiftung wurden 1996 in \u00dcbereinstimmung mit dem deutschen Dualsystem der Einrichtung (theoretische und praktische Ausbildung nebeneinander) theoretische Kurse abgehalten, erg\u00e4nzt durch Berufsausbildung im G\u00e4stehaus und in den Hotels in Bethlehem und Jerusalem. Das erste Dualsystem in der Region.<\/p>\n<p>Nach dem erfolgreichen Start dieses Trainingsprogramms wurde das Talitha Kumi Community College eingeweiht. Wir haben unsere Programme im Jahr 2000 begonnen, nachdem wir vom Ministerium f\u00fcr Bildung und Hochschulbildung die erforderliche Anerkennung erhalten hatten. Das College bietet ein anerkanntes Diplom in den Bereichen Gastfreundschaft (Hospitality), Hotelmanagement, Speisen- und Getr\u00e4nke-Management und Unterkunft. Im Jahr 2016 erhielt das College die Lizenz f\u00fcr die Ausbildung Diplom in technischer Buchhaltung. Die Studierenden k\u00f6nnen Kurse und Fortbildungen in Tourismuseinrichtungen und Unternehmen absolvieren, um sich f\u00fcr die umfassende Diplompr\u00fcfung des Ministeriums f\u00fcr Bildung und Hochschulwesen sowie f\u00fcr den Eintritt in den Arbeitsmarkt zu bewerben.<\/p>\n<p>Im Rahmen des kontiuierlichen Bildungsprogramms und in Zusammenarbeit mit dem Ministerium f\u00fcr Tourismus und Altert\u00fcmer, dem Arab Hotel Association und anderen Tourismusorganisationen haben wir Ausbildungs- und Qualifikationskurse in verschiedenen Bereichen f\u00fcr Hotelangestellte durchgef\u00fchrt. In den Bereichen der Spezialisierung haben wir mehrere Kurzzeitkurse in verschiedenen K\u00fcchen wie die italienische, die chinesische und andere K\u00fcchen veranstaltet. Die Lehrg\u00e4nge fanden nach Absprache und Kooperation mit der Arab Hotel Association und dem Obersten Rat f\u00fcr Tourismusindustrie statt. Wir bringen auch G\u00e4ste aus dem Ausland zu Spezialkursen in verschiedenen Bereichen wie Geb\u00e4ck und Brot.[\/vc_column_text][\/vc_column][vc_column width=&#8221;1\/2&#8243;][vc_single_image image=&#8221;60&#8243; img_size=&#8221;medium&#8221; alignment=&#8221;center&#8221;][vc_single_image image=&#8221;59&#8243; img_size=&#8221;medium&#8221; alignment=&#8221;center&#8221;][\/vc_column][\/vc_row]<\/p>\n","protected":false},"excerpt":{"rendered":"<p>[vc_row][vc_column][vc_custom_heading text=&#8221;Leitbild und Geschichte der Berufsschule der Berufsschule&#8221; font_container=&#8221;tag:h2|text_align:center|color:%230ec4f2&#8243; use_theme_fonts=&#8221;yes&#8221;][vc_separator border_width=&#8221;3&#8243;][\/vc_column][\/vc_row][vc_row][vc_column][vc_custom_heading text=&#8221;Leitbild der Berufsschule&#8221; font_container=&#8221;tag:h2|text_align:center|color:%230ec4f2&#8243; use_theme_fonts=&#8221;yes&#8221;][vc_column_text]Leitbild des \u201eCommunity College\u201c Ist Gew\u00e4hrung der Absolventen der Sekundarstufe, die an einer T\u00e4tigkeit in der Tourismusbranche interessiert sind, die M\u00f6glichkeit, Selbstverwirklichung im Beruf zu erlangen, indem sie ihre Hobbys entdecken und ihre F\u00e4higkeiten entwickeln und sie f\u00fcr die Dauer [&hellip;]<\/p>\n","protected":false},"author":3,"featured_media":0,"parent":0,"menu_order":0,"comment_status":"closed","ping_status":"closed","template":"page-templates\/demo-nav-3.php","meta":{"ngg_post_thumbnail":0,"footnotes":""},"class_list":["post-24","page","type-page","status-publish","hentry"],"_links":{"self":[{"href":"https:\/\/talithakumi.ps\/community-college\/wp-json\/wp\/v2\/pages\/24","targetHints":{"allow":["GET"]}}],"collection":[{"href":"https:\/\/talithakumi.ps\/community-college\/wp-json\/wp\/v2\/pages"}],"about":[{"href":"https:\/\/talithakumi.ps\/community-college\/wp-json\/wp\/v2\/types\/page"}],"author":[{"embeddable":true,"href":"https:\/\/talithakumi.ps\/community-college\/wp-json\/wp\/v2\/users\/3"}],"replies":[{"embeddable":true,"href":"https:\/\/talithakumi.ps\/community-college\/wp-json\/wp\/v2\/comments?post=24"}],"version-history":[{"count":5,"href":"https:\/\/talithakumi.ps\/community-college\/wp-json\/wp\/v2\/pages\/24\/revisions"}],"predecessor-version":[{"id":58,"href":"https:\/\/talithakumi.ps\/community-college\/wp-json\/wp\/v2\/pages\/24\/revisions\/58"}],"wp:attachment":[{"href":"https:\/\/talithakumi.ps\/community-college\/wp-json\/wp\/v2\/media?parent=24"}],"curies":[{"name":"wp","href":"https:\/\/api.w.org\/{rel}","templated":true}]}}