{"id":45,"date":"2019-12-26T14:56:32","date_gmt":"2019-12-26T14:56:32","guid":{"rendered":"http:\/\/talithakumi.ps\/community-college\/?page_id=45"},"modified":"2020-04-17T15:28:35","modified_gmt":"2020-04-17T15:28:35","slug":"weiterbildungskurse","status":"publish","type":"page","link":"https:\/\/talithakumi.ps\/community-college\/weiterbildungskurse\/","title":{"rendered":"Weiterbildungskurse"},"content":{"rendered":"<p>[vc_row][vc_column][vc_custom_heading text=&#8221;Weiterbildungskurse des Berufsbildungszentrums&#8221; font_container=&#8221;tag:h2|font_size:34|text_align:center&#8221; use_theme_fonts=&#8221;yes&#8221;][vc_separator][vc_row_inner][vc_column_inner width=&#8221;1\/2&#8243;][vc_column_text]Ein Speziallehrgang f\u00fcr Weihnachtsgeb\u00e4ck unter der Leitung des Chefkochs und Konditors Mohammad al-Qaisi. Der Lehrgang begann am 14\/11\/2014 und endete am 19\/12\/2014. Die Teilnehmer erhielten danach eine vom pal\u00e4stinensischen Arbeitsministerium beglaubigte Bescheinigung.[\/vc_column_text][\/vc_column_inner][vc_column_inner width=&#8221;1\/2&#8243;][vc_gallery type=&#8221;image_grid&#8221; images=&#8221;137,138,139&#8243;][\/vc_column_inner][\/vc_row_inner][vc_separator][vc_row_inner][vc_column_inner width=&#8221;1\/2&#8243;][vc_column_text]Ein Spezialkurs f\u00fcr die Zubereitung von westlichen Leckerbissen unter der Leitung des Chefkochs und Konditors Rami Hosh. Der Kurs begann am 2\/3\/2015 und endete am 27\/4\/2015 auf der Basis von 8 Treffen von jeweils 4 Stunden. Die Azubis erhielten am Kursende eine vom pal\u00e4stinensischen Arbeitsministerium beglaubigte Urkunde.[\/vc_column_text][\/vc_column_inner][vc_column_inner width=&#8221;1\/2&#8243;][vc_gallery type=&#8221;image_grid&#8221; images=&#8221;140,141,142&#8243;][\/vc_column_inner][\/vc_row_inner][vc_separator][vc_row_inner][vc_column_inner width=&#8221;1\/2&#8243;][vc_column_text]Ein Speziallehrgang in der italienischen K\u00fcche fand vom 28\/10\/2015 bis zum 09\/12\/2015 unter der Leitung des Chefkochs Hazim Rishmawi statt. Er bestand aus 6 Begegnungen zu je 5 Stunden, also insgesamt 30 Trainingsstunden. Am Ende des Lehrgangs erhielten die Teilnehmer eine vom pal\u00e4stinensischen Arbeitsministerium beglaubigte Urkunde.[\/vc_column_text][\/vc_column_inner][vc_column_inner width=&#8221;1\/2&#8243;][vc_gallery type=&#8221;image_grid&#8221; images=&#8221;143,144&#8243;][\/vc_column_inner][\/vc_row_inner][vc_separator][vc_row_inner][vc_column_inner width=&#8221;1\/2&#8243;][vc_column_text]Ein Spezialkurs f\u00fcr die Herstellung arabischer und westlicher Geb\u00e4cks und Konditoreiwaren unter der Leitung des Konditors Bishara al-Bandak. Kursdauer: 30 Stunden auf 5 Begegnungen zu je 6 Stunden verteilt. Am Ende des Lehrgangs erhielten die Teilnehmer eine vom pal\u00e4stinensischen Arbeitsministerium beglaubigte Urkunde.[\/vc_column_text][\/vc_column_inner][vc_column_inner width=&#8221;1\/2&#8243;][vc_gallery type=&#8221;image_grid&#8221; images=&#8221;145,146,147&#8243;][\/vc_column_inner][\/vc_row_inner][vc_separator][vc_row_inner][vc_column_inner width=&#8221;1\/2&#8243;][vc_column_text]Ein Speziallehrgang f\u00fcr das HASP-System (Risk Analysis &amp; Critical Control Points) im Zusammenhang mit der Lebensmittelunversehrtheit unter der Leitung von Dr. Gabi Abusaada. Der Lehrgang und die anschlie\u00dfende internationale Pr\u00fcfung waren in Englisch. Die Kursdauer war 12 Trainingsstunden (von 17\/2\/2016 bis 20\/2\/2016) und jeder Teilnehmer erhielt am Lehrgangsabschlu\u00df ein Set von Kursfachb\u00fcchern.[\/vc_column_text][\/vc_column_inner][vc_column_inner width=&#8221;1\/2&#8243;][vc_gallery type=&#8221;image_grid&#8221; images=&#8221;148,149,150&#8243;][\/vc_column_inner][\/vc_row_inner][vc_separator][vc_row_inner][vc_column_inner width=&#8221;1\/2&#8243;][vc_column_text]Ein Trainingskurs in \u201cComputer Command ICDL\u201d. Dieser Kurs ist eine Einf\u00fchrung f\u00fcr den Erwerb der internationalen Lizenz f\u00fcr Computerf\u00fchrung.&nbsp; Im Kursverlauf wurden mehrere Themen behandelt, wie z.B. Database, Datasets und Einf\u00fchrungspr\u00e4sentationen und andere. Kursdauer: vom 11\/2\/2016 bis zum 15\/4\/2016. Anschlie\u00dfend beantragten die Studenten, an der internationalen Pr\u00fcfung teilzunehmen und jeder erhielt ein Set von Kursfachb\u00fcchern.[\/vc_column_text][\/vc_column_inner][vc_column_inner width=&#8221;1\/2&#8243;][\/vc_column_inner][\/vc_row_inner][vc_separator][vc_row_inner][vc_column_inner width=&#8221;1\/2&#8243;][vc_column_text]Ein Trainingskurs f\u00fcr die Herstellung von Brot und Geb\u00e4ck unter der Leitung des Chefkochs und Konditors Hazim Rishmawi. Kursdauer: von 30.1.2016 bis zum 2.4.2016, insgesamt 30 Trainingsstunden. Die Azubis erhielten von Talitha Kumi Berufsausbildungszentrum eine Teilnehmerurkunde, die vom pal\u00e4stinensischen Arbeitsministerium beglaubigt worden ist..[\/vc_column_text][\/vc_column_inner][vc_column_inner width=&#8221;1\/2&#8243;][vc_gallery type=&#8221;image_grid&#8221; images=&#8221;152,153,154&#8243;][\/vc_column_inner][\/vc_row_inner][vc_separator][vc_row_inner][vc_column_inner width=&#8221;1\/2&#8243;][vc_column_text]Ein Spezialkurs in der Nahostk\u00fcche mit den Chefk\u00f6chen Issa Al-Baabish, Amir Al-Baabish und Hazim Rishmawi auf der Basis von 30 Ausbildungsstunden. Die Ausbildung fand in der Lehrk\u00fcche des TK Berufsausbildungszentrums in der Zeit von 13.5.2016 bis 17.6.2016 statt. Am Ende des Kurses erhielten die Teilnehmer eine vom pal\u00e4stinensischen Arbeitsministeriums beglaubigte Urkunde.[\/vc_column_text][\/vc_column_inner][vc_column_inner width=&#8221;1\/2&#8243;][vc_gallery type=&#8221;image_grid&#8221; images=&#8221;155,156,157&#8243;][\/vc_column_inner][\/vc_row_inner][vc_separator][vc_row_inner][vc_column_inner width=&#8221;1\/2&#8243;][vc_column_text]Ein Spezialkurs in der Herstellung arabischer und westlicher Konditoreiwaren unter der Leitung des Chefkochs und Konditors Zaki Maaya. Die Ausbildung fand in der Lehrk\u00fcche des TK Berufsausbildungszentrums in der Zeit von 5.9.2016 bis 10.9.2016 auf der Basis von 30 Kursstunden statt. Am Ende des Kurses erhielten die Teilnehmer eine vom pal\u00e4stinensischen Arbeitsministeriums beglaubigte Urkunde.[\/vc_column_text][\/vc_column_inner][vc_column_inner width=&#8221;1\/2&#8243;][vc_gallery type=&#8221;image_grid&#8221; images=&#8221;159,160,161&#8243;][\/vc_column_inner][\/vc_row_inner][vc_separator][vc_row_inner][vc_column_inner width=&#8221;1\/2&#8243;][vc_column_text]Ein Spezialkurs in der Zubereitung von Meeresfr\u00fcchte mit Chefkoch Ibrahim Al-Atrash. Der Kurs startete am 6.2.2017 und endete am 2.5.2017 und wurde in der Lehrk\u00fcche des Berufsausbildungszentrums gehalten. Die Teilnehmer erhielten am erfolgreichen Kursabschluss eine vom pal\u00e4stinensischen Arbeitsministeriums beglaubigte Teilnahme-urkunde.[\/vc_column_text][\/vc_column_inner][vc_column_inner width=&#8221;1\/2&#8243;][vc_gallery type=&#8221;image_grid&#8221; images=&#8221;164,163,162&#8243;][\/vc_column_inner][\/vc_row_inner][vc_separator][vc_row_inner][vc_column_inner width=&#8221;1\/2&#8243;][vc_column_text]Ein Spezialkurs in der chinesischen K\u00fcche unter der Leitung des Chefkochs Ibrahim Al-Atrash. Der Kurs startete am 14.2.2017 und endete am 2.5.2017 mit insgesamt (30) Lehrstunden und wurde in der Lehrk\u00fcche des Berufsausbildungszentrums gehalten. Die Teilnehmer erhielten am erfolgreichen Kursabschluss eine vom pal\u00e4stinensischen Arbeitsministeriums beglaubigte Teilnehmerurkunde.[\/vc_column_text][\/vc_column_inner][vc_column_inner width=&#8221;1\/2&#8243;][vc_gallery type=&#8221;image_grid&#8221; images=&#8221;165,166,167&#8243;][\/vc_column_inner][\/vc_row_inner][vc_separator][vc_row_inner][vc_column_inner width=&#8221;1\/2&#8243;][vc_column_text]Ein fortgeschrittener Spezialkurs in der Kunst der Zubereitung von Konditoreiwaren und S\u00fc\u00dfigkeiten unter der Leitung des Chefs Mohammed Al-Atrash. Der Kurs startete am 10.11.2016 und endete am 26.1.2017 mit insgesamt (36) Lehrstunden und wurde in der Lehrk\u00fcche des Berufsausbildungszentrums gehalten. Die Teilnehmer erhielten am erfolgreichen Kursabschlu\u00df eine vom pal\u00e4stinensischen Arbeitsministeriums beglaubigte Teilnehmerurkunde.[\/vc_column_text][\/vc_column_inner][vc_column_inner width=&#8221;1\/2&#8243;][vc_gallery type=&#8221;image_grid&#8221; images=&#8221;172,173,174&#8243;][\/vc_column_inner][\/vc_row_inner][vc_separator][vc_row_inner][vc_column_inner width=&#8221;1\/2&#8243;][vc_column_text]Ein Speziallehrgang in der italienischen K\u00fcche fand vom 15\/10\/2016 bis zum 12\/11\/2016 unter der Leitung des Chefkochs Ibrahim Al-Atrash in der Lehrk\u00fcche des Berufsausbildungszentrums statt und bestand aus insgesamt 30 Lehrstunden. Am Ende des Lehrgangs erhielten die Teilnehmer eine vom pal\u00e4stinensischen Arbeitsministerium beglaubigte Urkunde.<\/p>\n<p>&nbsp;[\/vc_column_text][\/vc_column_inner][vc_column_inner width=&#8221;1\/2&#8243;][vc_gallery type=&#8221;image_grid&#8221; images=&#8221;175,176,177&#8243;][\/vc_column_inner][\/vc_row_inner][\/vc_column][\/vc_row][vc_row][vc_column][\/vc_column][\/vc_row]<\/p>\n","protected":false},"excerpt":{"rendered":"<p>[vc_row][vc_column][vc_custom_heading text=&#8221;Weiterbildungskurse des Berufsbildungszentrums&#8221; font_container=&#8221;tag:h2|font_size:34|text_align:center&#8221; use_theme_fonts=&#8221;yes&#8221;][vc_separator][vc_row_inner][vc_column_inner width=&#8221;1\/2&#8243;][vc_column_text]Ein Speziallehrgang f\u00fcr Weihnachtsgeb\u00e4ck unter der Leitung des Chefkochs und Konditors Mohammad al-Qaisi. Der Lehrgang begann am 14\/11\/2014 und endete am 19\/12\/2014. Die Teilnehmer erhielten danach eine vom pal\u00e4stinensischen Arbeitsministerium beglaubigte Bescheinigung.[\/vc_column_text][\/vc_column_inner][vc_column_inner width=&#8221;1\/2&#8243;][vc_gallery type=&#8221;image_grid&#8221; images=&#8221;137,138,139&#8243;][\/vc_column_inner][\/vc_row_inner][vc_separator][vc_row_inner][vc_column_inner width=&#8221;1\/2&#8243;][vc_column_text]Ein Spezialkurs f\u00fcr die Zubereitung von westlichen Leckerbissen unter der Leitung des Chefkochs und [&hellip;]<\/p>\n","protected":false},"author":3,"featured_media":0,"parent":0,"menu_order":0,"comment_status":"closed","ping_status":"closed","template":"page-templates\/demo-nav-3.php","meta":{"ngg_post_thumbnail":0,"footnotes":""},"class_list":["post-45","page","type-page","status-publish","hentry"],"_links":{"self":[{"href":"https:\/\/talithakumi.ps\/community-college\/wp-json\/wp\/v2\/pages\/45","targetHints":{"allow":["GET"]}}],"collection":[{"href":"https:\/\/talithakumi.ps\/community-college\/wp-json\/wp\/v2\/pages"}],"about":[{"href":"https:\/\/talithakumi.ps\/community-college\/wp-json\/wp\/v2\/types\/page"}],"author":[{"embeddable":true,"href":"https:\/\/talithakumi.ps\/community-college\/wp-json\/wp\/v2\/users\/3"}],"replies":[{"embeddable":true,"href":"https:\/\/talithakumi.ps\/community-college\/wp-json\/wp\/v2\/comments?post=45"}],"version-history":[{"count":4,"href":"https:\/\/talithakumi.ps\/community-college\/wp-json\/wp\/v2\/pages\/45\/revisions"}],"predecessor-version":[{"id":180,"href":"https:\/\/talithakumi.ps\/community-college\/wp-json\/wp\/v2\/pages\/45\/revisions\/180"}],"wp:attachment":[{"href":"https:\/\/talithakumi.ps\/community-college\/wp-json\/wp\/v2\/media?parent=45"}],"curies":[{"name":"wp","href":"https:\/\/api.w.org\/{rel}","templated":true}]}}