{"id":12061,"date":"2023-01-17T19:06:14","date_gmt":"2023-01-17T19:06:14","guid":{"rendered":"http:\/\/talithakumi.ps\/school\/?page_id=12061"},"modified":"2023-02-02T15:50:45","modified_gmt":"2023-02-02T15:50:45","slug":"berufspraktikum","status":"publish","type":"page","link":"https:\/\/talithakumi.ps\/school\/berufspraktikum\/","title":{"rendered":"Berufspraktische Hospitationen in Deutschland"},"content":{"rendered":"<div class=\"wpb-content-wrapper\"><p>[vc_row 0=&#8221;&#8221;][vc_column 0=&#8221;&#8221;][vc_custom_heading text=&#8221;Berufspraktische Hospitationen in Deutschland&#8221; font_container=&#8221;tag:h2|font_size:40|text_align:left&#8221; use_theme_fonts=&#8221;yes&#8221;][vc_empty_space][vc_empty_space][vc_custom_heading text=&#8221;Das Berufspraktikum der Klasse 11D in Deutschland &#8221; font_container=&#8221;tag:h2|font_size:32|text_align:left&#8221; use_theme_fonts=&#8221;yes&#8221;][\/vc_column][\/vc_row][vc_row 0=&#8221;&#8221;][vc_column 0=&#8221;&#8221;][vc_single_image image=&#8221;12067&#8243; img_size=&#8221;600&#215;500&#8243;][\/vc_column][\/vc_row][vc_row 0=&#8221;&#8221;][vc_column 0=&#8221;&#8221;][vc_column_text 0=&#8221;&#8221;]<\/p>\n<h2><strong><u>\u00dcberblick zum Berufspraktikum <\/u><\/strong><\/h2>\n<h3><span style=\"color: #000000\"><strong><em><u>Ziele: <\/u><\/em><\/strong><\/span><\/h3>\n<h3><span style=\"color: #000000\">Das Praktikum in Deutschland verfolgt mehrere Ziele. Dazu geh\u00f6rt bspw. \u2026<\/span><\/h3>\n<ul>\n<li>\n<h3><span style=\"color: #000000\">das Trainieren der deutschen Sprache im Alltag und im Praktikumsbetrieb.<\/span><\/h3>\n<\/li>\n<li>\n<h3><span style=\"color: #000000\">die ausgew\u00e4hlte Fachrichtung kennenlernen um sp\u00e4ter eine fundiertere Entscheidung \u00fcber die eigene Studien- und Berufswahl treffen zu k\u00f6nnen.<\/span><\/h3>\n<\/li>\n<li>\n<h3><span style=\"color: #000000\">das Leben und die Kultur in Deutschland kennenzulernen. Ist Deutschland das Land, in dem ich sp\u00e4ter studieren, vielleicht sogar leben m\u00f6chte?<\/span><\/h3>\n<\/li>\n<\/ul>\n<h3>&nbsp;<\/h3>\n<h3><span style=\"color: #000000\"><strong><em><u>Zeitpunkt und Dauer?<\/u><\/em><\/strong><\/span><\/h3>\n<ul>\n<li>\n<h3><span style=\"color: #000000\">Jahrgangsstufe 11<\/span><\/h3>\n<\/li>\n<li>\n<h3><span style=\"color: #000000\">Das Praktikum findet zu Beginn der Sommerferien statt und dauert i.d.R. 2 Wochen.<\/span><\/h3>\n<\/li>\n<\/ul>\n<h3>&nbsp;<\/h3>\n<h3><span style=\"color: #000000\"><strong><em><u>Wo? <\/u><\/em><\/strong><\/span><\/h3>\n<h3><span style=\"color: #000000\">Talitha Kumi hat Kooperationspartner im Raum Magdeburg und Bitterfeld-Leipzig. Hier bieten verschiedene Firmen und Gemeindeeinrichtungen die M\u00f6glichkeit an, ein Praktikum zu absolvieren (Krankenhaus, Stadtverwaltung, Autohaus, Herstellung medizinischer Produkte, \u2026)<\/span><\/h3>\n<h3>&nbsp;<\/h3>\n<h3><span style=\"color: #000000\"><strong><em><u>Wie wird das Praktikum organisiert?<\/u><\/em><\/strong><\/span><\/h3>\n<ul>\n<li>\n<h3><span style=\"color: #000000\">Ab Februar\/M\u00e4rz werden verschiedene Firmen vorgestellt und in Absprache mit den Sch\u00fclern ausgew\u00e4hlt.<\/span><\/h3>\n<\/li>\n<li>\n<h3><span style=\"color: #000000\">Neben dem Praktikumsplatz wird eine Unterkunft, meistens bei Privatpersonen, organisiert.<\/span><\/h3>\n<\/li>\n<li>\n<h3><span style=\"color: #000000\">Die Schule unterst\u00fctzt bei der Organisation der Visa und Fl\u00fcge.<\/span><\/h3>\n<\/li>\n<\/ul>\n<h3>&nbsp;<\/h3>\n<h3><span style=\"color: #000000\"><strong><em><u>Kosten?<\/u><\/em><\/strong><\/span><\/h3>\n<h3><span style=\"color: #000000\"><strong>&nbsp;<\/strong>Die Sch\u00fcler tragen die anfallenden Kosten selbst.<\/span><\/h3>\n<ul>\n<li>\n<h3><span style=\"color: #000000\">Je nach Haushaltslage versucht die Schule bei der \u00dcbernahme der Reisekosten nach Deutschland und in Deutschland zu unterst\u00fctzen.<\/span><\/h3>\n<\/li>\n<li>\n<h3><span style=\"color: #000000\">Die Unterkunft bei Privatpersonen w\u00e4hrend des Praktikums ist kostenfrei.<\/span><\/h3>\n<\/li>\n<li>\n<h3><span style=\"color: #000000\">Taschengeld muss selbst gestellt werden.<\/span><\/h3>\n<\/li>\n<\/ul>\n<h3>&nbsp;<\/h3>\n<h3><span style=\"color: #000000\"><strong><em><u>Besonderheiten <\/u><\/em><\/strong><\/span><\/h3>\n<h3><span style=\"color: #000000\">Talitha Kumi ist die einzige deutsche Auslandsschule in der Westbank. Wir er\u00f6ffnen mit dem Praktikum die Option f\u00fcr unsere Sch\u00fcler, trotz der stark eingeschr\u00e4nkten Reise- und Bewegungsm\u00f6glichkeiten, eine berufliche Orientierung in Deutschland wahrzunehmen.<\/span><\/h3>\n<h3>&nbsp;<\/h3>\n<h3>&nbsp;<\/h3>\n<h2><span style=\"color: #0000ff\"><strong><u>Erfahrungen der 11D aus dem 2022<\/u><\/strong><\/span><\/h2>\n<h3>&nbsp;<\/h3>\n<h3><span style=\"color: #000000\"><em><u>Caesar &nbsp;&#8211; Praktikum im Autohaus Otto Grimm (Verkauf und Werkstatt)<\/u><\/em><\/span><\/h3>\n<h3><span style=\"color: #000000\">Mein Praktikum in Deutschland war eine der besten Erfahrungen in meinem Leben. Es gab mir die M\u00f6glichkeit, neue Dinge und Menschen kennenzulernen. Ich habe gesehen wie man im Autohaus und in einer Werkstatt arbeitet. Ich habe die wichtigsten Sachen \u00fcber die Reparatur und das Verkaufen von Autos kennengelernt. Nicht vergessen darf man die Gastfreundschaft! Es war echt eine tolle Erfahrung!<\/span><\/h3>\n<h3>&nbsp;<\/h3>\n<h3><span style=\"color: #000000\"><em><u>Dalia (Gesundheitszentrum Bitterfeld-Wolfen)<\/u><\/em><\/span><\/h3>\n<h3><span style=\"color: #000000\">Aufgrund der positiven Erfahrungen die ich w\u00e4hrend der Praktikum sammeln konnte, und&nbsp; wegen der Bedeutung der \u00c4rzte in unserem Leben wollte ich unbedingt in die medizinische Fachrichtung einsteigen. Deswegen habe ich mich&nbsp; auch f\u00fcr das Praktikum in einem Krankenhaus entschieden. W\u00e4hrend des Praktikums konnte ich meine deutsche Sprache stark verbessern und ich habe viele neue deutsche W\u00f6rter gelernt. Dazu geh\u00f6rt sogar medizinische Terminologie und mein Selbstvertrauen durch den Umgang mit Fremden und ihren Problemen ist st\u00e4rker geworden.<\/span><\/h3>\n<h3>&nbsp;<\/h3>\n<h3><span style=\"color: #000000\"><em><u>Fernando (Mibe &#8211; Herstellung medizinischer Produkte)<\/u><\/em><\/span><\/h3>\n<h3><span style=\"color: #000000\">Zur Frage, was mir das Praktikum gebracht hat w\u00fcrde ich sagen, dass mir das Praktikum geholfen hat zu entscheiden, ob mich die Arbeit als&nbsp; Laborant interessiert und ich, zum Bsp. in der Medizinherstellung, arbeiten kann. Es ist mir wie erw\u00e4hnt aufgefallen, dass ich wegen meiner Farbenblindheit und Sehschw\u00e4che dort nicht arbeiten kann.<\/span><\/h3>\n<h3><span style=\"color: #000000\">Au\u00dferdem habe ich noch einen Einblick in das Leben in Deutschland und das Denken der Leute bekommen.<\/span><\/h3>\n<h3><span style=\"color: #000000\">Unter anderem haben sich auch meine Sprachkenntnisse erweitert.<\/span><\/h3>\n<h3>&nbsp;<\/h3>\n<h3><span style=\"color: #000000\"><em><u>Philip (Architekturb\u00fcro)<\/u><\/em><\/span><\/h3>\n<h3><span style=\"color: #000000\">Im Praktikum habe ich neue Menschen kennengelernt. Diese Menschen haben mir sehr viel mit der Arbeit im Planungsb\u00fcro geholfen. Ich habe viele Seiten der Arbeit in einem Planungsb\u00fcro gesehen. Ich hab alle Erfahrungen und Situationen erlebt, die ein Architekt erleben kann. Meine deutsche Sprache hat sich verbessert, da ich immer Deutsch gesprochen habe. Ich hab auch gelernt immer p\u00fcnktlich zu kommen und je p\u00fcnktlicher man ist, desto mehr Aufgaben k\u00f6nnen bearbeitet werden.<\/span><\/h3>\n<h3>&nbsp;<\/h3>\n<h3><span style=\"color: #000000\"><em><u>Lamar (Gesundheitszentrum Bitterfeld Wolfen)<\/u><\/em><\/span><\/h3>\n<h3><span style=\"color: #000000\">Das Praktikum war ein Beispiel f\u00fcr einen Lebensstil, den ich in Zukunft leben will.&nbsp; Es hat mir nicht nur das praktische Leben gezeigt, sondern auch die menschliche und praktische Verantwortung, die ich mein ganzes Leben lang als \u00c4rztin im Beruf und au\u00dferhalb der Arbeit tragen m\u00f6chte. Mir wurde auch der Weg bewusst mit den Schwierigkeiten und Verantwortlichkeiten, den ich gehen muss um dieses Leben zu erreichen.<\/span><\/h3>\n<h3>&nbsp;<\/h3>\n<h3><span style=\"color: #000000\">Einer unserer Sch\u00fcler (Nicola Amro) besuchte im Rahmen seines Praktikums auch den Landtagspr\u00e4sidenten Sachsen-Anhalts, Herrn Dr. Schellenberger. Einen Bericht dazu finden Sie auf der Homepage des Landtages Sachsen-Anhalt.<\/span><\/h3>\n<h3>&nbsp;<\/h3>\n<h3><span style=\"color: #0000ff\"><a style=\"color: #0000ff\" href=\"https:\/\/www.landtag.sachsen-anhalt.de\/schuelerpraktikant-auf-landtagsspuren\" target=\"_blank\" rel=\"noopener\">\u21d2Sch\u00fclerpraktikant auf Landtagsspuren<\/a><\/span><\/h3>\n<h3>&nbsp;<\/h3>\n<p>[\/vc_column_text][vc_single_image image=&#8221;12084&#8243; img_size=&#8221;450&#215;350&#8243; style=&#8221;vc_box_shadow_border&#8221; title=&#8221;Landtagspr\u00e4sident Dr. Gunnar Schellenberger (l.) begr\u00fc\u00dft Nicola Amro&#8221;][vc_separator color=&#8221;peacoc&#8221; border_width=&#8221;2&#8243;][vc_column_text 0=&#8221;&#8221;]<\/p>\n<h3><strong><em><u>Auswahl von Betrieben, in denen unsere Sch\u00fcler\/innen ihr Praktikum absolviert haben.<\/u><\/em><\/strong><\/h3>\n<h3><strong><u> Wir bedanken uns recht herzlich f\u00fcr Ihre Unterst\u00fctzung!<\/u><\/strong><\/h3>\n<h3>&nbsp;<\/h3>\n<h3>Das Gesundheitszentrum Bitterfeld-Wolfen<\/h3>\n<h3><a href=\"https:\/\/www.gzbiwo.de\">https:\/\/www.gzbiwo.de<\/a><\/h3>\n<h3>&nbsp;<\/h3>\n<h3>Das Autohaus Otto Grimm in Sandersdorf-Brehna<\/h3>\n<h3><a href=\"https:\/\/www.otto-grimm.de\/Start.html\">https:\/\/www.otto-grimm.de\/Start.html<\/a><\/h3>\n<h3>&nbsp;<\/h3>\n<h3>ProSoft Krippner in Leipzig<\/h3>\n<h3><a href=\"https:\/\/www.prosoft-krippner.com\">https:\/\/www.prosoft-krippner.com<\/a><\/h3>\n<h3>&nbsp;<\/h3>\n<h3>Firma Mibe, Standort Sandersdorf<\/h3>\n<h3><a href=\"https:\/\/www.mibe.de\">https:\/\/www.mibe.de<\/a><\/h3>\n<p>[\/vc_column_text][vc_separator color=&#8221;peacoc&#8221; border_width=&#8221;2&#8243;][vc_video link=&#8221;https:\/\/youtu.be\/auiXCDS0Fjw&#8221; el_width=&#8221;60&#8243; align=&#8221;center&#8221; title=&#8221;Spendenaufruf der Klasse 11 f\u00fcr das Praktikum in Deutschland&#8221;][vc_separator color=&#8221;peacoc&#8221; border_width=&#8221;2&#8243;][\/vc_column][\/vc_row][vc_row 0=&#8221;&#8221;][vc_column width=&#8221;1\/2&#8243;][vc_single_image image=&#8221;12074&#8243; img_size=&#8221;medium&#8221; style=&#8221;vc_box_shadow_3d&#8221; title=&#8221;Rena im Team der Physiotherapie &#8220;][\/vc_column][vc_column width=&#8221;1\/2&#8243;][vc_single_image image=&#8221;12075&#8243; img_size=&#8221;medium&#8221; style=&#8221;vc_box_shadow_3d&#8221; title=&#8221;Dalia, Dina, Cynthia und Lamar&#8221;][\/vc_column][\/vc_row][vc_row 0=&#8221;&#8221;][vc_column 0=&#8221;&#8221;][vc_separator color=&#8221;peacoc&#8221; border_width=&#8221;2&#8243;][vc_row_inner 0=&#8221;&#8221;][vc_column_inner 0=&#8221;&#8221;][\/vc_column_inner][\/vc_row_inner][\/vc_column][\/vc_row][vc_row 0=&#8221;&#8221;][vc_column width=&#8221;1\/2&#8243;][vc_custom_heading text=&#8221;Unterlagen zum Praktikum&#8221; use_theme_fonts=&#8221;yes&#8221;][vc_btn title=&#8221;Beispiel eines Praktikumsvertrages&#8221; style=&#8221;3d&#8221; shape=&#8221;round&#8221; color=&#8221;turquoise&#8221; size=&#8221;lg&#8221; link=&#8221;url:http%3A%2F%2Ftalithakumi.ps%2Fschool%2Fwp-content%2Fuploads%2Fsites%2F2%2F2023%2F01%2FPraktikumsvertrag-Mibe.pdf|title:Beispiel%20eines%20Praktikumsvertrages|target:%20_blank|rel:nofollow&#8221;][vc_separator color=&#8221;peacoc&#8221; border_width=&#8221;2&#8243;][\/vc_column][vc_column width=&#8221;1\/2&#8243;][\/vc_column][\/vc_row][vc_row 0=&#8221;&#8221;][vc_column 0=&#8221;&#8221;][vc_custom_heading text=&#8221;Sch\u00fcler\/innen stellen ihren Praktikumsplatz vor &#8221; font_container=&#8221;tag:h2|font_size:26|text_align:left&#8221; use_theme_fonts=&#8221;yes&#8221;][vc_btn title=&#8221;Gesundheitszentrum Bitterfeld&#8221; style=&#8221;3d&#8221; shape=&#8221;round&#8221; color=&#8221;turquoise&#8221; size=&#8221;lg&#8221; link=&#8221;url:https%3A%2F%2Fcloud.talithakumi.ps%2Findex.php%2Fs%2FGMyiWmzjYXDRRHN|title:Infos%20zum%20Gesundheitszentrum%20Bitterfeld|target:%20_blank|rel:nofollow&#8221;][vc_btn title=&#8221;Das Praktikum in Magdeburg&#8221; style=&#8221;3d&#8221; shape=&#8221;round&#8221; color=&#8221;turquoise&#8221; size=&#8221;lg&#8221; link=&#8221;url:https%3A%2F%2Fcloud.talithakumi.ps%2Findex.php%2Fs%2FHKHEj2MS6EJAgY6|title:Das%20Praktikum%20in%20Magdeburg|target:%20_blank|rel:nofollow&#8221;][\/vc_column][\/vc_row]<\/p>\n<\/div>","protected":false},"excerpt":{"rendered":"<p>[vc_row 0=&#8221;&#8221;][vc_column 0=&#8221;&#8221;][vc_custom_heading text=&#8221;Berufspraktische Hospitationen in Deutschland&#8221; font_container=&#8221;tag:h2|font_size:40|text_align:left&#8221; use_theme_fonts=&#8221;yes&#8221;][vc_empty_space][vc_empty_space][vc_custom_heading text=&#8221;Das Berufspraktikum der Klasse 11D in Deutschland &#8221; font_container=&#8221;tag:h2|font_size:32|text_align:left&#8221; use_theme_fonts=&#8221;yes&#8221;][\/vc_column][\/vc_row][vc_row 0=&#8221;&#8221;][vc_column 0=&#8221;&#8221;][vc_single_image image=&#8221;12067&#8243; img_size=&#8221;600&#215;500&#8243;][\/vc_column][\/vc_row][vc_row 0=&#8221;&#8221;][vc_column 0=&#8221;&#8221;][vc_column_text 0=&#8221;&#8221;] \u00dcberblick zum Berufspraktikum Ziele: Das Praktikum in Deutschland verfolgt mehrere Ziele. Dazu geh\u00f6rt bspw. \u2026 das Trainieren der deutschen Sprache im Alltag und im Praktikumsbetrieb. die ausgew\u00e4hlte Fachrichtung kennenlernen [&hellip;]<\/p>\n","protected":false},"author":3,"featured_media":0,"parent":0,"menu_order":0,"comment_status":"closed","ping_status":"closed","template":"page-templates\/demo-nav-3.php","meta":{"footnotes":""},"class_list":["post-12061","page","type-page","status-publish","hentry"],"_links":{"self":[{"href":"https:\/\/talithakumi.ps\/school\/wp-json\/wp\/v2\/pages\/12061","targetHints":{"allow":["GET"]}}],"collection":[{"href":"https:\/\/talithakumi.ps\/school\/wp-json\/wp\/v2\/pages"}],"about":[{"href":"https:\/\/talithakumi.ps\/school\/wp-json\/wp\/v2\/types\/page"}],"author":[{"embeddable":true,"href":"https:\/\/talithakumi.ps\/school\/wp-json\/wp\/v2\/users\/3"}],"replies":[{"embeddable":true,"href":"https:\/\/talithakumi.ps\/school\/wp-json\/wp\/v2\/comments?post=12061"}],"version-history":[{"count":5,"href":"https:\/\/talithakumi.ps\/school\/wp-json\/wp\/v2\/pages\/12061\/revisions"}],"predecessor-version":[{"id":12108,"href":"https:\/\/talithakumi.ps\/school\/wp-json\/wp\/v2\/pages\/12061\/revisions\/12108"}],"wp:attachment":[{"href":"https:\/\/talithakumi.ps\/school\/wp-json\/wp\/v2\/media?parent=12061"}],"curies":[{"name":"wp","href":"https:\/\/api.w.org\/{rel}","templated":true}]}}