{"id":124,"date":"2017-04-12T15:25:41","date_gmt":"2017-04-12T15:25:41","guid":{"rendered":"http:\/\/www.switch.ps\/talitha\/school\/?page_id=124"},"modified":"2017-05-19T19:34:19","modified_gmt":"2017-05-19T19:34:19","slug":"faq","status":"publish","type":"page","link":"https:\/\/talithakumi.ps\/school\/faq\/","title":{"rendered":"H\u00e4ufig gestellte Fragen (FAQ)"},"content":{"rendered":"<div class=\"wpb-content-wrapper\"><p>[vc_row content_placement=&#8221;top&#8221; u_row_style=&#8221;0&#8243; u_row_paralax=&#8221;0&#8243; u_row_scheme=&#8221;0&#8243;][vc_column][vc_custom_heading text=&#8221;H\u00e4ufig gestellte Fragen (FAQ)&#8221; font_container=&#8221;tag:h2|font_size:35|text_align:center|color:%237f0909&#8243; use_theme_fonts=&#8221;yes&#8221;][\/vc_column][\/vc_row][vc_row u_row_style=&#8221;0&#8243; u_row_paralax=&#8221;0&#8243; u_row_scheme=&#8221;0&#8243;][vc_column css=&#8221;.vc_custom_1494656041557{padding-top: 25px !important;padding-right: 25px !important;padding-bottom: 25px !important;padding-left: 25px !important;background-color: #f9f9e0 !important;}&#8221;][vc_tta_accordion shape=&#8221;square&#8221; gap=&#8221;10&#8243; c_icon=&#8221;chevron&#8221; active_section=&#8221;0&#8243; collapsible_all=&#8221;true&#8221;][vc_tta_section title=&#8221;1.Tragen die Sch\u00fcler in Talitha eine Schuluniform?&#8221; tab_id=&#8221;1492163280974-e845cb83-8c66&#8243;][vc_column_text]Wir erwarten, dass alle Sch\u00fclerinnen und Sch\u00fcler eine Schuluniform tragen. Die Schuluniform besteht aus einem blauen T-Shirt oder einen blauen Strickjacke mit einer grauen Hose. Die Schuluniformen sind in der Schule im Uniform-Shop neben dem Schulsekretariat erh\u00e4ltlich. \u00d6ffnungszeiten des Uniform-Shop.<\/p>\n<p><span style=\"color: #800000;\"><a style=\"color: #800000;\" href=\"http:\/\/talithakumi.ps\/school\/schulmaterial\/\">Hier geht es zum Schulmaterial!<\/a><\/span>[\/vc_column_text][\/vc_tta_section][vc_tta_section title=&#8221;2. Darf mein Kind Schmuck tragen?&#8221; tab_id=&#8221;1492163281006-cee45293-7dd0&#8243;][vc_column_text]Aus Sicherheitsgr\u00fcnden soll kein Schmuck in der Schule getragen werden. Die Sch\u00fcler k\u00f6nnen eine Armbanduhr tragen. Die Sch\u00fcler k\u00f6nnen kleine Ohrringe tragen. Diese werden im Sportunterricht entfernt.[\/vc_column_text][\/vc_tta_section][vc_tta_section title=&#8221;3. Wann ist die Pause?&#8221; tab_id=&#8221;1492163343851-4f39f3f5-d723&#8243;][vc_column_text]F\u00fcr die Grundschule (1 \u2013 4) und die Klasse 5 ist die gro\u00dfe Pause von 10.10 bis 10.35 und f\u00fcr die oberen Klassen (6 \u2013 12) ist die gro\u00dfe Pause von 11.00 bis 11.25. Eine Schulkatine verkauft gesundes Essen an die Sch\u00fcler.[\/vc_column_text][\/vc_tta_section][vc_tta_section title=&#8221;4. Was soll ich machen, wenn es meinem Kind nicht gut geht?&#8221; tab_id=&#8221;1492163361740-0dc9f3bd-482b&#8221;][vc_column_text]Wenn es Ihrem Kind nicht gut geht, dann soll es zu Hause bleiben. Eltern m\u00fcssen morgens in der Schule anrufen und Bescheid sagen, dass ihr Kind nicht zur Schule kommt.[\/vc_column_text][\/vc_tta_section][vc_tta_section title=&#8221;5. Was passiert, wenn mein Kind einen Unfall in der Schule hat?&#8221; tab_id=&#8221;1492163381406-718272e0-5d74&#8243;][vc_column_text]Leider haben Kinder manchmal Unf\u00e4lle in der Schule oder f\u00fchlen sich pl\u00f6tzlich schlecht. Wir m\u00fcssen Sie in diesem Fall erreichen k\u00f6nnen. Bitte stellen Sie sicher, dass wir Ihre aktuelle Kontakttelefonnummern haben. Teilen Sie uns umgehend mit, wenn sich Ihre Kontaktdaten \u00e4ndern.[\/vc_column_text][\/vc_tta_section][vc_tta_section title=&#8221;6. Wann beginnt der Schultag?&#8221; tab_id=&#8221;1492163398860-d90b0e2a-6f86&#8243;][vc_column_text]Jeder Sch\u00fcler muss um 7.15 in seiner Klasse sein. Die Morgenandacht findet von 7.25 bis 7.40 in der Kirche statt. Die 1. Stunde beginnt p\u00fcnktlich um 7.45. Die Schulgemeinschaft von Talitha Kumi legt gro\u00dfen Wert darauf, dass die Sch\u00fcler gute Gewohnheiten entwickeln; dazu geh\u00f6rt unbedingt, dass sie&nbsp; jeden Tag p\u00fcnktlich sind.[\/vc_column_text][\/vc_tta_section][vc_tta_section title=&#8221;7. Wann ist Elternsprechstunde?&#8221; tab_id=&#8221;1492163418370-0783725f-d5ba&#8221;][vc_column_text]Die Lehrer sind w\u00e4hrend des Schultages mit ihren Unterrrichtsstunden besch\u00e4ftigt. Bitte richten Sie sich nach den von der Schule festgelegten Elternsprechstunden. Die Lehrer werden bereitwillig mit Ihnen besondere Termine vereinbaren, wenn Sie ein l\u00e4ngeres Gespr\u00e4ch w\u00fcnschen.[\/vc_column_text][\/vc_tta_section][vc_tta_section title=&#8221;8. Hat die Schule AGs?&#8221; tab_id=&#8221;1492163449997-d9c6e1a6-a051&#8243;][vc_column_text]Wir haben f\u00fcr Ihre Kinder eine gro\u00dfe Auswahl an Arbeitsgemeinschaften (AGs) wie MUN, Sport (z.B. Klettern), Debattieren, Kunst, Chor, Deutschunterricht und verschiedene weitere&nbsp; AGs , die Sie auf unserer Website abrufen k\u00f6nnen.[\/vc_column_text][\/vc_tta_section][vc_tta_section title=&#8221;9. Hat die Schule einen Sch\u00fclerbeirat?&#8221; tab_id=&#8221;1492163471476-128e5fcd-79a1&#8243;][vc_column_text]Nat\u00fcrlich. Sch\u00fcler werden von ihren Klassenkameraden zum Sch\u00fclerbeirat gew\u00e4hlt. Der Sch\u00fclerbeirat trifft sich regelm\u00e4\u00dfig und diskutiert eine Reihe von Sch\u00fclerangelegenheiten.<\/p>\n<p><span style=\"color: #800000;\"><a style=\"color: #800000;\" href=\"http:\/\/talithakumi.ps\/school\/information-schulerbeirat\/\">Hier geht es zum Sch\u00fclerbeirat!<\/a><\/span>[\/vc_column_text][\/vc_tta_section][vc_tta_section title=&#8221;10. Was soll ich machen, wenn ich \u00fcber den Entwicklungsprozess meines Kindes besorgt bin?&#8221; tab_id=&#8221;1492163492581-538ac84f-b31c&#8221;][vc_column_text]Fragen Sie nach einem Termin, um mit dem Klassenlehrer\/ der Klassenlehrerin \u00fcber Ihre Anliegen zu sprechen. Wenn Sie weiterhin besorgt sind, suchen Sie das Gespr\u00e4ch mit der Sozialarbeiterin, dem Vize-Schulleiter oder dem Schulleiter.[\/vc_column_text][\/vc_tta_section][\/vc_tta_accordion][\/vc_column][\/vc_row]<\/p>\n<\/div>","protected":false},"excerpt":{"rendered":"<p>[vc_row content_placement=&#8221;top&#8221; u_row_style=&#8221;0&#8243; u_row_paralax=&#8221;0&#8243; u_row_scheme=&#8221;0&#8243;][vc_column][vc_custom_heading text=&#8221;H\u00e4ufig gestellte Fragen (FAQ)&#8221; font_container=&#8221;tag:h2|font_size:35|text_align:center|color:%237f0909&#8243; use_theme_fonts=&#8221;yes&#8221;][\/vc_column][\/vc_row][vc_row u_row_style=&#8221;0&#8243; u_row_paralax=&#8221;0&#8243; u_row_scheme=&#8221;0&#8243;][vc_column css=&#8221;.vc_custom_1494656041557{padding-top: 25px !important;padding-right: 25px !important;padding-bottom: 25px !important;padding-left: 25px !important;background-color: #f9f9e0 !important;}&#8221;][vc_tta_accordion shape=&#8221;square&#8221; gap=&#8221;10&#8243; c_icon=&#8221;chevron&#8221; active_section=&#8221;0&#8243; collapsible_all=&#8221;true&#8221;][vc_tta_section title=&#8221;1.Tragen die Sch\u00fcler in Talitha eine Schuluniform?&#8221; tab_id=&#8221;1492163280974-e845cb83-8c66&#8243;][vc_column_text]Wir erwarten, dass alle Sch\u00fclerinnen und Sch\u00fcler eine Schuluniform tragen. Die Schuluniform besteht aus einem blauen T-Shirt oder [&hellip;]<\/p>\n","protected":false},"author":2,"featured_media":0,"parent":0,"menu_order":0,"comment_status":"closed","ping_status":"closed","template":"page-templates\/demo-nav-3.php","meta":{"footnotes":""},"class_list":["post-124","page","type-page","status-publish","hentry"],"_links":{"self":[{"href":"https:\/\/talithakumi.ps\/school\/wp-json\/wp\/v2\/pages\/124","targetHints":{"allow":["GET"]}}],"collection":[{"href":"https:\/\/talithakumi.ps\/school\/wp-json\/wp\/v2\/pages"}],"about":[{"href":"https:\/\/talithakumi.ps\/school\/wp-json\/wp\/v2\/types\/page"}],"author":[{"embeddable":true,"href":"https:\/\/talithakumi.ps\/school\/wp-json\/wp\/v2\/users\/2"}],"replies":[{"embeddable":true,"href":"https:\/\/talithakumi.ps\/school\/wp-json\/wp\/v2\/comments?post=124"}],"version-history":[{"count":5,"href":"https:\/\/talithakumi.ps\/school\/wp-json\/wp\/v2\/pages\/124\/revisions"}],"predecessor-version":[{"id":1931,"href":"https:\/\/talithakumi.ps\/school\/wp-json\/wp\/v2\/pages\/124\/revisions\/1931"}],"wp:attachment":[{"href":"https:\/\/talithakumi.ps\/school\/wp-json\/wp\/v2\/media?parent=124"}],"curies":[{"name":"wp","href":"https:\/\/api.w.org\/{rel}","templated":true}]}}