{"id":12690,"date":"2024-07-12T08:45:42","date_gmt":"2024-07-12T08:45:42","guid":{"rendered":"https:\/\/talithakumi.ps\/school\/?page_id=12690"},"modified":"2024-07-12T09:01:30","modified_gmt":"2024-07-12T09:01:30","slug":"sozialarbeit-2","status":"publish","type":"page","link":"https:\/\/talithakumi.ps\/school\/sozialarbeit-2\/","title":{"rendered":"Sozialarbeit"},"content":{"rendered":"\n<h1 class=\"wp-block-heading has-text-align-center\"><\/h1>\n\n\n\n<p class=\"has-medium-font-size\">Beratung ist ein wichtiger Aspekt des Bildungsprozesses. Sie zielt darauf ab, den Sch\u00fclern, die in ihrer Ausbildung oder ihrem Leben straucheln, zu helfen, damit sie sich positiv voranbringen und ihre gew\u00fcnschten Ziele erreichen k\u00f6nnen, indem ihnen spezifische Dienste angeboten werden, individuell oder innerhalb einer Gruppe. So werden sie in der Lage sein, ihre sozialen und psychischen Probleme zu \u00fcberwinden, Schwierigkeiten, die ihnen im Wege stehen, zu beseitigen oder anzupassen und ihren Beitrag zum Gemeinschaftsleben zu leisten. Ferner dient die Sozialberatung dazu, das Selbstvertrauen zu st\u00e4rken und so das akademische Niveau der Lernenden zu heben. Dies alles unterst\u00fctzt die Schule, ihre p\u00e4dagogischen und Bildungsziele zu erreichen.<br>In Talitha Kumi Schule gibt es eine Sozialberaterin \/ Soziologin f\u00fcr die Primarstufe von der ersten bis zur sechsten Klasse und eine zweite Spezialistin f\u00fcr die h\u00f6heren Klassen von 7 bis 12. Die Angelegenheiten des Kindergartens teilen sich beide.<br>Die Bandbreite dessen, was die zwei Sozialfachkr\u00e4fte in der Schule tun, ist gro\u00df. Hier eine Auswahl ihrer T\u00e4tigkeiten:<\/p>\n\n\n\n<ol class=\"wp-block-list\">\n<li class=\"has-medium-font-size\">Individuelle Sitzungen f\u00fcr die Sch\u00fcler mit dem Ziel, psychische Entlastungen und \u201eEntladungen\u201c zu bewirken und ihnen zu helfen, L\u00f6sungen f\u00fcr einige psychologische, soziale oder akademische Probleme zu finden, damit sie beim Lernen Fortschritte machen k\u00f6nnen.<\/li>\n\n\n\n<li class=\"has-medium-font-size\">Gruppensitzungen: Manchmal werden Gruppenbesprechungen f\u00fcr eine, im Hinblick auf Alter und Probleme homogene Gruppe von Sch\u00fclern gehalten, um das Problem gemeinsam zu besprechen, Erfahrungen auszutauschen und\/oder gemeinsame L\u00f6sungen zu finden.<\/li>\n\n\n\n<li class=\"has-medium-font-size\">Aufkl\u00e4rungssitzungen: Aufkl\u00e4rungssitzungen werden, je nach Bedarf, f\u00fcr jede Bildungsstufe organisiert und gehalten.<\/li>\n\n\n\n<li class=\"has-medium-font-size\">Begleitung des akademischen Standes der Sch\u00fcler durch:<br>\u2022 Bestimmung jener Sch\u00fcler, die Lernschwierigkeiten haben, und Begleitung der einzelnen F\u00e4lle, nachdem man sie durch einen Spezialisten f\u00fcr Lernprobleme diagnozieren l\u00e4sst. Die F\u00e4lle werden in der Schule und, soweit m\u00f6glich, im Elternhaus weiterverfolgt.<br>\u2022 Entwicklung eines Studienplans f\u00fcr einige Sch\u00fcler, die ihre Zeit f\u00fcr bessere akademische Leistungen nicht richtig planen k\u00f6nnen.<\/li>\n\n\n\n<li class=\"has-medium-font-size\">Treffen mit den Eltern, um den Status ihrer Kinder einzeln oder manchmal in Gruppen zu besprechen.<\/li>\n\n\n\n<li class=\"has-medium-font-size\">Durchf\u00fchrung von Seminaren \/ Workshops, um Eltern \u00fcber Themen zu informieren, die f\u00fcr ihre Kinder in einem bestimmten Stadium wichtig sind.<\/li>\n\n\n\n<li class=\"has-medium-font-size\">Entwicklung eines Berufsberatungsprogramms f\u00fcr die h\u00f6here Bildungsstufe. Dies umfasst kollektive Berufsberatung \u00fcber Neigungen, Vorlieben und F\u00e4higkeiten der Sch\u00fcler, bestimmte, verf\u00fcgbare Berufe zu erlernen, damit sie das passende Studium, bzw. den passenden Beruf w\u00e4hlen k\u00f6nnen. Ferner werden diesbez\u00fcglich Berufsberatungen und Tests von einem Spezialisten durchgef\u00fchrt, damit der Obersch\u00fcler sein k\u00fcnftiges Berufsfeld und den entsprechenden Beruf noch n\u00e4her kennenlernen kann.<\/li>\n<\/ol>\n\n\n","protected":false},"excerpt":{"rendered":"<p>Beratung ist ein wichtiger Aspekt des Bildungsprozesses. Sie zielt darauf ab, den Sch\u00fclern, die in ihrer Ausbildung oder ihrem Leben straucheln, zu helfen, damit sie sich positiv voranbringen und ihre gew\u00fcnschten Ziele erreichen k\u00f6nnen, indem ihnen spezifische Dienste angeboten werden, individuell oder innerhalb einer Gruppe. So werden sie in der Lage sein, ihre sozialen und [&hellip;]<\/p>\n","protected":false},"author":3,"featured_media":0,"parent":0,"menu_order":0,"comment_status":"closed","ping_status":"closed","template":"","meta":{"footnotes":""},"class_list":["post-12690","page","type-page","status-publish","hentry"],"_links":{"self":[{"href":"https:\/\/talithakumi.ps\/school\/wp-json\/wp\/v2\/pages\/12690","targetHints":{"allow":["GET"]}}],"collection":[{"href":"https:\/\/talithakumi.ps\/school\/wp-json\/wp\/v2\/pages"}],"about":[{"href":"https:\/\/talithakumi.ps\/school\/wp-json\/wp\/v2\/types\/page"}],"author":[{"embeddable":true,"href":"https:\/\/talithakumi.ps\/school\/wp-json\/wp\/v2\/users\/3"}],"replies":[{"embeddable":true,"href":"https:\/\/talithakumi.ps\/school\/wp-json\/wp\/v2\/comments?post=12690"}],"version-history":[{"count":5,"href":"https:\/\/talithakumi.ps\/school\/wp-json\/wp\/v2\/pages\/12690\/revisions"}],"predecessor-version":[{"id":12703,"href":"https:\/\/talithakumi.ps\/school\/wp-json\/wp\/v2\/pages\/12690\/revisions\/12703"}],"wp:attachment":[{"href":"https:\/\/talithakumi.ps\/school\/wp-json\/wp\/v2\/media?parent=12690"}],"curies":[{"name":"wp","href":"https:\/\/api.w.org\/{rel}","templated":true}]}}