{"id":1409,"date":"2017-05-03T17:23:41","date_gmt":"2017-05-03T17:23:41","guid":{"rendered":"http:\/\/talithakumi.ps\/school\/?page_id=1409"},"modified":"2025-09-16T11:18:20","modified_gmt":"2025-09-16T11:18:20","slug":"personal","status":"publish","type":"page","link":"https:\/\/talithakumi.ps\/school\/personal\/","title":{"rendered":"Gremien"},"content":{"rendered":"<div class=\"wpb-content-wrapper\"><p>[vc_row content_placement=&#8221;top&#8221; u_row_style=&#8221;1&#8243; u_row_paralax=&#8221;0&#8243; u_row_scheme=&#8221;0&#8243;][vc_column css=&#8221;.vc_custom_1593843810749{background-color: #ffffff !important;}&#8221;][vc_custom_heading text=&#8221;Die Schulgremien in Talitha Kumi&#8221; font_container=&#8221;tag:h1|font_size:36|text_align:center|color:%230ec4f2&#8243; use_theme_fonts=&#8221;yes&#8221;][vc_separator color=&#8221;white&#8221; border_width=&#8221;2&#8243; css=&#8221;&#8221;][\/vc_column][\/vc_row][vc_row u_row_style=&#8221;0&#8243; u_row_paralax=&#8221;0&#8243; u_row_scheme=&#8221;0&#8243;][vc_column][vc_custom_heading text=&#8221;Schulverwaltungsrat (School Board)&#8221; font_container=&#8221;tag:h1|text_align:left|color:%23ffffff&#8221; use_theme_fonts=&#8221;yes&#8221; css=&#8221;.vc_custom_1727862323530{padding-top: 10px !important;padding-right: 10px !important;padding-bottom: 10px !important;padding-left: 10px !important;background-color: #5fc103 !important;}&#8221;][vc_custom_heading text=&#8221;Vorsitzender des Schulverwaltungsrats&#8221; font_container=&#8221;tag:h3|text_align:left&#8221; use_theme_fonts=&#8221;yes&#8221;][vc_column_text]<\/p>\n<h3><strong><span style=\"color: #000000\">Dr. Simon Kuntze<\/span><\/strong><\/h3>\n<p>[\/vc_column_text][vc_single_image image=&#8221;12496&#8243; style=&#8221;vc_box_border&#8221;][vc_custom_heading text=&#8221;Mitglieder des Schulverwaltungsrats&#8221; font_container=&#8221;tag:h3|text_align:left&#8221; use_theme_fonts=&#8221;yes&#8221;][vc_column_text css=&#8221;&#8221;]<\/p>\n<h4><span style=\"color: #000000;\"><span style=\"color: #800000;\">Stellvertretender Vorsitzender:<\/span> Bischof Ibrahim Azar<\/span><\/h4>\n<h4><span style=\"color: #000000;\"><span style=\"color: #800000;\">Andere stimmberechtigte Mitglieder:<\/span> Dr. Magdalena Stachura, Propst Joachim Lenz, Christiane Behnken und Dr. Ghada Asfour.<\/span><\/h4>\n<h4><span style=\"color: #000000;\"><span style=\"color: #800000;\">Beratende Mitglieder:<\/span> Birger Reese, Laura Bishara, Vivian Huzaineh, Eva Azar und Christian K\u00fcsters.<\/span><\/h4>\n<p>[\/vc_column_text][vc_custom_heading text=&#8221;Schulkonferenz (School Conference)&#8221; font_container=&#8221;tag:h1|text_align:left|color:%23ffffff&#8221; use_theme_fonts=&#8221;yes&#8221; css=&#8221;.vc_custom_1727862832386{padding-top: 10px !important;padding-right: 10px !important;padding-bottom: 10px !important;padding-left: 10px !important;background-color: #5fc103 !important;}&#8221;][vc_custom_heading text=&#8221;Mitglieder der Schulkonferenz&#8221; font_container=&#8221;tag:h3|text_align:left&#8221; use_theme_fonts=&#8221;yes&#8221;][vc_column_text css=&#8221;&#8221;]<\/p>\n<h4><span style=\"color: #000000;\"><span style=\"color: #800000;\">Vertreter\/innen der Schulleitung:<\/span> Birger Reese und Laura Bishara<\/span><\/h4>\n<h4><span style=\"color: #000000;\"><span style=\"color: #800000;\">Vertreterin des Schulverwaltungsrates:<\/span> Dr. Ghada Asfour<\/span><\/h4>\n<h4><span style=\"color: #000000;\"><span style=\"color: #800000;\">Vertreter\/innen der Eltern:<\/span> Ghadeer Hirzallah, Muhannad Ellayan und Hiba Asaad<\/span><\/h4>\n<h4><span style=\"color: #000000;\"><span style=\"color: #800000;\">Vertreter\/innen des Kollegiums:<\/span> Michael Schneider, Suad Kattan und Rania Salsaa.<\/span><\/h4>\n<h4><span style=\"color: #000000;\"><span style=\"color: #800000;\">Vertreter\/innen der Sch\u00fcler\/innen:<\/span> Said Zahran, Sidra Abu Ghosh und Ashraf Qdemat<\/span><\/h4>\n<p>[\/vc_column_text][vc_custom_heading text=&#8221;Schulleitung&#8221; font_container=&#8221;tag:h1|text_align:left|color:%23ffffff&#8221; use_theme_fonts=&#8221;yes&#8221; css=&#8221;.vc_custom_1727862845301{padding-top: 10px !important;padding-right: 10px !important;padding-bottom: 10px !important;padding-left: 10px !important;background-color: #5fc103 !important;}&#8221;][vc_row_inner equal_height=&#8221;yes&#8221;][vc_column_inner width=&#8221;1\/4&#8243;][vc_custom_heading text=&#8221;Deutscher Schulleiter&#8221; font_container=&#8221;tag:h3|text_align:left&#8221; use_theme_fonts=&#8221;yes&#8221; css=&#8221;&#8221;][vc_column_text]<\/p>\n<h3><span style=\"color: #000000\"><strong>Birger Reese<\/strong><\/span><\/h3>\n<p>Email: <strong><a href=\"mailto:director@talithakumi.org\">director@talithakumi.org<\/a><\/strong>[\/vc_column_text][vc_single_image image=&#8221;13234&#8243; add_caption=&#8221;yes&#8221; style=&#8221;vc_box_border&#8221; css=&#8221;&#8221;][\/vc_column_inner][vc_column_inner width=&#8221;1\/4&#8243;][vc_custom_heading text=&#8221;Pal\u00e4stinensische Schulleiterin&#8221; font_container=&#8221;tag:h3|text_align:left&#8221; use_theme_fonts=&#8221;yes&#8221;][vc_column_text]<\/p>\n<h3><span style=\"color: #000000\"><strong>Laura Bishara<\/strong><\/span><\/h3>\n<p>Email: <strong><a href=\"mailto:paldirector@talithakumi.org\">paldirector@talithakumi.org<\/a><\/strong>[\/vc_column_text][vc_single_image image=&#8221;12531&#8243; add_caption=&#8221;yes&#8221; style=&#8221;vc_box_border&#8221;][\/vc_column_inner][vc_column_inner width=&#8221;1\/4&#8243;][vc_custom_heading text=&#8221;Deutscher stellvertretender Schulleiter&#8221; font_container=&#8221;tag:h3|text_align:left&#8221; use_theme_fonts=&#8221;yes&#8221;][vc_column_text]<\/p>\n<h3><span style=\"color: #000000\">&nbsp;<strong>J\u00f6rg B\u00fchler<\/strong><\/span><\/h3>\n<p>Email: <strong><a href=\"mailto:stellvertretung@talithakumi.org\">stellvertretung@talithakumi.org<\/a><\/strong>[\/vc_column_text][vc_single_image image=&#8221;12493&#8243; style=&#8221;vc_box_border&#8221;][\/vc_column_inner][vc_column_inner width=&#8221;1\/4&#8243;][vc_custom_heading text=&#8221;Verwaltungsleiterin&#8221; font_container=&#8221;tag:h3|text_align:left&#8221; use_theme_fonts=&#8221;yes&#8221;][vc_column_text]<\/p>\n<h3><span style=\"color: #000000\"><strong>Vivian Huzaineh<\/strong><\/span><\/h3>\n<p>Email: <strong><a href=\"mailto:verwaltung@talithakumi.org\">verwaltung@talithakumi.org<\/a><\/strong>[\/vc_column_text][vc_single_image image=&#8221;8852&#8243; style=&#8221;vc_box_border&#8221;][vc_column_text][\/vc_column_text][\/vc_column_inner][\/vc_row_inner][vc_custom_heading text=&#8221;Erweiterte Schulleitung&#8221; font_container=&#8221;tag:h1|text_align:left|color:%23ffffff&#8221; use_theme_fonts=&#8221;yes&#8221; css=&#8221;.vc_custom_1727862862880{padding-top: 10px !important;padding-right: 10px !important;padding-bottom: 10px !important;padding-left: 10px !important;background-color: #5fc103 !important;}&#8221;][vc_row_inner][vc_column_inner width=&#8221;1\/4&#8243;][vc_custom_heading text=&#8221;Deutscher Schulleiter&#8221; font_container=&#8221;tag:h3|text_align:left&#8221; use_theme_fonts=&#8221;yes&#8221; css=&#8221;&#8221;][vc_column_text]<\/p>\n<h3><strong><span style=\"color: #000000\">Birger Reese<\/span><\/strong><\/h3>\n<p>Email: <strong><a href=\"mailto:director@talithakumi.org\">director@talithakumi.org<\/a><\/strong>[\/vc_column_text][vc_single_image image=&#8221;12965&#8243; add_caption=&#8221;yes&#8221; style=&#8221;vc_box_rounded&#8221; css=&#8221;&#8221;][\/vc_column_inner][vc_column_inner width=&#8221;1\/3&#8243;][vc_custom_heading text=&#8221;Pal\u00e4stinensische Schulleiterin&#8221; font_container=&#8221;tag:h3|text_align:left&#8221; use_theme_fonts=&#8221;yes&#8221; css=&#8221;&#8221;][vc_column_text]<\/p>\n<h3><strong><span style=\"color: #000000\">Laura Bishara<\/span><\/strong><\/h3>\n<p>Email: <strong><a href=\"mailto:paldirector@talithakumi.org\">paldirector@talithakumi.org<\/a><\/strong>[\/vc_column_text][vc_single_image image=&#8221;12531&#8243; add_caption=&#8221;yes&#8221; style=&#8221;vc_box_border&#8221;][\/vc_column_inner][vc_column_inner width=&#8221;1\/3&#8243;][vc_custom_heading text=&#8221;Deutscher stellvertretender Schulleiter&#8221; font_container=&#8221;tag:h3|text_align:left&#8221; use_theme_fonts=&#8221;yes&#8221; css=&#8221;&#8221;][vc_column_text]<\/p>\n<h3><span style=\"color: #000000\">&nbsp;<strong>J\u00f6rg B\u00fchler<\/strong><\/span><\/h3>\n<p>Email: <strong><a href=\"mailto:stellvertretung@talithakumi.org\">stellvertretung@talithakumi.org<\/a><\/strong>[\/vc_column_text][vc_single_image image=&#8221;12493&#8243;][\/vc_column_inner][\/vc_row_inner][vc_separator border_width=&#8221;2&#8243;][vc_row_inner][vc_column_inner width=&#8221;1\/4&#8243;][vc_custom_heading text=&#8221;Schulkoordinator &amp; \u00d6ffentlichkeitsarbeit \/ Mittelstufenkoordinator im DIA-Zweig&#8221; font_container=&#8221;tag:h4|text_align:left&#8221; use_theme_fonts=&#8221;yes&#8221;][vc_column_text]<\/p>\n<h3><strong><span style=\"color: #000000\">Yousef Tushyeh<\/span><\/strong><\/h3>\n<p>Email: <strong><a href=\"mailto:pr@talithakumi.org\">pr@talithakumi.org<\/a><\/strong><\/p>\n<p>Email: <strong><a href=\"mailto:msko@talithakumi.org\">msko@talithakumi.org<\/a><\/strong>[\/vc_column_text][vc_single_image image=&#8221;7896&#8243;][\/vc_column_inner][vc_column_inner width=&#8221;1\/4&#8243;][vc_custom_heading text=&#8221;Mittel- und Oberstufenkoordinatorin im Tawjihi-Zweig&#8221; font_container=&#8221;tag:h4|text_align:left&#8221; use_theme_fonts=&#8221;yes&#8221;][vc_empty_space height=&#8221;20px&#8221;][vc_column_text]<\/p>\n<h3><strong><span style=\"color: #000000\">Rania Salsaa<\/span><\/strong><\/h3>\n<p>Email: <strong><a href=\"mailto:headtawjihi@talithakumi.org\">headtawjihi@talithakumi.org<\/a><\/strong>[\/vc_column_text][vc_single_image image=&#8221;12967&#8243; css=&#8221;&#8221;][\/vc_column_inner][vc_column_inner width=&#8221;1\/4&#8243;][vc_custom_heading text=&#8221;Leitung der Grundschule&#8221; font_container=&#8221;tag:h4|text_align:left&#8221; use_theme_fonts=&#8221;yes&#8221; css=&#8221;&#8221;][vc_column_text]<\/p>\n<h3><strong><span style=\"color: #000000\">Sahira Khair<\/span><\/strong><\/h3>\n<p>Email: <strong><a href=\"mailto:headelementary@talithakumi.org\">headelementary@talithakumi.org<\/a><\/strong>[\/vc_column_text][vc_single_image image=&#8221;9819&#8243;][\/vc_column_inner][vc_column_inner width=&#8221;1\/4&#8243;][vc_custom_heading text=&#8221;Leitung der Grundschule&#8221; font_container=&#8221;tag:h4|text_align:left&#8221; use_theme_fonts=&#8221;yes&#8221; css=&#8221;&#8221;][vc_column_text]<\/p>\n<h3><strong><span style=\"color: #000000\">Andra Meyer<\/span><\/strong><\/h3>\n<p>Email: <strong><a href=\"mailto:grundschulleitung@talithakumi.org\">grundschulleitung@talithakumi.org<\/a><\/strong>[\/vc_column_text][vc_single_image image=&#8221;12490&#8243;][\/vc_column_inner][\/vc_row_inner][vc_separator border_width=&#8221;2&#8243;][vc_single_image image=&#8221;12966&#8243; img_size=&#8221;full&#8221; add_caption=&#8221;yes&#8221; alignment=&#8221;center&#8221; css=&#8221;&#8221;][vc_custom_heading text=&#8221;Kindergarten&#8221; font_container=&#8221;tag:h1|text_align:left|color:%23ffffff&#8221; use_theme_fonts=&#8221;yes&#8221; css=&#8221;.vc_custom_1727864756429{padding-top: 10px !important;padding-right: 10px !important;padding-bottom: 10px !important;padding-left: 10px !important;background-color: #5fc103 !important;}&#8221;][vc_row_inner][vc_column_inner width=&#8221;1\/4&#8243;][\/vc_column_inner][vc_column_inner width=&#8221;1\/4&#8243;][\/vc_column_inner][vc_column_inner width=&#8221;1\/4&#8243;][\/vc_column_inner][vc_column_inner width=&#8221;1\/4&#8243;][\/vc_column_inner][\/vc_row_inner][vc_row_inner][vc_column_inner][vc_separator][vc_column_text]<\/p>\n<h3><span style=\"color: #000000\">Leiterin des Kindergartens<\/span><\/h3>\n<h3><span style=\"color: #000000\">Nadia Qumsieh<\/span><\/h3>\n<p>Email: <strong><a href=\"mailto:kg1@talithakumi.org\" target=\"_blank\" rel=\"noopener\">kg1@talithakumi.org<\/a><\/strong>[\/vc_column_text][vc_single_image image=&#8221;9173&#8243;][vc_custom_heading text=&#8221;Erzieherinnen im Kindergarten&#8221; font_container=&#8221;tag:h3|text_align:left&#8221; use_theme_fonts=&#8221;yes&#8221;][vc_column_text css=&#8221;&#8221;]<strong>Erzieherinnen:<\/strong><\/p>\n<p>Linda Amro (Vorschule)<\/p>\n<p>Hanan Bannoura (KG)<\/p>\n<p>Betty Al Alam ( KG)<\/p>\n<p>Hazar Abu Akleh (Englisch)<\/p>\n<p>&nbsp;<\/p>\n<p><strong>Assistentinnen:&nbsp;<\/strong><\/p>\n<p>Jumana Al Khatib (Vorschule)<\/p>\n<p>Faeda Jubran (Vorschule)<\/p>\n<p>Ghada Khalilieh (KG)<\/p>\n<p>Suhair Al Ama ( KG)[\/vc_column_text][\/vc_column_inner][\/vc_row_inner][vc_custom_heading text=&#8221;Steuergruppe&#8221; font_container=&#8221;tag:h3|text_align:left|color:%23ffffff&#8221; use_theme_fonts=&#8221;yes&#8221; css=&#8221;.vc_custom_1578513972533{padding-top: 10px !important;padding-right: 10px !important;padding-bottom: 10px !important;padding-left: 10px !important;background-color: #5fc103 !important;}&#8221;][vc_row_inner][vc_column_inner][vc_custom_heading text=&#8221;Vorsitzende&#8221; font_container=&#8221;tag:h3|text_align:left&#8221; use_theme_fonts=&#8221;yes&#8221;][vc_column_text css=&#8221;&#8221;]Dr. Natalie Tawil[\/vc_column_text][vc_custom_heading text=&#8221;Mitglieder der Steuergruppe&#8221; font_container=&#8221;tag:h3|text_align:left&#8221; use_theme_fonts=&#8221;yes&#8221;][vc_column_text css=&#8221;&#8221;]Birger Reese (Schulleiter)<\/p>\n<p>Laura Bishara (Pal\u00e4stinensische Schulleiterin)<\/p>\n<p>Joerg B\u00fchler (Stellvertretender Schulleiter)<\/p>\n<p>Almut Assif (Deutsch als Fremdsprache)<\/p>\n<p>Ellen Qumsieh<\/p>\n<p>Hanna Farhoud (Media)<\/p>\n<p>Nicola Sansour<\/p>\n<p>Dalia Al Atrash<\/p>\n<p>Thekla von Dombois<\/p>\n<p>Gudrun Schmitz[\/vc_column_text][\/vc_column_inner][\/vc_row_inner][vc_row_inner][vc_column_inner width=&#8221;1\/3&#8243;][\/vc_column_inner][vc_column_inner width=&#8221;1\/3&#8243;][\/vc_column_inner][vc_column_inner width=&#8221;1\/3&#8243;][\/vc_column_inner][\/vc_row_inner][vc_separator border_width=&#8221;2&#8243;][vc_row_inner][vc_column_inner width=&#8221;1\/3&#8243;][\/vc_column_inner][vc_column_inner width=&#8221;1\/3&#8243;][\/vc_column_inner][vc_column_inner width=&#8221;1\/3&#8243;][\/vc_column_inner][\/vc_row_inner][vc_custom_heading text=&#8221;Andere Komitees&#8221; font_container=&#8221;tag:h3|text_align:left|color:%23ffffff&#8221; use_theme_fonts=&#8221;yes&#8221; css=&#8221;.vc_custom_1578514019029{padding-top: 10px !important;padding-right: 10px !important;padding-bottom: 10px !important;padding-left: 10px !important;background-color: #5fc103 !important;}&#8221;][vc_row_inner][vc_column_inner width=&#8221;1\/3&#8243;][vc_custom_heading text=&#8221;Komitee f\u00fcr neue Lehrer&#8221; font_container=&#8221;tag:h3|text_align:left&#8221; use_theme_fonts=&#8221;yes&#8221;][vc_column_text]<strong>Vorsitz:<\/strong> Natalie Taweel<\/p>\n<p><strong>Mitglieder:<\/strong>&nbsp;Reem Handal, Mimi Asmari.[\/vc_column_text][\/vc_column_inner][vc_column_inner width=&#8221;1\/3&#8243;][vc_custom_heading text=&#8221;Disziplinar-Ausschuss&#8221; font_container=&#8221;tag:h3|text_align:left&#8221; use_theme_fonts=&#8221;yes&#8221;][vc_column_text]<strong>Vorsitz:<\/strong> Birger Reese<\/p>\n<p><strong>Mitglieder:<\/strong> Laura Bishara, Yousef Tushyeh, Hanna Farhoud, Rania Salsaa[\/vc_column_text][\/vc_column_inner][vc_column_inner width=&#8221;1\/3&#8243;][vc_custom_heading text=&#8221;Umwelt-Komitee&#8221; font_container=&#8221;tag:h3|text_align:left&#8221; use_theme_fonts=&#8221;yes&#8221;][vc_column_text css=&#8221;&#8221;]<strong>Mitglieder:<\/strong>&nbsp; Mary Hijazeen, Thekla von Dombois[\/vc_column_text][\/vc_column_inner][\/vc_row_inner][\/vc_column][\/vc_row][vc_row][vc_column][vc_row_inner][vc_column_inner width=&#8221;1\/3&#8243;][\/vc_column_inner][vc_column_inner width=&#8221;1\/3&#8243;][\/vc_column_inner][\/vc_row_inner][vc_custom_heading text=&#8221;Lehrerbeirat&#8221; font_container=&#8221;tag:h3|text_align:left|color:%23ffffff&#8221; use_theme_fonts=&#8221;yes&#8221; css=&#8221;.vc_custom_1578514035140{padding-top: 10px !important;padding-right: 10px !important;padding-bottom: 10px !important;padding-left: 10px !important;background-color: #5fc103 !important;}&#8221;][vc_column_text css=&#8221;&#8221;]<strong>Vorsitz:<\/strong> Elean Qumsieh<\/p>\n<p><strong>Mitglieder:<\/strong> Ibtisam Abu Saada, Nour Nour, Laila Sarras, Mais Ghawali, Sophie Rizqallah und Michael Schneider[\/vc_column_text][\/vc_column][\/vc_row][vc_row][vc_column width=&#8221;1\/2&#8243;][vc_custom_heading text=&#8221;B\u00fcro des Schulleiters&#8221; font_container=&#8221;tag:h3|text_align:left|color:%23ffffff&#8221; use_theme_fonts=&#8221;yes&#8221; css=&#8221;.vc_custom_1578514048995{padding-top: 10px !important;padding-right: 10px !important;padding-bottom: 10px !important;padding-left: 10px !important;background-color: #5fc103 !important;}&#8221;][vc_column_text]<strong>B\u00fcroleiterin: <\/strong>Mary Sansour[\/vc_column_text][\/vc_column][vc_column width=&#8221;1\/2&#8243;][vc_custom_heading text=&#8221;B\u00fcro des stellvertretenden Schulleiters&#8221; font_container=&#8221;tag:h3|text_align:left|color:%23ffffff&#8221; use_theme_fonts=&#8221;yes&#8221; css=&#8221;.vc_custom_1578514059660{padding-top: 10px !important;padding-right: 10px !important;padding-bottom: 10px !important;padding-left: 10px !important;background-color: #5fc103 !important;}&#8221;][vc_column_text]<strong>Administrative Assistentin: <\/strong>Ghada Abu Rumman[\/vc_column_text][\/vc_column][\/vc_row][vc_row][vc_column width=&#8221;1\/2&#8243;][vc_custom_heading text=&#8221;Die Buchhaltung&#8221; font_container=&#8221;tag:h3|text_align:left|color:%23ffffff&#8221; use_theme_fonts=&#8221;yes&#8221; css=&#8221;.vc_custom_1578514071840{padding-top: 10px !important;padding-right: 10px !important;padding-bottom: 10px !important;padding-left: 10px !important;background-color: #5fc103 !important;}&#8221;][vc_column_text]<strong>Leiterin der Buchhaltung:<\/strong> Vivian Huzaineh<\/p>\n<p><strong>Mitarbeiter:<\/strong> Loudes Zeidan, Jania Kirry[\/vc_column_text][\/vc_column][vc_column width=&#8221;1\/2&#8243;][vc_custom_heading text=&#8221;Schulsekretariat&#8221; font_container=&#8221;tag:h3|text_align:left|color:%23ffffff&#8221; use_theme_fonts=&#8221;yes&#8221; css=&#8221;.vc_custom_1578514082405{padding-top: 10px !important;padding-right: 10px !important;padding-bottom: 10px !important;padding-left: 10px !important;background-color: #5fc103 !important;}&#8221;][vc_column_text]<strong>Schulsekret\u00e4rin: <\/strong>Tamara Tushyeh[\/vc_column_text][\/vc_column][\/vc_row][vc_row][vc_column width=&#8221;1\/3&#8243;][vc_custom_heading text=&#8221;Sozialarbeiterinnen&#8221; font_container=&#8221;tag:h3|text_align:left|color:%23ffffff&#8221; use_theme_fonts=&#8221;yes&#8221; css=&#8221;.vc_custom_1578514094452{padding-top: 10px !important;padding-right: 10px !important;padding-bottom: 10px !important;padding-left: 10px !important;background-color: #5fc103 !important;}&#8221;][vc_column_text]<strong>Grundschule: <\/strong>Basma Lama<\/p>\n<p><strong>Mittel- und Oberstufe:<\/strong> Tamara Musleh[\/vc_column_text][\/vc_column][vc_column width=&#8221;1\/3&#8243;][vc_custom_heading text=&#8221;IT-Abteilung&#8221; font_container=&#8221;tag:h3|text_align:left|color:%23ffffff&#8221; use_theme_fonts=&#8221;yes&#8221; css=&#8221;.vc_custom_1578514104492{padding-top: 10px !important;padding-right: 10px !important;padding-bottom: 10px !important;padding-left: 10px !important;background-color: #5fc103 !important;}&#8221;][vc_column_text]<strong>IT-Manager:<\/strong> Issa Al Yateem[\/vc_column_text][\/vc_column][vc_column width=&#8221;1\/3&#8243;][vc_custom_heading text=&#8221;Bibliothek&#8221; font_container=&#8221;tag:h3|text_align:left|color:%23ffffff&#8221; use_theme_fonts=&#8221;yes&#8221; css=&#8221;.vc_custom_1578514115875{padding-top: 10px !important;padding-right: 10px !important;padding-bottom: 10px !important;padding-left: 10px !important;background-color: #5fc103 !important;}&#8221;][vc_column_text]<\/p>\n<div><strong>Bibliotheksleiterin der Leseinsel:<\/strong> Urte Abu-Sarhan<\/div>\n<div><strong>Bibliotheksleiterin der&nbsp;arabischen Bibliothek:<\/strong> Hilda Bishara<\/div>\n<p>[\/vc_column_text][\/vc_column][\/vc_row][vc_row][vc_column width=&#8221;1\/3&#8243;][vc_custom_heading text=&#8221;Technische Abteilung&#8221; font_container=&#8221;tag:h3|text_align:left|color:%23ffffff&#8221; use_theme_fonts=&#8221;yes&#8221; css=&#8221;.vc_custom_1578514128138{padding-top: 10px !important;padding-right: 10px !important;padding-bottom: 10px !important;padding-left: 10px !important;background-color: #5fc103 !important;}&#8221;][vc_column_text]<strong>Technischer Leiter:<\/strong> Loai Al Hadweh<\/p>\n<p><strong>Mitarbeiter:<\/strong>&nbsp; Majd Bader und Fares Muhreez[\/vc_column_text][\/vc_column][vc_column width=&#8221;1\/3&#8243;][vc_custom_heading text=&#8221;Reinigungskr\u00e4fte&#8221; font_container=&#8221;tag:h3|text_align:left|color:%23ffffff&#8221; use_theme_fonts=&#8221;yes&#8221; css=&#8221;.vc_custom_1578514139699{padding-top: 10px !important;padding-right: 10px !important;padding-bottom: 10px !important;padding-left: 10px !important;background-color: #5fc103 !important;}&#8221;][vc_column_text css=&#8221;&#8221;]<strong>Zust\u00e4ndig f\u00fcr die&nbsp; Reinigungskr\u00e4fte:<\/strong> Loai Hadweh<\/p>\n<p><strong>Mitarbeiter:<\/strong> Shireen Abu Hamide, Nidal Khamashta, Amal Zboon, Samaher Ayesh, Nida Hammad, Husam Zanayed[\/vc_column_text][\/vc_column][vc_column width=&#8221;1\/3&#8243;][vc_custom_heading text=&#8221;Pf\u00f6rtner&#8221; font_container=&#8221;tag:h3|text_align:left|color:%23ffffff&#8221; use_theme_fonts=&#8221;yes&#8221; css=&#8221;.vc_custom_1578514150124{padding-top: 10px !important;padding-right: 10px !important;padding-bottom: 10px !important;padding-left: 10px !important;background-color: #5fc103 !important;}&#8221;][vc_column_text]<strong>Mitarbeiter:<\/strong> Jamal Al Ali, Yousef Zeit, Ahmad Sbeeh, Marcel Emaya[\/vc_column_text][\/vc_column][\/vc_row][vc_row][vc_column][vc_row_inner][vc_column_inner][\/vc_column_inner][\/vc_row_inner][\/vc_column][\/vc_row][vc_row][vc_column][vc_row_inner][vc_column_inner][\/vc_column_inner][\/vc_row_inner][\/vc_column][\/vc_row]<\/p>\n<\/div>","protected":false},"excerpt":{"rendered":"<p>[vc_row content_placement=&#8221;top&#8221; u_row_style=&#8221;1&#8243; u_row_paralax=&#8221;0&#8243; u_row_scheme=&#8221;0&#8243;][vc_column css=&#8221;.vc_custom_1593843810749{background-color: #ffffff !important;}&#8221;][vc_custom_heading text=&#8221;Die Schulgremien in Talitha Kumi&#8221; font_container=&#8221;tag:h1|font_size:36|text_align:center|color:%230ec4f2&#8243; use_theme_fonts=&#8221;yes&#8221;][vc_separator color=&#8221;white&#8221; border_width=&#8221;2&#8243; css=&#8221;&#8221;][\/vc_column][\/vc_row][vc_row u_row_style=&#8221;0&#8243; u_row_paralax=&#8221;0&#8243; u_row_scheme=&#8221;0&#8243;][vc_column][vc_custom_heading text=&#8221;Schulverwaltungsrat (School Board)&#8221; font_container=&#8221;tag:h1|text_align:left|color:%23ffffff&#8221; use_theme_fonts=&#8221;yes&#8221; css=&#8221;.vc_custom_1727862323530{padding-top: 10px !important;padding-right: 10px !important;padding-bottom: 10px !important;padding-left: 10px !important;background-color: #5fc103 !important;}&#8221;][vc_custom_heading text=&#8221;Vorsitzender des Schulverwaltungsrats&#8221; font_container=&#8221;tag:h3|text_align:left&#8221; use_theme_fonts=&#8221;yes&#8221;][vc_column_text] Dr. Simon Kuntze [\/vc_column_text][vc_single_image image=&#8221;12496&#8243; style=&#8221;vc_box_border&#8221;][vc_custom_heading text=&#8221;Mitglieder des Schulverwaltungsrats&#8221; font_container=&#8221;tag:h3|text_align:left&#8221; use_theme_fonts=&#8221;yes&#8221;][vc_column_text css=&#8221;&#8221;] Stellvertretender [&hellip;]<\/p>\n","protected":false},"author":2,"featured_media":0,"parent":0,"menu_order":0,"comment_status":"closed","ping_status":"closed","template":"page-templates\/demo-nav-3.php","meta":{"footnotes":""},"class_list":["post-1409","page","type-page","status-publish","hentry"],"_links":{"self":[{"href":"https:\/\/talithakumi.ps\/school\/wp-json\/wp\/v2\/pages\/1409","targetHints":{"allow":["GET"]}}],"collection":[{"href":"https:\/\/talithakumi.ps\/school\/wp-json\/wp\/v2\/pages"}],"about":[{"href":"https:\/\/talithakumi.ps\/school\/wp-json\/wp\/v2\/types\/page"}],"author":[{"embeddable":true,"href":"https:\/\/talithakumi.ps\/school\/wp-json\/wp\/v2\/users\/2"}],"replies":[{"embeddable":true,"href":"https:\/\/talithakumi.ps\/school\/wp-json\/wp\/v2\/comments?post=1409"}],"version-history":[{"count":5,"href":"https:\/\/talithakumi.ps\/school\/wp-json\/wp\/v2\/pages\/1409\/revisions"}],"predecessor-version":[{"id":13329,"href":"https:\/\/talithakumi.ps\/school\/wp-json\/wp\/v2\/pages\/1409\/revisions\/13329"}],"wp:attachment":[{"href":"https:\/\/talithakumi.ps\/school\/wp-json\/wp\/v2\/media?parent=1409"}],"curies":[{"name":"wp","href":"https:\/\/api.w.org\/{rel}","templated":true}]}}