{"id":157,"date":"2017-04-12T22:25:43","date_gmt":"2017-04-12T22:25:43","guid":{"rendered":"http:\/\/www.switch.ps\/talitha\/school\/?page_id=157"},"modified":"2024-09-02T18:41:52","modified_gmt":"2024-09-02T18:41:52","slug":"begrussungswort-des-schulleiters","status":"publish","type":"page","link":"https:\/\/talithakumi.ps\/school\/begrussungswort-des-schulleiters\/","title":{"rendered":"Gru\u00dfwort des Schulleiters"},"content":{"rendered":"<div class=\"wpb-content-wrapper\"><p>[vc_row content_placement=&#8221;top&#8221; u_row_style=&#8221;0&#8243; u_row_paralax=&#8221;0&#8243; u_row_scheme=&#8221;0&#8243;][vc_column width=&#8221;2\/3&#8243;][vc_custom_heading text=&#8221;Gru\u00dfwort des Schulleiters&#8221; font_container=&#8221;tag:h1|font_size:40|text_align:center&#8221; use_theme_fonts=&#8221;yes&#8221;][vc_empty_space][vc_column_text]<\/p>\n<h3><span style=\"color: #000000\">Liebe Besucherinnen und Besucher der Homepage,<\/span><\/h3>\n<h3><span style=\"color: #000000\">Talitha Kumi hei\u00dft \u201eM\u00e4dchen, stehe auf!\u201c. Dieses Jesuswort aus dem Markusevangelium ist bis heute Name, Programm und Auftrag der \u00fcber 170 Jahre alten Schule in Beit Jala, ganz in der N\u00e4he von Bethlehem und Jerusalem. Hier lernen M\u00e4dchen und Jungen, Christen und Muslime auf Arabisch, Englisch und Deutsch gemeinsam in einem gesch\u00fctzten Raum, in dem sie sich frei entfalten k\u00f6nnen und eine Perspektive f\u00fcr die Zukunft erhalten. Tr\u00e4ger der Schule ist das Berliner Missionswerk.<\/span><\/h3>\n<h3><span style=\"color: #000000\">Urspr\u00fcnglich als Schule und Internat f\u00fcr arabische M\u00e4dchen gegr\u00fcndet, ist Talitha Kumi heute eine koedukative, von der Bundesrepublik Deutschland anerkannte, gef\u00f6rderte und mit dem G\u00fctesiegel <em>Exzellente Deutsche Auslandsschule<\/em> ausgezeichnete deutsch-pal\u00e4stinensische Auslandsschule. Unser Bildungscampus umfasst einen Kindergarten, eine Grund- und Oberschule, eine Hotelfachschule und ein G\u00e4stehaus.&nbsp;<\/span><\/h3>\n<h3><span style=\"color: #000000\">Talitha Kumi wird derzeit von ca. 800 christlichen und muslimischen Sch\u00fclerinnen und Sch\u00fclern besucht. Diese k\u00f6nnen sowohl das Deutsche Internationale Abitur oder alternativ das pal\u00e4stinensische Tawjihi als Abschluss erwerben. Zusammen mit dem deutschen Sprachdiplom ist es auch den Tawjihi \u2013 Absolventen m\u00f6glich, ein Studium in Deutschland anzustreben.<\/span><\/h3>\n<h3><span style=\"color: #000000\">In einem konfliktbeladenen Umfeld wollen wir in Talitha Kumi einen Schutzraum bieten und eine klare p\u00e4dagogische Leitidee, die auf dem Fundament christlicher Werte die Begegnung und den gegenseitigen Respekt der Religionen und Kulturen betont, sich um die F\u00f6rderung von M\u00e4dchen bem\u00fcht, zeitgem\u00e4\u00dfe Lehr- und Lernprozesse Anwendung finden l\u00e4sst und den Erwerb der deutschen Sprache f\u00f6rdert.<\/span><\/h3>\n<h3><span style=\"color: #000000\">Wir in Talitha hoffen durch die von uns vermittelte Bildung und Friedenserziehung, einen Beitrag zur nachhaltigen Entwicklung Pal\u00e4stinas leisten zu k\u00f6nnen.<\/span><\/h3>\n<h3><span style=\"color: #000000\">Herzliche Gr\u00fc\u00dfe<\/span><\/h3>\n<h3><span style=\"color: #000000\">Birger Reese<\/span><\/h3>\n<h3>&nbsp;<\/h3>\n<h3><span style=\"color: #000000\">Schulleiter<\/span><\/h3>\n<p>[\/vc_column_text][\/vc_column][vc_column width=&#8221;1\/3&#8243;][vc_empty_space][vc_empty_space][vc_empty_space][vc_empty_space][vc_single_image image=&#8221;12861&#8243; img_size=&#8221;large&#8221; add_caption=&#8221;yes&#8221; alignment=&#8221;center&#8221; style=&#8221;vc_box_shadow_3d&#8221;][\/vc_column][\/vc_row][vc_row][vc_column][\/vc_column][\/vc_row]<\/p>\n<\/div>","protected":false},"excerpt":{"rendered":"<p>[vc_row content_placement=&#8221;top&#8221; u_row_style=&#8221;0&#8243; u_row_paralax=&#8221;0&#8243; u_row_scheme=&#8221;0&#8243;][vc_column width=&#8221;2\/3&#8243;][vc_custom_heading text=&#8221;Gru\u00dfwort des Schulleiters&#8221; font_container=&#8221;tag:h1|font_size:40|text_align:center&#8221; use_theme_fonts=&#8221;yes&#8221;][vc_empty_space][vc_column_text] Liebe Besucherinnen und Besucher der Homepage, Talitha Kumi hei\u00dft \u201eM\u00e4dchen, stehe auf!\u201c. Dieses Jesuswort aus dem Markusevangelium ist bis heute Name, Programm und Auftrag der \u00fcber 170 Jahre alten Schule in Beit Jala, ganz in der N\u00e4he von Bethlehem und Jerusalem. Hier lernen M\u00e4dchen [&hellip;]<\/p>\n","protected":false},"author":2,"featured_media":0,"parent":0,"menu_order":0,"comment_status":"closed","ping_status":"closed","template":"page-templates\/demo-nav-3.php","meta":{"footnotes":""},"class_list":["post-157","page","type-page","status-publish","hentry"],"_links":{"self":[{"href":"https:\/\/talithakumi.ps\/school\/wp-json\/wp\/v2\/pages\/157","targetHints":{"allow":["GET"]}}],"collection":[{"href":"https:\/\/talithakumi.ps\/school\/wp-json\/wp\/v2\/pages"}],"about":[{"href":"https:\/\/talithakumi.ps\/school\/wp-json\/wp\/v2\/types\/page"}],"author":[{"embeddable":true,"href":"https:\/\/talithakumi.ps\/school\/wp-json\/wp\/v2\/users\/2"}],"replies":[{"embeddable":true,"href":"https:\/\/talithakumi.ps\/school\/wp-json\/wp\/v2\/comments?post=157"}],"version-history":[{"count":5,"href":"https:\/\/talithakumi.ps\/school\/wp-json\/wp\/v2\/pages\/157\/revisions"}],"predecessor-version":[{"id":12867,"href":"https:\/\/talithakumi.ps\/school\/wp-json\/wp\/v2\/pages\/157\/revisions\/12867"}],"wp:attachment":[{"href":"https:\/\/talithakumi.ps\/school\/wp-json\/wp\/v2\/media?parent=157"}],"curies":[{"name":"wp","href":"https:\/\/api.w.org\/{rel}","templated":true}]}}