{"id":161,"date":"2017-04-12T22:26:39","date_gmt":"2017-04-12T22:26:39","guid":{"rendered":"http:\/\/www.switch.ps\/talitha\/school\/?page_id=161"},"modified":"2023-04-13T16:22:37","modified_gmt":"2023-04-13T16:22:37","slug":"lage","status":"publish","type":"page","link":"https:\/\/talithakumi.ps\/school\/lage\/","title":{"rendered":"Standort"},"content":{"rendered":"<div class=\"wpb-content-wrapper\"><p>[vc_row 0=&#8221;&#8221;][vc_column width=&#8221;1\/2&#8243;][vc_custom_heading text=&#8221;Standort des Talitha Kumi Campus &#8221; use_theme_fonts=&#8221;yes&#8221;][vc_column_text 0=&#8221;&#8221;]<\/p>\n<h3><span style=\"color: #000000\">Talitha Kumi-Koordinaten: 31\u00b0 42\u2032 19\u2033 N, 35\u00b0 12\u2032 22,1\u2033 O<\/span><\/h3>\n<h4><span style=\"color: #000000\">Der Talitha Kumi Campus befindet sich auf einer ca. 12 ha gro\u00dfen park\u00e4hnlichen, bewaldeten Anlage bei Beit Jala und bietet viel Freiraum f\u00fcr unsere Sch\u00fcler\/innen.<\/span><\/h4>\n<h4><span style=\"color: #000000\">Beit Jala ist eine pal\u00e4stinensische Stadt im Bezirk Bethlehem ca. 1.8 km westlich der Stadt Bethlehem. Beit Jala wird durch die Stadt Bethlehem nach Osten, die Stadt Jerusalem nach Norden, die D\u00f6rfer Al Walaja und Battir nach Westen, der Stadt Ad Doha und der Stadt Al Khader nach S\u00fcden begrenzt.<\/span><\/h4>\n<h4><span style=\"color: #000000\">Auf dem Campus gibt es einen Kletterpark, einen sch\u00f6nen Garten, M\u00f6glichkeiten zum Spielen usw. Von der Schule aus genie\u00dft man die Aussicht in das UNESCO Weltkulturerbetal von Makhrour. Vom h\u00f6chsten Punkt der Schule hat man bei klarem Wetter einen Blick von den Jordanischen Bergen im Osten bis zum Mittelmeer im Westen- einmalig! Erg\u00e4nzt wird der Schulcampus durch einen Kindergarten, ein Community-College, ein G\u00e4stehaus sowie ein Umweltzentrum.<\/span><\/h4>\n<p>[\/vc_column_text][\/vc_column][vc_column width=&#8221;1\/2&#8243;][vc_wp_text 0=&#8221;&#8221;][googlemaps https:\/\/www.google.com\/maps\/d\/embed?mid=15fBxn8nfEZxwSE9MNgupS-MHmLE&amp;w=660&amp;h=880][\/vc_wp_text][\/vc_column][\/vc_row][vc_row][vc_column][vc_single_image image=&#8221;12095&#8243; img_size=&#8221;large&#8221; alignment=&#8221;center&#8221; style=&#8221;vc_box_shadow_3d&#8221;][\/vc_column][\/vc_row][vc_row 0=&#8221;&#8221;][vc_column 0=&#8221;&#8221;][vc_gmaps link=&#8221;#E-8_JTNDaWZyYW1lJTIwc3JjJTNEJTIyaHR0cHMlM0ElMkYlMkZ3d3cuZ29vZ2xlLmNvbSUyRm1hcHMlMkZlbWJlZCUzRnBiJTNEJTIxMW0xOCUyMTFtMTIlMjExbTMlMjExZDMzOTQuMjk1OTU3MzE4MTA5NyUyMTJkMzUuMTcxMTgyMzE0NDg4MSUyMTNkMzEuNzA3ODA5NTQ1MDM2Mzg3JTIxMm0zJTIxMWYwJTIxMmYwJTIxM2YwJTIxM20yJTIxMWkxMDI0JTIxMmk3NjglMjE0ZjEzLjElMjEzbTMlMjExbTIlMjExczB4MTUwMmQ4ZmY5YzNkM2Y0MSUyNTNBMHg0NmE2ZTA4MjIxYmE2YjNlJTIxMnNUYWxpdGhhJTI1MjBLdW1pJTI1MjBFZHVjYXRpb25hbCUyNTIwQ2VudGVyJTI1MjAtJTI1MjBUYWxpdGhhJTI1MjBLdW1pJTI1MjBCaWxkdW5nc3plbnRydW0lMjE1ZTAlMjEzbTIlMjExc2VuJTIxMnMlMjE0djE2ODA4ODUwODU3NjYlMjE1bTIlMjExc2VuJTIxMnMlMjIlMjB3aWR0aCUzRCUyMjMwMCUyMiUyMGhlaWdodCUzRCUyMjI1MCUyMiUyMHN0eWxlJTNEJTIyYm9yZGVyJTNBMCUzQiUyMiUyMGFsbG93ZnVsbHNjcmVlbiUzRCUyMiUyMiUyMGxvYWRpbmclM0QlMjJsYXp5JTIyJTIwcmVmZXJyZXJwb2xpY3klM0QlMjJuby1yZWZlcnJlci13aGVuLWRvd25ncmFkZSUyMiUzRSUzQyUyRmlmcmFtZSUzRQ==&#8221; size=&#8221;&#8221;][\/vc_column][\/vc_row]<\/p>\n<\/div>","protected":false},"excerpt":{"rendered":"<p>[vc_row 0=&#8221;&#8221;][vc_column width=&#8221;1\/2&#8243;][vc_custom_heading text=&#8221;Standort des Talitha Kumi Campus &#8221; use_theme_fonts=&#8221;yes&#8221;][vc_column_text 0=&#8221;&#8221;] Talitha Kumi-Koordinaten: 31\u00b0 42\u2032 19\u2033 N, 35\u00b0 12\u2032 22,1\u2033 O Der Talitha Kumi Campus befindet sich auf einer ca. 12 ha gro\u00dfen park\u00e4hnlichen, bewaldeten Anlage bei Beit Jala und bietet viel Freiraum f\u00fcr unsere Sch\u00fcler\/innen. Beit Jala ist eine pal\u00e4stinensische Stadt im Bezirk Bethlehem [&hellip;]<\/p>\n","protected":false},"author":2,"featured_media":0,"parent":0,"menu_order":0,"comment_status":"closed","ping_status":"closed","template":"page-templates\/demo-nav-3.php","meta":{"footnotes":""},"class_list":["post-161","page","type-page","status-publish","hentry"],"_links":{"self":[{"href":"https:\/\/talithakumi.ps\/school\/wp-json\/wp\/v2\/pages\/161","targetHints":{"allow":["GET"]}}],"collection":[{"href":"https:\/\/talithakumi.ps\/school\/wp-json\/wp\/v2\/pages"}],"about":[{"href":"https:\/\/talithakumi.ps\/school\/wp-json\/wp\/v2\/types\/page"}],"author":[{"embeddable":true,"href":"https:\/\/talithakumi.ps\/school\/wp-json\/wp\/v2\/users\/2"}],"replies":[{"embeddable":true,"href":"https:\/\/talithakumi.ps\/school\/wp-json\/wp\/v2\/comments?post=161"}],"version-history":[{"count":5,"href":"https:\/\/talithakumi.ps\/school\/wp-json\/wp\/v2\/pages\/161\/revisions"}],"predecessor-version":[{"id":12332,"href":"https:\/\/talithakumi.ps\/school\/wp-json\/wp\/v2\/pages\/161\/revisions\/12332"}],"wp:attachment":[{"href":"https:\/\/talithakumi.ps\/school\/wp-json\/wp\/v2\/media?parent=161"}],"curies":[{"name":"wp","href":"https:\/\/api.w.org\/{rel}","templated":true}]}}