{"id":167,"date":"2017-04-12T22:28:12","date_gmt":"2017-04-12T22:28:12","guid":{"rendered":"http:\/\/www.switch.ps\/talitha\/school\/?page_id=167"},"modified":"2025-09-19T15:47:52","modified_gmt":"2025-09-19T15:47:52","slug":"schulgeld","status":"publish","type":"page","link":"https:\/\/talithakumi.ps\/school\/schulgeld\/","title":{"rendered":"Schulgeld"},"content":{"rendered":"<div class=\"wpb-content-wrapper\"><p>[vc_row u_row_style=&#8221;1&#8243; u_row_paralax=&#8221;0&#8243; u_row_scheme=&#8221;0&#8243;][vc_column][vc_custom_heading text=&#8221;Das Schulgeld in Talitha Kumi&#8221; font_container=&#8221;tag:h1|font_size:40|text_align:center&#8221; use_theme_fonts=&#8221;yes&#8221;][\/vc_column][\/vc_row][vc_row content_placement=&#8221;top&#8221; u_row_style=&#8221;0&#8243; u_row_paralax=&#8221;0&#8243; u_row_scheme=&#8221;0&#8243;][vc_column][vc_custom_heading text=&#8221;Die Schulgeb\u00fchren f\u00fcr das Schuljahr 2025 \/ 2026&#8243; font_container=&#8221;tag:h2|font_size:34|text_align:left&#8221; use_theme_fonts=&#8221;yes&#8221; css=&#8221;.vc_custom_1758290523192{padding-top: 5px !important;padding-right: 5px !important;padding-bottom: 5px !important;padding-left: 5px !important;}&#8221;][vc_column_text css=&#8221;&#8221;]<\/p>\n<h3><span style=\"color: #000000;\"><strong><u>Schulgeb\u00fchren f\u00fcr die Schule und den Kindergarten&nbsp;<\/u><\/strong><strong><u>f\u00fcr das Schuljahr 2025 \/ 2026<\/u><\/strong><\/span><\/h3>\n<table style=\"height: 726px;\" width=\"793\">\n<tbody>\n<tr>\n<td width=\"468\">\n<h3><span style=\"color: #000000;\"><strong>Anmeldegeb\u00fchren<\/strong><\/span><\/h3>\n<\/td>\n<td width=\"155\">\n<h3><span style=\"color: #000000;\"><strong>NIS 800<\/strong><\/span><\/h3>\n<\/td>\n<\/tr>\n<tr>\n<td width=\"468\">\n<h3><span style=\"color: #000000;\"><strong>Kindergarten<\/strong><\/span><\/h3>\n<\/td>\n<td width=\"155\">\n<h3><span style=\"color: #000000;\"><strong>NIS 3600<\/strong><\/span><\/h3>\n<\/td>\n<\/tr>\n<tr>\n<td width=\"468\">\n<h3><span style=\"color: #000000;\"><strong>Grundschule (Klasse 1 \u2013 4)<\/strong><\/span><\/h3>\n<\/td>\n<td width=\"155\">\n<h3><span style=\"color: #000000;\"><strong>NIS 3700<\/strong><\/span><\/h3>\n<\/td>\n<\/tr>\n<tr>\n<td width=\"468\">\n<h3><span style=\"color: #000000;\"><strong>Mittelstufe (Klasse 5 \u2013 9)<\/strong><\/span><\/h3>\n<\/td>\n<td width=\"155\">\n<h3><span style=\"color: #000000;\"><strong>NIS 4100<\/strong><\/span><\/h3>\n<\/td>\n<\/tr>\n<tr>\n<td width=\"468\">\n<h3><span style=\"color: #000000;\"><strong>Oberstufe (Klasse 10 \u2013 12)<\/strong><\/span><\/h3>\n<\/td>\n<td width=\"155\">\n<h3><span style=\"color: #000000;\"><strong>NIS 4600<\/strong><\/span><\/h3>\n<\/td>\n<\/tr>\n<tr>\n<td width=\"468\">\n<h3><span style=\"color: #000000;\"><strong>Kindergarten langer Tag \/monatliche Geb\u00fchr<\/strong><\/span><\/h3>\n<\/td>\n<td width=\"155\">\n<h3><span style=\"color: #000000;\"><strong>NIS 200<\/strong><\/span><\/h3>\n<\/td>\n<\/tr>\n<tr>\n<td width=\"468\">\n<h3><span style=\"color: #000000;\"><strong>Kindergarten Geb\u00fchr f\u00fcr Material<\/strong><\/span><\/h3>\n<\/td>\n<td width=\"155\">\n<h3><span style=\"color: #000000;\"><strong>NIS 180<\/strong><\/span><\/h3>\n<\/td>\n<\/tr>\n<tr>\n<td width=\"468\">\n<h3><span style=\"color: #000000;\"><strong>Kindergarten Musikklasse I, II, III<\/strong><\/span><\/h3>\n<\/td>\n<td width=\"155\">\n<h3><span style=\"color: #000000;\"><strong>NIS 200<\/strong><\/span><\/h3>\n<\/td>\n<\/tr>\n<tr>\n<td width=\"468\">\n<h3><span style=\"color: #000000;\"><strong>Extrageb\u00fchren f\u00fcr die Vorschule (Tamhidi)<\/strong><\/span><\/h3>\n<\/td>\n<td width=\"155\">\n<h3><span style=\"color: #000000;\"><strong>NIS 350<\/strong><\/span><\/h3>\n<\/td>\n<\/tr>\n<tr>\n<td width=\"468\">\n<h3><span style=\"color: #000000;\"><strong>Extrageb\u00fchren f\u00fcr den Kindergarten<\/strong><\/span><\/h3>\n<\/td>\n<td width=\"155\">\n<h3><span style=\"color: #000000;\"><strong>NIS 250<\/strong><\/span><\/h3>\n<\/td>\n<\/tr>\n<\/tbody>\n<\/table>\n<p>&nbsp;[\/vc_column_text][vc_custom_heading text=&#8221;Generelle Regelungen f\u00fcr die Zahlung der Schulgeb\u00fchren:&#8221; font_container=&#8221;tag:h2|font_size:32|text_align:left&#8221; use_theme_fonts=&#8221;yes&#8221; css=&#8221;.vc_custom_1594139536651{padding-top: 5px !important;padding-right: 5px !important;padding-bottom: 5px !important;padding-left: 5px !important;}&#8221;][vc_column_text css=&#8221;&#8221;]<\/p>\n<ol>\n<li>\n<h4><span style=\"color: #000000;\">Die Einschreibgeb\u00fchr muss bis zum 15.05.2025 in der Kasse bezahlt sein, um im kommenden Schuljahr die Schullaufbahn in Talitha Kumi fortsetzen zu k\u00f6nnen.<\/span><\/h4>\n<\/li>\n<li>\n<h4><span style=\"color: #000000;\">Das Schulgeld muss p\u00fcnktlich in 5 Raten zu den angegebenen Terminen bezahlt werden.<\/span><\/h4>\n<\/li>\n<li>\n<h4><span style=\"color: #000000;\">Wer den Gesamtbetrag vor dem 30.September 2025 bezahlt, dem gew\u00e4hren wir einen Rabatt von 10%.<\/span><\/h4>\n<\/li>\n<li>\n<h4><span style=\"color: #000000;\">Wir gew\u00e4hren folgende Geschwisterrabatte auf die Schulgeb\u00fchren: 5 % Rabatt f\u00fcr das 2. Kind, 10 % Rabatt f\u00fcr das 3. Kind, 15 % Rabatt f\u00fcr das 4. Kind und 20 % f\u00fcr das 5.<\/span><\/h4>\n<\/li>\n<li>\n<h4><span style=\"color: #000000;\">Antr\u00e4ge auf Schuldgelderm\u00e4ssigung k\u00f6nnen bis zum 16.09.2024 gestellt werden. Eine Verdienstbescheinigung und andere wichtige Unterlagen sind dem Antrag beizuf\u00fcgen. Antr\u00e4ge k\u00f6nnen nur angenommen werden, wenn die Registrierungsgeb\u00fchr bezahlt wurde.<\/span><\/h4>\n<\/li>\n<li>\n<h4><span style=\"color: #000000;\">Sch\u00fcler\/innen im Tawjihi Zweig, die das Deutsche Sprachdiplom 1 (DSD I) erfolgreich bestehen, erhalten eine einmalige Zahlung von 300 NIS als Anerkennung.<\/span><\/h4>\n<\/li>\n<li>\n<h4><span style=\"color: #000000;\">Sch\u00fcler\/innen im Tawjihi Zweig, die das Deutsche Sprachdiplom 2 (DSD II) erfolgreich bestehen, erhalten eine einmalige Zahlung von 600 NIS als Anerkennung.<\/span><\/h4>\n<\/li>\n<\/ol>\n<p>[\/vc_column_text][vc_custom_heading text=&#8221;Zahlungstermine der Schulgeb\u00fchren&#8221; font_container=&#8221;tag:h2|font_size:32|text_align:left&#8221; use_theme_fonts=&#8221;yes&#8221; css=&#8221;.vc_custom_1594139566380{padding-top: 5px !important;padding-right: 5px !important;padding-bottom: 5px !important;padding-left: 5px !important;}&#8221;][vc_column_text css=&#8221;&#8221;]<\/p>\n<h4><\/h4>\n<table width=\"628\">\n<tbody>\n<tr>\n<td width=\"328\">\n<h4><span style=\"color: #000000;\"><strong>Anmeldegeb\u00fchren<\/strong><\/span><\/h4>\n<\/td>\n<td width=\"300\">\n<h4><span style=\"color: #000000;\"><strong>Mittwoch, 15.05.2025<\/strong><\/span><\/h4>\n<\/td>\n<\/tr>\n<tr>\n<td width=\"328\">\n<h4><span style=\"color: #000000;\"><strong>1. Ratenzahlung<\/strong><\/span><\/h4>\n<\/td>\n<td width=\"300\">\n<h4><span style=\"color: #000000;\"><strong>Mittwoch, 01.10.2025<\/strong><\/span><\/h4>\n<\/td>\n<\/tr>\n<tr>\n<td width=\"328\">\n<h4><span style=\"color: #000000;\"><strong>2. Ratenzahlung<\/strong><\/span><\/h4>\n<\/td>\n<td width=\"300\">\n<h4><span style=\"color: #000000;\"><strong>Mittwoch, 05.11.2025<\/strong><\/span><\/h4>\n<\/td>\n<\/tr>\n<tr>\n<td width=\"328\">\n<h4><span style=\"color: #000000;\"><strong>3. Ratenzahlung<\/strong><\/span><\/h4>\n<\/td>\n<td width=\"300\">\n<h4><span style=\"color: #000000;\"><strong>Mittwoch, 03.12.2025<\/strong><\/span><\/h4>\n<\/td>\n<\/tr>\n<tr>\n<td width=\"328\">\n<h4><span style=\"color: #000000;\"><strong>4. Ratenzahlung<\/strong><\/span><\/h4>\n<\/td>\n<td width=\"300\">\n<h4><span style=\"color: #000000;\"><strong>Mittwoch, 04.02.2026<\/strong><\/span><\/h4>\n<\/td>\n<\/tr>\n<tr>\n<td width=\"328\">\n<h4><span style=\"color: #000000;\"><strong>5. Ratenzahlung<\/strong><\/span><\/h4>\n<\/td>\n<td width=\"300\">\n<h4><span style=\"color: #000000;\"><strong>Mittwoch, 04.03.2026<\/strong><\/span><\/h4>\n<\/td>\n<\/tr>\n<\/tbody>\n<\/table>\n<h4><\/h4>\n<p>[\/vc_column_text][vc_btn title=&#8221;Infoblatt &#8211; Schulgeb\u00fchren 2025-2026&#8243; style=&#8221;gradient&#8221; gradient_color_1=&#8221;purple&#8221; gradient_color_2=&#8221;sandy-brown&#8221; size=&#8221;lg&#8221; align=&#8221;left&#8221; i_icon_fontawesome=&#8221;&#8221; css=&#8221;&#8221; add_icon=&#8221;true&#8221; link=&#8221;url:http%3A%2F%2Ftalithakumi.ps%2Fschool%2Fwp-content%2Fuploads%2Fsites%2F2%2F2025%2F09%2FSchulgebuhren-2025-2026-DE.pdf|target:_blank|rel:nofollow&#8221;][\/vc_column][\/vc_row]<\/p>\n<\/div>","protected":false},"excerpt":{"rendered":"<p>[vc_row u_row_style=&#8221;1&#8243; u_row_paralax=&#8221;0&#8243; u_row_scheme=&#8221;0&#8243;][vc_column][vc_custom_heading text=&#8221;Das Schulgeld in Talitha Kumi&#8221; font_container=&#8221;tag:h1|font_size:40|text_align:center&#8221; use_theme_fonts=&#8221;yes&#8221;][\/vc_column][\/vc_row][vc_row content_placement=&#8221;top&#8221; u_row_style=&#8221;0&#8243; u_row_paralax=&#8221;0&#8243; u_row_scheme=&#8221;0&#8243;][vc_column][vc_custom_heading text=&#8221;Die Schulgeb\u00fchren f\u00fcr das Schuljahr 2025 \/ 2026&#8243; font_container=&#8221;tag:h2|font_size:34|text_align:left&#8221; use_theme_fonts=&#8221;yes&#8221; css=&#8221;.vc_custom_1758290523192{padding-top: 5px !important;padding-right: 5px !important;padding-bottom: 5px !important;padding-left: 5px !important;}&#8221;][vc_column_text css=&#8221;&#8221;] Schulgeb\u00fchren f\u00fcr die Schule und den Kindergarten&nbsp;f\u00fcr das Schuljahr 2025 \/ 2026 Anmeldegeb\u00fchren NIS 800 Kindergarten NIS 3600 Grundschule (Klasse [&hellip;]<\/p>\n","protected":false},"author":2,"featured_media":0,"parent":0,"menu_order":0,"comment_status":"closed","ping_status":"closed","template":"page-templates\/demo-nav-3.php","meta":{"footnotes":""},"class_list":["post-167","page","type-page","status-publish","hentry"],"_links":{"self":[{"href":"https:\/\/talithakumi.ps\/school\/wp-json\/wp\/v2\/pages\/167","targetHints":{"allow":["GET"]}}],"collection":[{"href":"https:\/\/talithakumi.ps\/school\/wp-json\/wp\/v2\/pages"}],"about":[{"href":"https:\/\/talithakumi.ps\/school\/wp-json\/wp\/v2\/types\/page"}],"author":[{"embeddable":true,"href":"https:\/\/talithakumi.ps\/school\/wp-json\/wp\/v2\/users\/2"}],"replies":[{"embeddable":true,"href":"https:\/\/talithakumi.ps\/school\/wp-json\/wp\/v2\/comments?post=167"}],"version-history":[{"count":5,"href":"https:\/\/talithakumi.ps\/school\/wp-json\/wp\/v2\/pages\/167\/revisions"}],"predecessor-version":[{"id":13346,"href":"https:\/\/talithakumi.ps\/school\/wp-json\/wp\/v2\/pages\/167\/revisions\/13346"}],"wp:attachment":[{"href":"https:\/\/talithakumi.ps\/school\/wp-json\/wp\/v2\/media?parent=167"}],"curies":[{"name":"wp","href":"https:\/\/api.w.org\/{rel}","templated":true}]}}