{"id":189,"date":"2017-04-13T07:16:58","date_gmt":"2017-04-13T07:16:58","guid":{"rendered":"http:\/\/www.switch.ps\/talitha\/school\/?page_id=189"},"modified":"2025-09-19T12:30:47","modified_gmt":"2025-09-19T12:30:47","slug":"grundschule-information","status":"publish","type":"page","link":"https:\/\/talithakumi.ps\/school\/grundschule-information\/","title":{"rendered":"Grundschule &#8211; Information"},"content":{"rendered":"<div class=\"wpb-content-wrapper\"><p>[vc_row content_placement=&#8221;top&#8221; u_row_style=&#8221;0&#8243; u_row_paralax=&#8221;0&#8243; u_row_scheme=&#8221;0&#8243;][vc_column][vc_custom_heading text=&#8221;Informationen zur Grundschule&#8221; font_container=&#8221;tag:h2|font_size:40|text_align:center&#8221; use_theme_fonts=&#8221;yes&#8221;][\/vc_column][\/vc_row][vc_row u_row_style=&#8221;0&#8243; u_row_paralax=&#8221;0&#8243; u_row_scheme=&#8221;0&#8243;][vc_column width=&#8221;2\/3&#8243; css=&#8221;.vc_custom_1594214584129{padding-top: 25px !important;padding-right: 25px !important;padding-bottom: 25px !important;padding-left: 25px !important;}&#8221;][vc_column_text css=&#8221;&#8221;]<\/p>\n<h4><span style=\"color: #000000;\">Die Grundschule in Talitha Kumi umfasst die Klassen 1 bis 4. In diesem Bereich sind im Schuljahr 2025\/2026 (15) Klassen mit insgesamt (339) Sch\u00fcler\/innen.<\/span><\/h4>\n<h4><span style=\"color: #000000;\">Wir legen auch hier Wert auf den modernen, technisch ausgestatteten Unterricht, in dessen Mittelpunkt der Sch\u00fcler selbst steht, denn er soll von klein auf von sich selbst, f\u00fcr sich selbst forschen und die Wahrheit suchen und erkennen, weit weg vom langweiligen Auswendiglernen oder der einfachen Unterweisung. Ferner bem\u00fchen wir uns, die Sch\u00fclerfertigkeiten zu f\u00f6rdern und damit eine starke Sch\u00fcler-Pers\u00f6nlichkeit heranwachsen zu lassen.<\/span><\/h4>\n<h4><span style=\"color: #000000;\">Wir f\u00f6rdern die au\u00dfercurricularischen Aktivit\u00e4ten, die die Sch\u00fclerf\u00e4higkeiten st\u00e4rken, ihre Probleme selbst zu l\u00f6sen, ihr Selbstvertrauen zu festigen und ihre Liebe zu ihrer Schule und Gemeinschaft zu st\u00e4rken. Unter diesen Aktivit\u00e4ten sind:<\/span><\/h4>\n<ol>\n<li>\n<h4><span style=\"color: #000000;\">Gesellschaftsspiele, um die Psyche des Sch\u00fclers zu entlasten und ihn froh zu stimmen.<\/span><\/h4>\n<\/li>\n<li>\n<h4><span style=\"color: #000000;\">Morgengymnastik mit dem Gesang der pal\u00e4stinensischen Nationalhymne jeden Dienstag.<\/span><\/h4>\n<\/li>\n<li>\n<h4><span style=\"color: #000000;\">Wir interessieren uns f\u00fcr die Sch\u00fclertalente und konzentrieren uns auf den Unterricht von Kunst, Musik und Sport.<\/span><\/h4>\n<\/li>\n<li>\n<h4><span style=\"color: #000000;\">Wir veranstalten Bildungs- und Vergn\u00fcgungsreisen.<\/span><\/h4>\n<\/li>\n<li>\n<h4><span style=\"color: #000000;\">Wir veranstalten Wissens- und Sportwettbewerbe, um die F\u00e4higkeiten des Sch\u00fclers zu f\u00f6rdern und ihn zur Forschungsarbeit und zur allgemeinen Anwendung dieses Wissens zu motivieren.<\/span><\/h4>\n<\/li>\n<li>\n<h4><span style=\"color: #000000;\">Feierlichkeiten und Theaterst\u00fccke, die dazu beitragen, die Sch\u00fclerpers\u00f6nlichkeit zu st\u00e4rken.<\/span><\/h4>\n<\/li>\n<li>\n<h4><span style=\"color: #000000;\">Um die Sch\u00fcler f\u00fcr eine saubere Umwelt zu motivieren, verleihen wir Verdiensturkunden am Ende jedes Monats f\u00fcr den saubersten Klassenraum.<\/span><\/h4>\n<\/li>\n<li>\n<h4><span style=\"color: #000000;\">Wir stehen in enger Zusammenarbeit und Beratung mit der Sozialarbeiterin, um Sch\u00fclern mit speziellen Bed\u00fcrfnissen zu helfen.<\/span><\/h4>\n<\/li>\n<\/ol>\n<p>[\/vc_column_text][\/vc_column][vc_column width=&#8221;1\/3&#8243;][vc_empty_space height=&#8221;20px&#8221;][vc_single_image image=&#8221;12288&#8243; img_size=&#8221;full&#8221; add_caption=&#8221;yes&#8221; alignment=&#8221;center&#8221; style=&#8221;vc_box_shadow_3d&#8221; onclick=&#8221;link_image&#8221;][vc_empty_space][vc_single_image image=&#8221;458&#8243; img_size=&#8221;full&#8221; add_caption=&#8221;yes&#8221; alignment=&#8221;center&#8221; style=&#8221;vc_box_shadow_3d&#8221; onclick=&#8221;link_image&#8221;][\/vc_column][\/vc_row][vc_row][vc_column width=&#8221;1\/3&#8243;][vc_single_image image=&#8221;12286&#8243; img_size=&#8221;medium&#8221; add_caption=&#8221;yes&#8221; style=&#8221;vc_box_shadow_3d&#8221; onclick=&#8221;link_image&#8221;][vc_single_image image=&#8221;12285&#8243; img_size=&#8221;medium&#8221; add_caption=&#8221;yes&#8221; style=&#8221;vc_box_shadow_3d&#8221; onclick=&#8221;link_image&#8221;][\/vc_column][vc_column width=&#8221;1\/3&#8243;][vc_single_image image=&#8221;12290&#8243; img_size=&#8221;medium&#8221; add_caption=&#8221;yes&#8221; alignment=&#8221;center&#8221; style=&#8221;vc_box_shadow_3d&#8221; onclick=&#8221;link_image&#8221;][vc_single_image image=&#8221;12291&#8243; img_size=&#8221;medium&#8221; add_caption=&#8221;yes&#8221; alignment=&#8221;center&#8221; style=&#8221;vc_box_shadow_3d&#8221; onclick=&#8221;link_image&#8221;][\/vc_column][vc_column width=&#8221;1\/3&#8243;][vc_single_image image=&#8221;12284&#8243; img_size=&#8221;medium&#8221; add_caption=&#8221;yes&#8221; alignment=&#8221;right&#8221; style=&#8221;vc_box_shadow_3d&#8221; onclick=&#8221;link_image&#8221;][vc_single_image image=&#8221;12283&#8243; img_size=&#8221;medium&#8221; add_caption=&#8221;yes&#8221; alignment=&#8221;right&#8221; style=&#8221;vc_box_shadow_3d&#8221; onclick=&#8221;link_image&#8221;][\/vc_column][\/vc_row]<\/p>\n<\/div>","protected":false},"excerpt":{"rendered":"<p>[vc_row content_placement=&#8221;top&#8221; u_row_style=&#8221;0&#8243; u_row_paralax=&#8221;0&#8243; u_row_scheme=&#8221;0&#8243;][vc_column][vc_custom_heading text=&#8221;Informationen zur Grundschule&#8221; font_container=&#8221;tag:h2|font_size:40|text_align:center&#8221; use_theme_fonts=&#8221;yes&#8221;][\/vc_column][\/vc_row][vc_row u_row_style=&#8221;0&#8243; u_row_paralax=&#8221;0&#8243; u_row_scheme=&#8221;0&#8243;][vc_column width=&#8221;2\/3&#8243; css=&#8221;.vc_custom_1594214584129{padding-top: 25px !important;padding-right: 25px !important;padding-bottom: 25px !important;padding-left: 25px !important;}&#8221;][vc_column_text css=&#8221;&#8221;] Die Grundschule in Talitha Kumi umfasst die Klassen 1 bis 4. In diesem Bereich sind im Schuljahr 2025\/2026 (15) Klassen mit insgesamt (339) Sch\u00fcler\/innen. Wir legen auch hier Wert auf den [&hellip;]<\/p>\n","protected":false},"author":2,"featured_media":0,"parent":0,"menu_order":0,"comment_status":"closed","ping_status":"closed","template":"page-templates\/demo-nav-3.php","meta":{"footnotes":""},"class_list":["post-189","page","type-page","status-publish","hentry"],"_links":{"self":[{"href":"https:\/\/talithakumi.ps\/school\/wp-json\/wp\/v2\/pages\/189","targetHints":{"allow":["GET"]}}],"collection":[{"href":"https:\/\/talithakumi.ps\/school\/wp-json\/wp\/v2\/pages"}],"about":[{"href":"https:\/\/talithakumi.ps\/school\/wp-json\/wp\/v2\/types\/page"}],"author":[{"embeddable":true,"href":"https:\/\/talithakumi.ps\/school\/wp-json\/wp\/v2\/users\/2"}],"replies":[{"embeddable":true,"href":"https:\/\/talithakumi.ps\/school\/wp-json\/wp\/v2\/comments?post=189"}],"version-history":[{"count":5,"href":"https:\/\/talithakumi.ps\/school\/wp-json\/wp\/v2\/pages\/189\/revisions"}],"predecessor-version":[{"id":13344,"href":"https:\/\/talithakumi.ps\/school\/wp-json\/wp\/v2\/pages\/189\/revisions\/13344"}],"wp:attachment":[{"href":"https:\/\/talithakumi.ps\/school\/wp-json\/wp\/v2\/media?parent=189"}],"curies":[{"name":"wp","href":"https:\/\/api.w.org\/{rel}","templated":true}]}}