{"id":197,"date":"2017-04-13T07:19:04","date_gmt":"2017-04-13T07:19:04","guid":{"rendered":"http:\/\/www.switch.ps\/talitha\/school\/?page_id=197"},"modified":"2023-02-23T11:06:44","modified_gmt":"2023-02-23T11:06:44","slug":"grundschule-fotos","status":"publish","type":"page","link":"https:\/\/talithakumi.ps\/school\/grundschule-fotos\/","title":{"rendered":"Grundschule: Fotos"},"content":{"rendered":"<div class=\"wpb-content-wrapper\"><p>[vc_row content_placement=&#8221;top&#8221; u_row_style=&#8221;0&#8243; u_row_paralax=&#8221;0&#8243; u_row_scheme=&#8221;0&#8243;][vc_column][vc_custom_heading text=&#8221;Fotos aus der Grundschule&#8221; font_container=&#8221;tag:h2|font_size:40|text_align:center&#8221; use_theme_fonts=&#8221;yes&#8221;][\/vc_column][\/vc_row][vc_row content_placement=&#8221;middle&#8221; u_row_style=&#8221;0&#8243; u_row_paralax=&#8221;0&#8243; u_row_scheme=&#8221;0&#8243;][vc_column][vc_column_text]<\/p>\n<h3><strong>Auswahl von Bildern auf dem Unterricht in der Grundschule<\/strong><\/h3>\n<p>\n\t\t<style type=\"text\/css\">\n\t\t\t#gallery-1 {\n\t\t\t\tmargin: auto;\n\t\t\t}\n\t\t\t#gallery-1 .gallery-item {\n\t\t\t\tfloat: left;\n\t\t\t\tmargin-top: 10px;\n\t\t\t\ttext-align: center;\n\t\t\t\twidth: 20%;\n\t\t\t}\n\t\t\t#gallery-1 img {\n\t\t\t\tborder: 2px solid #cfcfcf;\n\t\t\t}\n\t\t\t#gallery-1 .gallery-caption {\n\t\t\t\tmargin-left: 0;\n\t\t\t}\n\t\t\t\/* see gallery_shortcode() in wp-includes\/media.php *\/\n\t\t<\/style>\n\t\t<div id='gallery-1' class='gallery galleryid-197 gallery-columns-5 gallery-size-medium'><dl class='gallery-item'>\n\t\t\t<dt class='gallery-icon landscape'>\n\t\t\t\t<a href='https:\/\/talithakumi.ps\/school\/grundschule-fotos\/325097904_1139744923373939_6026463777674235668_n\/'><img loading=\"lazy\" decoding=\"async\" width=\"300\" height=\"225\" src=\"https:\/\/talithakumi.ps\/school\/wp-content\/uploads\/sites\/2\/2023\/02\/325097904_1139744923373939_6026463777674235668_n-300x225.jpg\" class=\"attachment-medium size-medium\" alt=\"\" srcset=\"https:\/\/talithakumi.ps\/school\/wp-content\/uploads\/sites\/2\/2023\/02\/325097904_1139744923373939_6026463777674235668_n-300x225.jpg 300w, https:\/\/talithakumi.ps\/school\/wp-content\/uploads\/sites\/2\/2023\/02\/325097904_1139744923373939_6026463777674235668_n-768x576.jpg 768w, https:\/\/talithakumi.ps\/school\/wp-content\/uploads\/sites\/2\/2023\/02\/325097904_1139744923373939_6026463777674235668_n-255x191.jpg 255w, https:\/\/talithakumi.ps\/school\/wp-content\/uploads\/sites\/2\/2023\/02\/325097904_1139744923373939_6026463777674235668_n.jpg 1024w\" sizes=\"auto, (max-width: 300px) 100vw, 300px\" \/><\/a>\n\t\t\t<\/dt><\/dl><dl class='gallery-item'>\n\t\t\t<dt class='gallery-icon landscape'>\n\t\t\t\t<a href='https:\/\/talithakumi.ps\/school\/grundschule-fotos\/331655642_2032075903836974_2176834579632614440_n\/'><img loading=\"lazy\" decoding=\"async\" width=\"300\" height=\"225\" src=\"https:\/\/talithakumi.ps\/school\/wp-content\/uploads\/sites\/2\/2023\/02\/331655642_2032075903836974_2176834579632614440_n-300x225.jpg\" class=\"attachment-medium size-medium\" alt=\"\" srcset=\"https:\/\/talithakumi.ps\/school\/wp-content\/uploads\/sites\/2\/2023\/02\/331655642_2032075903836974_2176834579632614440_n-300x225.jpg 300w, https:\/\/talithakumi.ps\/school\/wp-content\/uploads\/sites\/2\/2023\/02\/331655642_2032075903836974_2176834579632614440_n-768x576.jpg 768w, https:\/\/talithakumi.ps\/school\/wp-content\/uploads\/sites\/2\/2023\/02\/331655642_2032075903836974_2176834579632614440_n-255x191.jpg 255w, https:\/\/talithakumi.ps\/school\/wp-content\/uploads\/sites\/2\/2023\/02\/331655642_2032075903836974_2176834579632614440_n.jpg 1024w\" sizes=\"auto, (max-width: 300px) 100vw, 300px\" \/><\/a>\n\t\t\t<\/dt><\/dl><dl class='gallery-item'>\n\t\t\t<dt class='gallery-icon landscape'>\n\t\t\t\t<a href='https:\/\/talithakumi.ps\/school\/grundschule-fotos\/326658316_1969184820140018_6517526631684570232_n\/'><img loading=\"lazy\" decoding=\"async\" width=\"300\" height=\"225\" src=\"https:\/\/talithakumi.ps\/school\/wp-content\/uploads\/sites\/2\/2023\/02\/326658316_1969184820140018_6517526631684570232_n-300x225.jpg\" class=\"attachment-medium size-medium\" alt=\"\" srcset=\"https:\/\/talithakumi.ps\/school\/wp-content\/uploads\/sites\/2\/2023\/02\/326658316_1969184820140018_6517526631684570232_n-300x225.jpg 300w, https:\/\/talithakumi.ps\/school\/wp-content\/uploads\/sites\/2\/2023\/02\/326658316_1969184820140018_6517526631684570232_n-768x576.jpg 768w, https:\/\/talithakumi.ps\/school\/wp-content\/uploads\/sites\/2\/2023\/02\/326658316_1969184820140018_6517526631684570232_n-255x191.jpg 255w, https:\/\/talithakumi.ps\/school\/wp-content\/uploads\/sites\/2\/2023\/02\/326658316_1969184820140018_6517526631684570232_n.jpg 1024w\" sizes=\"auto, (max-width: 300px) 100vw, 300px\" \/><\/a>\n\t\t\t<\/dt><\/dl><dl class='gallery-item'>\n\t\t\t<dt class='gallery-icon landscape'>\n\t\t\t\t<a href='https:\/\/talithakumi.ps\/school\/grundschule-fotos\/img-20230221-wa0057\/'><img loading=\"lazy\" decoding=\"async\" width=\"300\" height=\"225\" src=\"https:\/\/talithakumi.ps\/school\/wp-content\/uploads\/sites\/2\/2023\/02\/IMG-20230221-WA0057-300x225.jpg\" class=\"attachment-medium size-medium\" alt=\"\" srcset=\"https:\/\/talithakumi.ps\/school\/wp-content\/uploads\/sites\/2\/2023\/02\/IMG-20230221-WA0057-300x225.jpg 300w, https:\/\/talithakumi.ps\/school\/wp-content\/uploads\/sites\/2\/2023\/02\/IMG-20230221-WA0057-1024x768.jpg 1024w, https:\/\/talithakumi.ps\/school\/wp-content\/uploads\/sites\/2\/2023\/02\/IMG-20230221-WA0057-768x576.jpg 768w, https:\/\/talithakumi.ps\/school\/wp-content\/uploads\/sites\/2\/2023\/02\/IMG-20230221-WA0057-1536x1152.jpg 1536w, https:\/\/talithakumi.ps\/school\/wp-content\/uploads\/sites\/2\/2023\/02\/IMG-20230221-WA0057-255x191.jpg 255w, https:\/\/talithakumi.ps\/school\/wp-content\/uploads\/sites\/2\/2023\/02\/IMG-20230221-WA0057.jpg 1600w\" sizes=\"auto, (max-width: 300px) 100vw, 300px\" \/><\/a>\n\t\t\t<\/dt><\/dl><dl class='gallery-item'>\n\t\t\t<dt class='gallery-icon landscape'>\n\t\t\t\t<a href='https:\/\/talithakumi.ps\/school\/grundschule-fotos\/img-20230221-wa0001\/'><img loading=\"lazy\" decoding=\"async\" width=\"300\" height=\"225\" src=\"https:\/\/talithakumi.ps\/school\/wp-content\/uploads\/sites\/2\/2023\/02\/IMG-20230221-WA0001-300x225.jpg\" class=\"attachment-medium size-medium\" alt=\"\" srcset=\"https:\/\/talithakumi.ps\/school\/wp-content\/uploads\/sites\/2\/2023\/02\/IMG-20230221-WA0001-300x225.jpg 300w, https:\/\/talithakumi.ps\/school\/wp-content\/uploads\/sites\/2\/2023\/02\/IMG-20230221-WA0001-1024x768.jpg 1024w, https:\/\/talithakumi.ps\/school\/wp-content\/uploads\/sites\/2\/2023\/02\/IMG-20230221-WA0001-768x576.jpg 768w, https:\/\/talithakumi.ps\/school\/wp-content\/uploads\/sites\/2\/2023\/02\/IMG-20230221-WA0001-1536x1152.jpg 1536w, https:\/\/talithakumi.ps\/school\/wp-content\/uploads\/sites\/2\/2023\/02\/IMG-20230221-WA0001-255x191.jpg 255w, https:\/\/talithakumi.ps\/school\/wp-content\/uploads\/sites\/2\/2023\/02\/IMG-20230221-WA0001.jpg 1600w\" sizes=\"auto, (max-width: 300px) 100vw, 300px\" \/><\/a>\n\t\t\t<\/dt><\/dl><br style=\"clear: both\" \/><dl class='gallery-item'>\n\t\t\t<dt class='gallery-icon landscape'>\n\t\t\t\t<a href='https:\/\/talithakumi.ps\/school\/grundschule-fotos\/325468651_692300269253848_3340563812161834365_n\/'><img loading=\"lazy\" decoding=\"async\" width=\"300\" height=\"225\" src=\"https:\/\/talithakumi.ps\/school\/wp-content\/uploads\/sites\/2\/2023\/02\/325468651_692300269253848_3340563812161834365_n-300x225.jpg\" class=\"attachment-medium size-medium\" alt=\"\" srcset=\"https:\/\/talithakumi.ps\/school\/wp-content\/uploads\/sites\/2\/2023\/02\/325468651_692300269253848_3340563812161834365_n-300x225.jpg 300w, https:\/\/talithakumi.ps\/school\/wp-content\/uploads\/sites\/2\/2023\/02\/325468651_692300269253848_3340563812161834365_n-768x576.jpg 768w, https:\/\/talithakumi.ps\/school\/wp-content\/uploads\/sites\/2\/2023\/02\/325468651_692300269253848_3340563812161834365_n-255x191.jpg 255w, https:\/\/talithakumi.ps\/school\/wp-content\/uploads\/sites\/2\/2023\/02\/325468651_692300269253848_3340563812161834365_n.jpg 1024w\" sizes=\"auto, (max-width: 300px) 100vw, 300px\" \/><\/a>\n\t\t\t<\/dt><\/dl><dl class='gallery-item'>\n\t\t\t<dt class='gallery-icon landscape'>\n\t\t\t\t<a href='https:\/\/talithakumi.ps\/school\/grundschule-fotos\/332042270_735351191432331_1790563554201088792_n\/'><img loading=\"lazy\" decoding=\"async\" width=\"300\" height=\"225\" src=\"https:\/\/talithakumi.ps\/school\/wp-content\/uploads\/sites\/2\/2023\/02\/332042270_735351191432331_1790563554201088792_n-300x225.jpg\" class=\"attachment-medium size-medium\" alt=\"\" srcset=\"https:\/\/talithakumi.ps\/school\/wp-content\/uploads\/sites\/2\/2023\/02\/332042270_735351191432331_1790563554201088792_n-300x225.jpg 300w, https:\/\/talithakumi.ps\/school\/wp-content\/uploads\/sites\/2\/2023\/02\/332042270_735351191432331_1790563554201088792_n-768x576.jpg 768w, https:\/\/talithakumi.ps\/school\/wp-content\/uploads\/sites\/2\/2023\/02\/332042270_735351191432331_1790563554201088792_n-255x191.jpg 255w, https:\/\/talithakumi.ps\/school\/wp-content\/uploads\/sites\/2\/2023\/02\/332042270_735351191432331_1790563554201088792_n.jpg 1024w\" sizes=\"auto, (max-width: 300px) 100vw, 300px\" \/><\/a>\n\t\t\t<\/dt><\/dl><dl class='gallery-item'>\n\t\t\t<dt class='gallery-icon landscape'>\n\t\t\t\t<a href='https:\/\/talithakumi.ps\/school\/grundschule-fotos\/331523651_1503244626869408_1059539910333898764_n\/'><img loading=\"lazy\" decoding=\"async\" width=\"300\" height=\"225\" src=\"https:\/\/talithakumi.ps\/school\/wp-content\/uploads\/sites\/2\/2023\/02\/331523651_1503244626869408_1059539910333898764_n-300x225.jpg\" class=\"attachment-medium size-medium\" alt=\"\" srcset=\"https:\/\/talithakumi.ps\/school\/wp-content\/uploads\/sites\/2\/2023\/02\/331523651_1503244626869408_1059539910333898764_n-300x225.jpg 300w, https:\/\/talithakumi.ps\/school\/wp-content\/uploads\/sites\/2\/2023\/02\/331523651_1503244626869408_1059539910333898764_n-768x576.jpg 768w, https:\/\/talithakumi.ps\/school\/wp-content\/uploads\/sites\/2\/2023\/02\/331523651_1503244626869408_1059539910333898764_n-255x191.jpg 255w, https:\/\/talithakumi.ps\/school\/wp-content\/uploads\/sites\/2\/2023\/02\/331523651_1503244626869408_1059539910333898764_n.jpg 1024w\" sizes=\"auto, (max-width: 300px) 100vw, 300px\" \/><\/a>\n\t\t\t<\/dt><\/dl><dl class='gallery-item'>\n\t\t\t<dt class='gallery-icon landscape'>\n\t\t\t\t<a href='https:\/\/talithakumi.ps\/school\/grundschule-fotos\/img-20230221-wa0016\/'><img loading=\"lazy\" decoding=\"async\" width=\"300\" height=\"225\" src=\"https:\/\/talithakumi.ps\/school\/wp-content\/uploads\/sites\/2\/2023\/02\/IMG-20230221-WA0016-300x225.jpg\" class=\"attachment-medium size-medium\" alt=\"\" srcset=\"https:\/\/talithakumi.ps\/school\/wp-content\/uploads\/sites\/2\/2023\/02\/IMG-20230221-WA0016-300x225.jpg 300w, https:\/\/talithakumi.ps\/school\/wp-content\/uploads\/sites\/2\/2023\/02\/IMG-20230221-WA0016-1024x768.jpg 1024w, https:\/\/talithakumi.ps\/school\/wp-content\/uploads\/sites\/2\/2023\/02\/IMG-20230221-WA0016-768x576.jpg 768w, https:\/\/talithakumi.ps\/school\/wp-content\/uploads\/sites\/2\/2023\/02\/IMG-20230221-WA0016-1536x1152.jpg 1536w, https:\/\/talithakumi.ps\/school\/wp-content\/uploads\/sites\/2\/2023\/02\/IMG-20230221-WA0016-255x191.jpg 255w, https:\/\/talithakumi.ps\/school\/wp-content\/uploads\/sites\/2\/2023\/02\/IMG-20230221-WA0016.jpg 1600w\" sizes=\"auto, (max-width: 300px) 100vw, 300px\" \/><\/a>\n\t\t\t<\/dt><\/dl><dl class='gallery-item'>\n\t\t\t<dt class='gallery-icon landscape'>\n\t\t\t\t<a href='https:\/\/talithakumi.ps\/school\/grundschule-fotos\/img-20230221-wa0020\/'><img loading=\"lazy\" decoding=\"async\" width=\"300\" height=\"225\" src=\"https:\/\/talithakumi.ps\/school\/wp-content\/uploads\/sites\/2\/2023\/02\/IMG-20230221-WA0020-300x225.jpg\" class=\"attachment-medium size-medium\" alt=\"\" srcset=\"https:\/\/talithakumi.ps\/school\/wp-content\/uploads\/sites\/2\/2023\/02\/IMG-20230221-WA0020-300x225.jpg 300w, https:\/\/talithakumi.ps\/school\/wp-content\/uploads\/sites\/2\/2023\/02\/IMG-20230221-WA0020-1024x768.jpg 1024w, https:\/\/talithakumi.ps\/school\/wp-content\/uploads\/sites\/2\/2023\/02\/IMG-20230221-WA0020-768x576.jpg 768w, https:\/\/talithakumi.ps\/school\/wp-content\/uploads\/sites\/2\/2023\/02\/IMG-20230221-WA0020-1536x1152.jpg 1536w, https:\/\/talithakumi.ps\/school\/wp-content\/uploads\/sites\/2\/2023\/02\/IMG-20230221-WA0020-255x191.jpg 255w, https:\/\/talithakumi.ps\/school\/wp-content\/uploads\/sites\/2\/2023\/02\/IMG-20230221-WA0020.jpg 1600w\" sizes=\"auto, (max-width: 300px) 100vw, 300px\" \/><\/a>\n\t\t\t<\/dt><\/dl><br style=\"clear: both\" \/><dl class='gallery-item'>\n\t\t\t<dt class='gallery-icon landscape'>\n\t\t\t\t<a href='https:\/\/talithakumi.ps\/school\/grundschule-fotos\/331669174_2539984232810754_2224066840666028624_n\/'><img loading=\"lazy\" decoding=\"async\" width=\"300\" height=\"225\" src=\"https:\/\/talithakumi.ps\/school\/wp-content\/uploads\/sites\/2\/2023\/02\/331669174_2539984232810754_2224066840666028624_n-300x225.jpg\" class=\"attachment-medium size-medium\" alt=\"\" srcset=\"https:\/\/talithakumi.ps\/school\/wp-content\/uploads\/sites\/2\/2023\/02\/331669174_2539984232810754_2224066840666028624_n-300x225.jpg 300w, https:\/\/talithakumi.ps\/school\/wp-content\/uploads\/sites\/2\/2023\/02\/331669174_2539984232810754_2224066840666028624_n-768x576.jpg 768w, https:\/\/talithakumi.ps\/school\/wp-content\/uploads\/sites\/2\/2023\/02\/331669174_2539984232810754_2224066840666028624_n-255x191.jpg 255w, https:\/\/talithakumi.ps\/school\/wp-content\/uploads\/sites\/2\/2023\/02\/331669174_2539984232810754_2224066840666028624_n.jpg 1024w\" sizes=\"auto, (max-width: 300px) 100vw, 300px\" \/><\/a>\n\t\t\t<\/dt><\/dl><dl class='gallery-item'>\n\t\t\t<dt class='gallery-icon landscape'>\n\t\t\t\t<a href='https:\/\/talithakumi.ps\/school\/grundschule-fotos\/332173814_564296485628626_7699938235468658537_n\/'><img loading=\"lazy\" decoding=\"async\" width=\"300\" height=\"225\" src=\"https:\/\/talithakumi.ps\/school\/wp-content\/uploads\/sites\/2\/2023\/02\/332173814_564296485628626_7699938235468658537_n-300x225.jpg\" class=\"attachment-medium size-medium\" alt=\"\" srcset=\"https:\/\/talithakumi.ps\/school\/wp-content\/uploads\/sites\/2\/2023\/02\/332173814_564296485628626_7699938235468658537_n-300x225.jpg 300w, https:\/\/talithakumi.ps\/school\/wp-content\/uploads\/sites\/2\/2023\/02\/332173814_564296485628626_7699938235468658537_n-768x576.jpg 768w, https:\/\/talithakumi.ps\/school\/wp-content\/uploads\/sites\/2\/2023\/02\/332173814_564296485628626_7699938235468658537_n-255x191.jpg 255w, https:\/\/talithakumi.ps\/school\/wp-content\/uploads\/sites\/2\/2023\/02\/332173814_564296485628626_7699938235468658537_n.jpg 1024w\" sizes=\"auto, (max-width: 300px) 100vw, 300px\" \/><\/a>\n\t\t\t<\/dt><\/dl><dl class='gallery-item'>\n\t\t\t<dt class='gallery-icon landscape'>\n\t\t\t\t<a href='https:\/\/talithakumi.ps\/school\/grundschule-fotos\/img-20230221-wa0005\/'><img loading=\"lazy\" decoding=\"async\" width=\"300\" height=\"225\" src=\"https:\/\/talithakumi.ps\/school\/wp-content\/uploads\/sites\/2\/2023\/02\/IMG-20230221-WA0005-300x225.jpg\" class=\"attachment-medium size-medium\" alt=\"\" srcset=\"https:\/\/talithakumi.ps\/school\/wp-content\/uploads\/sites\/2\/2023\/02\/IMG-20230221-WA0005-300x225.jpg 300w, https:\/\/talithakumi.ps\/school\/wp-content\/uploads\/sites\/2\/2023\/02\/IMG-20230221-WA0005-1024x768.jpg 1024w, https:\/\/talithakumi.ps\/school\/wp-content\/uploads\/sites\/2\/2023\/02\/IMG-20230221-WA0005-768x576.jpg 768w, https:\/\/talithakumi.ps\/school\/wp-content\/uploads\/sites\/2\/2023\/02\/IMG-20230221-WA0005-1536x1152.jpg 1536w, https:\/\/talithakumi.ps\/school\/wp-content\/uploads\/sites\/2\/2023\/02\/IMG-20230221-WA0005-255x191.jpg 255w, https:\/\/talithakumi.ps\/school\/wp-content\/uploads\/sites\/2\/2023\/02\/IMG-20230221-WA0005.jpg 1600w\" sizes=\"auto, (max-width: 300px) 100vw, 300px\" \/><\/a>\n\t\t\t<\/dt><\/dl><dl class='gallery-item'>\n\t\t\t<dt class='gallery-icon landscape'>\n\t\t\t\t<a href='https:\/\/talithakumi.ps\/school\/grundschule-fotos\/img-20230221-wa0032\/'><img loading=\"lazy\" decoding=\"async\" width=\"300\" height=\"225\" src=\"https:\/\/talithakumi.ps\/school\/wp-content\/uploads\/sites\/2\/2023\/02\/IMG-20230221-WA0032-300x225.jpg\" class=\"attachment-medium size-medium\" alt=\"\" srcset=\"https:\/\/talithakumi.ps\/school\/wp-content\/uploads\/sites\/2\/2023\/02\/IMG-20230221-WA0032-300x225.jpg 300w, https:\/\/talithakumi.ps\/school\/wp-content\/uploads\/sites\/2\/2023\/02\/IMG-20230221-WA0032-1024x768.jpg 1024w, https:\/\/talithakumi.ps\/school\/wp-content\/uploads\/sites\/2\/2023\/02\/IMG-20230221-WA0032-768x576.jpg 768w, https:\/\/talithakumi.ps\/school\/wp-content\/uploads\/sites\/2\/2023\/02\/IMG-20230221-WA0032-1536x1152.jpg 1536w, https:\/\/talithakumi.ps\/school\/wp-content\/uploads\/sites\/2\/2023\/02\/IMG-20230221-WA0032-255x191.jpg 255w, https:\/\/talithakumi.ps\/school\/wp-content\/uploads\/sites\/2\/2023\/02\/IMG-20230221-WA0032.jpg 1600w\" sizes=\"auto, (max-width: 300px) 100vw, 300px\" \/><\/a>\n\t\t\t<\/dt><\/dl><dl class='gallery-item'>\n\t\t\t<dt class='gallery-icon landscape'>\n\t\t\t\t<a href='https:\/\/talithakumi.ps\/school\/grundschule-fotos\/326585924_1355164918378812_7123293191433295046_n\/'><img loading=\"lazy\" decoding=\"async\" width=\"300\" height=\"225\" src=\"https:\/\/talithakumi.ps\/school\/wp-content\/uploads\/sites\/2\/2023\/02\/326585924_1355164918378812_7123293191433295046_n-300x225.jpg\" class=\"attachment-medium size-medium\" alt=\"\" srcset=\"https:\/\/talithakumi.ps\/school\/wp-content\/uploads\/sites\/2\/2023\/02\/326585924_1355164918378812_7123293191433295046_n-300x225.jpg 300w, https:\/\/talithakumi.ps\/school\/wp-content\/uploads\/sites\/2\/2023\/02\/326585924_1355164918378812_7123293191433295046_n-768x576.jpg 768w, https:\/\/talithakumi.ps\/school\/wp-content\/uploads\/sites\/2\/2023\/02\/326585924_1355164918378812_7123293191433295046_n-255x191.jpg 255w, https:\/\/talithakumi.ps\/school\/wp-content\/uploads\/sites\/2\/2023\/02\/326585924_1355164918378812_7123293191433295046_n.jpg 1024w\" sizes=\"auto, (max-width: 300px) 100vw, 300px\" \/><\/a>\n\t\t\t<\/dt><\/dl><br style=\"clear: both\" \/>\n\t\t<\/div>\n[\/vc_column_text][vc_column_text]<\/p>\n<h5><em>Auf unserer Homepage befinden sich zahlreiche Fotos von Sch\u00fclern, Lehrern, Eltern und Freunden der Talitha Kumi Schule.<\/em><\/h5>\n<h5><em>Diese sollen die vielf\u00e4ltigen Aktivit\u00e4ten in der Schule dokumentieren. Sollte jemand mit einer bildlichen Darstellung nicht einverstanden sein, so m\u00f6ge er dieses mitteilen. Das Bild wird umgehend entfernt. Bitte teilen Sie uns dann auch die genaue Bildbezeichnung mit.<\/em><\/h5>\n<h5><em>Die Verwendung der Fotos f\u00fcr den privaten Gebrauch ist gestattet, eine gewerbliche Nutzung oder andersartige Weiterverwendung jedoch strengstens untersagt.<\/em><\/h5>\n<p>[\/vc_column_text][\/vc_column][\/vc_row]<\/p>\n<\/div>","protected":false},"excerpt":{"rendered":"<p>[vc_row content_placement=&#8221;top&#8221; u_row_style=&#8221;0&#8243; u_row_paralax=&#8221;0&#8243; u_row_scheme=&#8221;0&#8243;][vc_column][vc_custom_heading text=&#8221;Fotos aus der Grundschule&#8221; font_container=&#8221;tag:h2|font_size:40|text_align:center&#8221; use_theme_fonts=&#8221;yes&#8221;][\/vc_column][\/vc_row][vc_row content_placement=&#8221;middle&#8221; u_row_style=&#8221;0&#8243; u_row_paralax=&#8221;0&#8243; u_row_scheme=&#8221;0&#8243;][vc_column][vc_column_text] Auswahl von Bildern auf dem Unterricht in der Grundschule [\/vc_column_text][vc_column_text] Auf unserer Homepage befinden sich zahlreiche Fotos von Sch\u00fclern, Lehrern, Eltern und Freunden der Talitha Kumi Schule. Diese sollen die vielf\u00e4ltigen Aktivit\u00e4ten in der Schule dokumentieren. Sollte jemand mit einer [&hellip;]<\/p>\n","protected":false},"author":2,"featured_media":0,"parent":0,"menu_order":0,"comment_status":"closed","ping_status":"closed","template":"page-templates\/demo-nav-3.php","meta":{"footnotes":""},"class_list":["post-197","page","type-page","status-publish","hentry"],"_links":{"self":[{"href":"https:\/\/talithakumi.ps\/school\/wp-json\/wp\/v2\/pages\/197","targetHints":{"allow":["GET"]}}],"collection":[{"href":"https:\/\/talithakumi.ps\/school\/wp-json\/wp\/v2\/pages"}],"about":[{"href":"https:\/\/talithakumi.ps\/school\/wp-json\/wp\/v2\/types\/page"}],"author":[{"embeddable":true,"href":"https:\/\/talithakumi.ps\/school\/wp-json\/wp\/v2\/users\/2"}],"replies":[{"embeddable":true,"href":"https:\/\/talithakumi.ps\/school\/wp-json\/wp\/v2\/comments?post=197"}],"version-history":[{"count":5,"href":"https:\/\/talithakumi.ps\/school\/wp-json\/wp\/v2\/pages\/197\/revisions"}],"predecessor-version":[{"id":12166,"href":"https:\/\/talithakumi.ps\/school\/wp-json\/wp\/v2\/pages\/197\/revisions\/12166"}],"wp:attachment":[{"href":"https:\/\/talithakumi.ps\/school\/wp-json\/wp\/v2\/media?parent=197"}],"curies":[{"name":"wp","href":"https:\/\/api.w.org\/{rel}","templated":true}]}}