{"id":199,"date":"2017-04-13T07:20:08","date_gmt":"2017-04-13T07:20:08","guid":{"rendered":"http:\/\/www.switch.ps\/talitha\/school\/?page_id=199"},"modified":"2023-04-10T15:45:07","modified_gmt":"2023-04-10T15:45:07","slug":"tawjihi-zweig-information","status":"publish","type":"page","link":"https:\/\/talithakumi.ps\/school\/tawjihi-zweig-information\/","title":{"rendered":"Tawjihi-Zweig &#8211; Information"},"content":{"rendered":"<div class=\"wpb-content-wrapper\"><p>[vc_row content_placement=&#8221;top&#8221; u_row_style=&#8221;0&#8243; u_row_paralax=&#8221;0&#8243; u_row_scheme=&#8221;0&#8243;][vc_column][vc_custom_heading text=&#8221;Informationen zum Tawjihi-Zweig&#8221; font_container=&#8221;tag:h2|font_size:40|text_align:center&#8221; use_theme_fonts=&#8221;yes&#8221;][\/vc_column][\/vc_row][vc_row u_row_style=&#8221;0&#8243; u_row_paralax=&#8221;0&#8243; u_row_scheme=&#8221;0&#8243;][vc_column width=&#8221;2\/3&#8243; css=&#8221;.vc_custom_1594227948953{padding-top: 25px !important;padding-right: 25px !important;padding-bottom: 25px !important;padding-left: 25px !important;}&#8221;][vc_custom_heading text=&#8221;Die Grund- und Sekundarstufen&#8221; font_container=&#8221;tag:h2|font_size:32|text_align:left&#8221; use_theme_fonts=&#8221;yes&#8221;][vc_column_text]<\/p>\n<h4><span style=\"color: #000000\">Die Grundstufe in Talitha Kumi besteht aus den Klassen 5 bis 10 und umfasst (11) Klassengruppen. Die Sch\u00fclerzahl betr\u00e4gt (218) Sch\u00fcler\/innen. Die Sekundarstufe dagegen umfasst nur die Klassen 11 und 12 beider Zweige, des naturwissenschaftlichen und des geisteswissenschaftlichen, auch literarischen, Zweiges genannt. Beide Klassen haben zusammen (50) Sch\u00fcler\/innen. Alle Sch\u00fcler\/innen werden nach dem pal\u00e4stinensischen Lehrplan unterrichtet, der sie auf die Abschlusspr\u00fcfung der pal\u00e4stinensischen Sekundarstufe, der Hochschulreife &#8211; im einheimischen Jargon \u201eTawjihi\u201c genannt &#8211; vorbereitet. Alle Sch\u00fcler\/innen haben in diesen beiden Stufen neben Englisch auch Deutsch als zweite Fremdsprache zu lernen. Sie k\u00f6nnen vor ihrem Sekundarschulabschlu\u00df in dieser Sprache das deutsche Sprachdiplom 1 und 2 (DSD1 und DSD2) ablegen. Letzteres bef\u00e4higt sie, ein Universit\u00e4tsstudium in Deutschland aufzunehmen.<\/span><\/h4>\n<h4><span style=\"color: #000000\">Die Schule ist bedacht, eine selbstbewusste und gebildete Generation von jungen Leuten durch Einsatz einer Vielfalt von modernen und fortgeschrittenen Unterrichts-Methoden heranzubilden. Dies tr\u00e4gt dazu bei, die Pers\u00f6nlichkeit des Sch\u00fclers zu f\u00f6rdern und ihn mit allen notwendigen Mitteln f\u00fcr den Start ins akademische und Berufsleben auszur\u00fcsten.<\/span><\/h4>\n<h4><span style=\"color: #000000\">F\u00fcr diesen Zweck wurden die Klassenr\u00e4ume mit modernen, elektronischen Lehr- und Lernmitteln und Ger\u00e4ten ausgestattet, die den Lernprozess weitgehend f\u00f6rdern und die Sch\u00fcler selbstst\u00e4ndig arbeiten lassen und sie f\u00fcr mehr Kreativit\u00e4t und Erfindungsgeist motivieren. Es ist bemerkenswert, dass diese zwei Bildungsstufen moderne naturwissenschaftliche und IT-Labors haben. Dazu kommen noch zwei Bibliotheken, eine deutsche (die Leseinsel) und eine arabische. Letztere ist generell f\u00fcr alle F\u00e4cher.<\/span><\/h4>\n<p>[\/vc_column_text][\/vc_column][vc_column width=&#8221;1\/3&#8243; css=&#8221;.vc_custom_1594227958480{padding-top: 25px !important;padding-right: 25px !important;padding-bottom: 25px !important;padding-left: 25px !important;}&#8221;][vc_empty_space height=&#8221;40px&#8221;][vc_single_image image=&#8221;12297&#8243; img_size=&#8221;full&#8221; add_caption=&#8221;yes&#8221; alignment=&#8221;right&#8221; style=&#8221;vc_box_shadow_3d&#8221; onclick=&#8221;link_image&#8221;][vc_empty_space][vc_empty_space][\/vc_column][\/vc_row][vc_row 0=&#8221;&#8221;][vc_column width=&#8221;1\/2&#8243;][vc_single_image image=&#8221;12300&#8243; img_size=&#8221;large&#8221; add_caption=&#8221;yes&#8221; alignment=&#8221;center&#8221; style=&#8221;vc_box_shadow_3d&#8221; onclick=&#8221;link_image&#8221;][vc_single_image image=&#8221;12309&#8243; img_size=&#8221;large&#8221; add_caption=&#8221;yes&#8221; alignment=&#8221;center&#8221; style=&#8221;vc_box_shadow_3d&#8221; onclick=&#8221;link_image&#8221;][\/vc_column][vc_column width=&#8221;1\/2&#8243;][vc_single_image image=&#8221;12299&#8243; img_size=&#8221;large&#8221; add_caption=&#8221;yes&#8221; alignment=&#8221;center&#8221; style=&#8221;vc_box_shadow_3d&#8221; onclick=&#8221;link_image&#8221;][vc_single_image image=&#8221;12298&#8243; img_size=&#8221;large&#8221; add_caption=&#8221;yes&#8221; alignment=&#8221;center&#8221; style=&#8221;vc_box_shadow_3d&#8221; onclick=&#8221;link_image&#8221;][\/vc_column][\/vc_row]<\/p>\n<\/div>","protected":false},"excerpt":{"rendered":"<p>[vc_row content_placement=&#8221;top&#8221; u_row_style=&#8221;0&#8243; u_row_paralax=&#8221;0&#8243; u_row_scheme=&#8221;0&#8243;][vc_column][vc_custom_heading text=&#8221;Informationen zum Tawjihi-Zweig&#8221; font_container=&#8221;tag:h2|font_size:40|text_align:center&#8221; use_theme_fonts=&#8221;yes&#8221;][\/vc_column][\/vc_row][vc_row u_row_style=&#8221;0&#8243; u_row_paralax=&#8221;0&#8243; u_row_scheme=&#8221;0&#8243;][vc_column width=&#8221;2\/3&#8243; css=&#8221;.vc_custom_1594227948953{padding-top: 25px !important;padding-right: 25px !important;padding-bottom: 25px !important;padding-left: 25px !important;}&#8221;][vc_custom_heading text=&#8221;Die Grund- und Sekundarstufen&#8221; font_container=&#8221;tag:h2|font_size:32|text_align:left&#8221; use_theme_fonts=&#8221;yes&#8221;][vc_column_text] Die Grundstufe in Talitha Kumi besteht aus den Klassen 5 bis 10 und umfasst (11) Klassengruppen. Die Sch\u00fclerzahl betr\u00e4gt (218) Sch\u00fcler\/innen. Die Sekundarstufe dagegen umfasst nur [&hellip;]<\/p>\n","protected":false},"author":2,"featured_media":0,"parent":0,"menu_order":0,"comment_status":"closed","ping_status":"closed","template":"page-templates\/demo-nav-3.php","meta":{"footnotes":""},"class_list":["post-199","page","type-page","status-publish","hentry"],"_links":{"self":[{"href":"https:\/\/talithakumi.ps\/school\/wp-json\/wp\/v2\/pages\/199","targetHints":{"allow":["GET"]}}],"collection":[{"href":"https:\/\/talithakumi.ps\/school\/wp-json\/wp\/v2\/pages"}],"about":[{"href":"https:\/\/talithakumi.ps\/school\/wp-json\/wp\/v2\/types\/page"}],"author":[{"embeddable":true,"href":"https:\/\/talithakumi.ps\/school\/wp-json\/wp\/v2\/users\/2"}],"replies":[{"embeddable":true,"href":"https:\/\/talithakumi.ps\/school\/wp-json\/wp\/v2\/comments?post=199"}],"version-history":[{"count":5,"href":"https:\/\/talithakumi.ps\/school\/wp-json\/wp\/v2\/pages\/199\/revisions"}],"predecessor-version":[{"id":12310,"href":"https:\/\/talithakumi.ps\/school\/wp-json\/wp\/v2\/pages\/199\/revisions\/12310"}],"wp:attachment":[{"href":"https:\/\/talithakumi.ps\/school\/wp-json\/wp\/v2\/media?parent=199"}],"curies":[{"name":"wp","href":"https:\/\/api.w.org\/{rel}","templated":true}]}}