{"id":206,"date":"2017-04-13T07:29:33","date_gmt":"2017-04-13T07:29:33","guid":{"rendered":"http:\/\/www.switch.ps\/talitha\/school\/?page_id=206"},"modified":"2017-05-18T02:50:52","modified_gmt":"2017-05-18T02:50:52","slug":"tawjihi-zweig-sprachprufungen","status":"publish","type":"page","link":"https:\/\/talithakumi.ps\/school\/tawjihi-zweig-sprachprufungen\/","title":{"rendered":"Tawjihi-Zweig Sprachpr\u00fcfungen"},"content":{"rendered":"<div class=\"wpb-content-wrapper\"><p>[vc_row content_placement=&#8221;top&#8221; u_row_style=&#8221;0&#8243; u_row_paralax=&#8221;0&#8243; u_row_scheme=&#8221;0&#8243;][vc_column][vc_custom_heading text=&#8221;Tawjihi-Zweig: Sprachpr\u00fcfungen&#8221; font_container=&#8221;tag:h2|font_size:35|text_align:center|color:%237f0909&#8243; use_theme_fonts=&#8221;yes&#8221;][\/vc_column][\/vc_row][vc_row u_row_style=&#8221;0&#8243; u_row_paralax=&#8221;0&#8243; u_row_scheme=&#8221;0&#8243;][vc_column css=&#8221;.vc_custom_1494654390578{padding-top: 25px !important;padding-right: 25px !important;padding-bottom: 25px !important;padding-left: 25px !important;background-color: #f9f9e0 !important;}&#8221;][vc_tta_accordion gap=&#8221;10&#8243; c_icon=&#8221;chevron&#8221; active_section=&#8221;0&#8243; collapsible_all=&#8221;true&#8221;][vc_tta_section title=&#8221;Deutsch-Zertifikat A1&#8243; tab_id=&#8221;1493834830722-38f9c73f-bee0&#8243;][vc_column_text]Das Deutsch-Zertifikat A1 ist eine Deutschpr\u00fcfung f\u00fcr Sch\u00fcler in der Klasse 5 .<\/p>\n<p>In dieser Pr\u00fcfung werden die Teilfertigkeiten H\u00f6rverstehen, Leseverstehen, Schriftliche und M\u00fcndliche Kommunikation auf den Niveaustufen A1 des Gemeinsamen europ\u00e4ischen Referenzrahmens (GER) gepr\u00fcft.<\/p>\n<p>Durch das Bestehen der Pr\u00fcfung zeigt der Sch\u00fcler\/die Sch\u00fclerin, dass er\/sie&#8230;<\/p>\n<ol>\n<li>einfache Fragen stellen und beantworten sowie um etwas bitten und auf die Bitte reagieren kann.<\/li>\n<li>in einfachen Wendungen und S\u00e4tzen \u00fcber sich und andere schreiben kann.<\/li>\n<li>einfache Gespr\u00e4che und Texte, die von vertrauten Dingen handeln, verstehen kann.<\/li>\n<\/ol>\n<p>[\/vc_column_text][\/vc_tta_section][vc_tta_section title=&#8221;Deutsch-Zertifikat A2&#8243; tab_id=&#8221;1493834830809-5018e0f0-ae71&#8243;][vc_column_text]Das Deutsch-Zertifikat A2 ist eine Deutschpr\u00fcfung f\u00fcr Sch\u00fcler in der Klasse 6 .<\/p>\n<p>In dieser Pr\u00fcfung werden die Teilfertigkeiten H\u00f6rverstehen, Leseverstehen, Schriftliche und M\u00fcndliche Kommunikation auf den Niveaustufen A2 des Gemeinsamen europ\u00e4ischen Referenzrahmens (GER) gepr\u00fcft.<\/p>\n<p>Durch das Bestehen der Pr\u00fcfung zeigt der Sch\u00fcler\/die Sch\u00fclerin, dass er\/sie&#8230;<\/p>\n<ol>\n<li>S\u00e4tze und h\u00e4ufig gebrauchte Ausdr\u00fccke in Alltagssituationen verstehen und verwenden kann.<\/li>\n<li>sich in einfachen, routinem\u00e4\u00dfigen Situationen verst\u00e4ndigen kann, in denen es um den Austausch von Informationen \u00fcber vertraute und gel\u00e4ufige Themen geht.<\/li>\n<li>mit einfachen Mitteln die eigene Herkunft und Ausbildung, die direkte Umgebung und Dinge im Zusammenhang mit unmittelbaren Bed\u00fcrfnissen beschreiben kann.<\/li>\n<\/ol>\n<p><strong>Termine der Pr\u00fcfungen A1 und A2:<\/strong><\/p>\n<p>Am Ende des Schuljahres in den Klassen 5 und 6[\/vc_column_text][\/vc_tta_section][vc_tta_section title=&#8221;DSD &#8211; Das Deutsche Sprachdiplom&#8221; tab_id=&#8221;1493834909781-aacc9a3c-2ec5&#8243;][vc_column_text]Das &#8220;Deutsche Sprachdiplom der Kultusministerkonferenz&#8221; (DSD) ist eine vom Bundesverwaltungsamt \u2013 Zentralstelle f\u00fcr das Auslandsschulwesen \u2013 entwickelte Sprachpr\u00fc\u00adfung, die seit \u00fcber vierzig Jahren an Deutschen Auslandsschulen und an mittlerweile rund 1100 DSD-Schulen weltweit zum Einsatz kommt.<\/p>\n<p>Bei den Pr\u00fcfungen zum Deutschen Sprachdiplom der Kultusministerkonferenz (DSD) handelt es sich um Stufenpr\u00fcfungen. Mit Hilfe solcher Pr\u00fcfungen k\u00f6nnen mehrere Kompetenzniveaus simultan abgetestet werden. Dadurch kann f\u00fcr jeden Sch\u00fcler ein Leistungsprofil erstellt werden, das den individuellen Fremdsprachenerwerbsprozess widerspiegelt.<\/p>\n<p><strong>Pr\u00fcfungsordnung<\/strong><\/p>\n<p>Die Pr\u00fcfungsordnung des DSD findet man auf der Webseite des BVA unter diesem Link: <span style=\"color: #800000;\"><a style=\"color: #800000;\" href=\"http:\/\/www.bva.bund.de\/DE\/Organisation\/Abteilungen\/Abteilung_ZfA\/Auslandsschularbeit\/DSD\/Pruefungsordnung\/node.html;jsessionid=13E5AC9619FA5836261588B07AE9C78E.1_cid393\">DSD &#8211; Pr\u00fcfungsordnung<\/a><\/span><\/p>\n<p><strong>DSD I<\/strong><\/p>\n<p>In den Pr\u00fcfungen zum Deutschen Sprachdiplom der Kultusministerkonferenz \u2013 Erste Stufe (DSD I) \u2013 werden die Teilfertigkeiten H\u00f6rverstehen, Leseverstehen, Schriftliche und M\u00fcndliche Kommunikation auf den Niveaustufen A2 und B1 des Gemeinsamen europ\u00e4ischen Referenzrahmens (GER) gepr\u00fcft. Die Pr\u00fcfung ist damit auf der Schwelle von der elementaren zur selbstst\u00e4ndigen Sprachverwendung angesiedelt.<\/p>\n<p>Erreicht ein Sch\u00fcler in jeder der vier Teilkompetenzen das Niveau B1, erh\u00e4lt er das Deutsche Sprachdiplom \u2013 Erste Stufe (DSD I ) und damit den sprachlichen Nachweis f\u00fcr den Zugang zu einem Studienkolleg in Deutschland.<\/p>\n<p>Liegen die sprachlichen Kompetenzen des Sch\u00fclers in einer oder mehreren Teilfertigkeiten zwar noch unterhalb von B1, aber schon auf der Niveaustufe A2, er\u00adh\u00e4lt er das Deutsche Sprachdiplom A2. Mit diesem Di\u00adplom sind keine Zugangsberechtigungen verbunden.<\/p>\n<p><strong>DSD II<\/strong><\/p>\n<p>In den Pr\u00fcfungen zum Deutschen Sprachdiplom der Kultusministerkonferenz \u2013 Zweite Stufe (DSD II) werden die Teilfertigkeiten H\u00f6rverstehen, Leseverstehen, Schriftliche und M\u00fcndliche Kommunikation auf den Niveaustufen B2 und C1 des Gemeinsamen europ\u00e4ischen Referenzrahmens (GER) gepr\u00fcft. Die Pr\u00fcfung ist damit auf der Schwelle von der selbstst\u00e4ndigen zur kompetenten Sprachverwendung angesiedelt.<\/p>\n<p>Erreicht ein Sch\u00fcler in jeder der vier Teilkompetenzen mindestens das Niveau B2, so erh\u00e4lt er das Deutsche Sprachdiplom der Kultusministerkonferenz \u2013 Zweite Stufe (DSD II) und damit den sprachlichen Nachweis f\u00fcr den Zugang zum Studium in Deutschland.<\/p>\n<p><strong>DSD-Termine <\/strong><\/p>\n<p>DSD I : M\u00e4rz<\/p>\n<p>DSD II: Dezember[\/vc_column_text][\/vc_tta_section][vc_tta_section title=&#8221;TOEFL &#8211; Test of English as a Foreign Language&#8221; tab_id=&#8221;1493834911418-81f09062-82f8&#8243;][vc_column_text]Der\u00a0<strong>Test of English as a Foreign Language (TOEFL)<\/strong>\u00a0ist ein standardisierter Test, in dem die Kenntnis der englischen Sprache von Nicht-Muttersprachlern \u00fcberpr\u00fcft wird. Der Test wird von vielen Universit\u00e4ten im englischsprachigen Raum, insbesondere in den USA, als Zulassungsvoraussetzung anerkannt.<\/p>\n<p>Dieser wird weltweit vom Educational Testing Service (ETS) durchgef\u00fchrt. Als Non-Profit Organisation hat es sich ETS als Ziel gesetzt, die weltweite Qualit\u00e4t und Fairness in der Bildung zu erh\u00f6hen und Bewertungen zu schaffen, die auf gr\u00fcndlicher Forschung basieren. Der TOEFL-Test umfasst die Niveaustufen B1 &#8211; C2 des\u00a0<strong>Gemeinsamen Europ\u00e4ischen Referenzrahmens<\/strong>.<\/p>\n<p>Die Absolvierung eines TOEFL-Tests ist f\u00fcr alle Personen ratsam, die ein Studium im englischsprachigen Ausland beabsichtigen, da viele Universit\u00e4ten diesen Test als Zulassung voraussetzen. Bei Bachelor- oder Master-Studieng\u00e4ngen, die in englischer Sprache stattfinden, verlangen auch einige Hochschulen im Inland diesen Nachweis.<\/p>\n<p>Es gibt zwei verschiedene Testarten, den\u00a0internet-based TOEFL-Test (iBT)\u00a0und den\u00a0paper-based TOEFL-Test (PBT). Der IBT wurde Ende 2005 als neues Testformat in den USA, Deutschland, Frankreich und Italien eingef\u00fchrt und l\u00f6ste die bisherigen TOEFL-Testformen ab. Weitere L\u00e4nder folgten dieser Umstellung in den Jahren 2006 und 2007.<\/p>\n<p>In seiner derzeitigen Form ist der iBT in folgende Abschnitte gegliedert:<\/p>\n<ul>\n<li><strong>1. Reading Comprehension\u00a0<\/strong>(zur Erfassung des Verst\u00e4ndnisses von Textabschnitten)<\/li>\n<li><strong>2. Listening Comprehension<\/strong>\u00a0(zur Erfassung des H\u00f6rverst\u00e4ndnisses)<\/li>\n<li><strong>3. Speaking\u00a0<\/strong>(zur Erfassung der F\u00e4higkeit, zu kommunizieren)<\/li>\n<li><strong>Written Expression\u00a0<\/strong>(zur Erfassung der F\u00e4higkeit, auf Englisch zu einem vorgegebenen Thema einen Aufsatz zu schreiben)<\/li>\n<\/ul>\n<p>Die Grammatik wird in allen vier Testformen ber\u00fccksichtigt. Die Antworten in den ersten beiden Testteilen werden im Multiple-Choice-System gegeben. Die Testdauer betr\u00e4gt maximal 4,5 Stunden.<\/p>\n<p>Die Maximalpunktzahl beim TOEFL iBT betr\u00e4gt 120 Punkte, je nach F\u00e4higkeit k\u00f6nnen bis zu 30 Punkte pro o.g. Bereich vergeben werden. Die zu erreichende Punktzahl des TOEFL richtet sich nach den Vorgaben der jeweiligen Universit\u00e4ten oder Unternehmen.<\/p>\n<ul>\n<li><strong>A1<\/strong>: 9 bis 29<\/li>\n<li><strong>A2<\/strong>: 30 bis 42<\/li>\n<li><strong>B1<\/strong>: 43 bis 71<\/li>\n<li><strong>B2<\/strong>: 72 bis 94<\/li>\n<li><strong>C1<\/strong>: 95 bis 120<\/li>\n<\/ul>\n<p>[\/vc_column_text][\/vc_tta_section][\/vc_tta_accordion][\/vc_column][\/vc_row]<\/p>\n<\/div>","protected":false},"excerpt":{"rendered":"<p>[vc_row content_placement=&#8221;top&#8221; u_row_style=&#8221;0&#8243; u_row_paralax=&#8221;0&#8243; u_row_scheme=&#8221;0&#8243;][vc_column][vc_custom_heading text=&#8221;Tawjihi-Zweig: Sprachpr\u00fcfungen&#8221; font_container=&#8221;tag:h2|font_size:35|text_align:center|color:%237f0909&#8243; use_theme_fonts=&#8221;yes&#8221;][\/vc_column][\/vc_row][vc_row u_row_style=&#8221;0&#8243; u_row_paralax=&#8221;0&#8243; u_row_scheme=&#8221;0&#8243;][vc_column css=&#8221;.vc_custom_1494654390578{padding-top: 25px !important;padding-right: 25px !important;padding-bottom: 25px !important;padding-left: 25px !important;background-color: #f9f9e0 !important;}&#8221;][vc_tta_accordion gap=&#8221;10&#8243; c_icon=&#8221;chevron&#8221; active_section=&#8221;0&#8243; collapsible_all=&#8221;true&#8221;][vc_tta_section title=&#8221;Deutsch-Zertifikat A1&#8243; tab_id=&#8221;1493834830722-38f9c73f-bee0&#8243;][vc_column_text]Das Deutsch-Zertifikat A1 ist eine Deutschpr\u00fcfung f\u00fcr Sch\u00fcler in der Klasse 5 . In dieser Pr\u00fcfung werden die Teilfertigkeiten H\u00f6rverstehen, Leseverstehen, Schriftliche und M\u00fcndliche Kommunikation auf [&hellip;]<\/p>\n","protected":false},"author":2,"featured_media":0,"parent":0,"menu_order":0,"comment_status":"closed","ping_status":"closed","template":"page-templates\/demo-nav-3.php","meta":{"footnotes":""},"class_list":["post-206","page","type-page","status-publish","hentry"],"_links":{"self":[{"href":"https:\/\/talithakumi.ps\/school\/wp-json\/wp\/v2\/pages\/206","targetHints":{"allow":["GET"]}}],"collection":[{"href":"https:\/\/talithakumi.ps\/school\/wp-json\/wp\/v2\/pages"}],"about":[{"href":"https:\/\/talithakumi.ps\/school\/wp-json\/wp\/v2\/types\/page"}],"author":[{"embeddable":true,"href":"https:\/\/talithakumi.ps\/school\/wp-json\/wp\/v2\/users\/2"}],"replies":[{"embeddable":true,"href":"https:\/\/talithakumi.ps\/school\/wp-json\/wp\/v2\/comments?post=206"}],"version-history":[{"count":3,"href":"https:\/\/talithakumi.ps\/school\/wp-json\/wp\/v2\/pages\/206\/revisions"}],"predecessor-version":[{"id":1725,"href":"https:\/\/talithakumi.ps\/school\/wp-json\/wp\/v2\/pages\/206\/revisions\/1725"}],"wp:attachment":[{"href":"https:\/\/talithakumi.ps\/school\/wp-json\/wp\/v2\/media?parent=206"}],"curies":[{"name":"wp","href":"https:\/\/api.w.org\/{rel}","templated":true}]}}