{"id":222,"date":"2017-04-13T07:35:31","date_gmt":"2017-04-13T07:35:31","guid":{"rendered":"http:\/\/www.switch.ps\/talitha\/school\/?page_id=222"},"modified":"2020-07-08T12:54:52","modified_gmt":"2020-07-08T12:54:52","slug":"kindergarten-information","status":"publish","type":"page","link":"https:\/\/talithakumi.ps\/school\/kindergarten-information\/","title":{"rendered":"Kindergarten &#8211; Information"},"content":{"rendered":"<div class=\"wpb-content-wrapper\"><p>[vc_row content_placement=&#8221;top&#8221; u_row_style=&#8221;0&#8243; u_row_paralax=&#8221;0&#8243; u_row_scheme=&#8221;0&#8243;][vc_column][vc_custom_heading text=&#8221;Kindergarten &#8211; Information&#8221; font_container=&#8221;tag:h2|font_size:40|text_align:center&#8221; use_theme_fonts=&#8221;yes&#8221;][\/vc_column][\/vc_row][vc_row u_row_style=&#8221;0&#8243; u_row_paralax=&#8221;0&#8243; u_row_scheme=&#8221;0&#8243;][vc_column width=&#8221;2\/3&#8243; css=&#8221;.vc_custom_1594212758609{padding-top: 25px !important;padding-right: 25px !important;padding-bottom: 25px !important;padding-left: 25px !important;}&#8221;][vc_column_text]Der Kindergarten in Talitha Kumi hat sich zum Ziel gesetzt mit seiner besonderen Methode zur effektiven und autodidaktischen Lernweise durch Spiel und Entdeckungen in der pr\u00e4gendsten Phase der Kindesentwicklung beizutragen. So werden die kognitiven, motorischen und sozialen F\u00e4higkeiten der Kinder schon fr\u00fch gef\u00f6rdert.<\/p>\n<p>In unserem Programm bieten wir neben dem Vorschulunterricht in Arabisch, Englisch und Deutsch auch zahlreiche andere Aktivit\u00e4ten an, die den Kindern ein breites Band an Wissen vermitteln sollen. Die Kinder erhalten die M\u00f6glichkeit in verschiedene Bereiche wie Musik und Theater aber auch Technik und Geschichte, einen Einblick zu gewinnen. Nat\u00fcrlich wird das auch praktisch durch &nbsp;Klassenfahrten und Besuche zu einigen Institutionen sowie Spieleinheiten im Zusammenhang mit den &nbsp;Lernthemen, umgesetzt. Die Kinder k\u00f6nnen sich dabei in verschiedenen Umfeldern bewegen und sich auch au\u00dferhalb der Gruppenr\u00e4ume auf dem In- und Outdoorspielplatz aufhalten.<\/p>\n<p>Wir haben ein Team von erfahrenen Lehrerinnen, die in der Erziehung der Kinder f\u00fcr die jeweiligen Altersgruppen ausgebildet sind. Damit bereiten sie die Grundlage, dass aus jedem Kind eine junge Frau oder ein junger Mann wird, die ihren Platz in der Gesellschaft finden und ihren Beitrag darin leisten k\u00f6nnen. In der Zusammenarbeit mit den Eltern erg\u00e4nzen sich die Erziehung zuhause mit unserer Lernphilosophie, um den Kindern die bestm\u00f6gliche Unterst\u00fctzung auf ihrem Weg zum Erwachsenwerden zu geben.[\/vc_column_text][\/vc_column][vc_column width=&#8221;1\/3&#8243; css=&#8221;.vc_custom_1594212811628{padding-top: 25px !important;padding-right: 25px !important;padding-bottom: 25px !important;padding-left: 25px !important;}&#8221;][vc_single_image image=&#8221;1388&#8243; img_size=&#8221;full&#8221; alignment=&#8221;center&#8221; onclick=&#8221;link_image&#8221;][vc_single_image image=&#8221;1389&#8243; img_size=&#8221;full&#8221; alignment=&#8221;center&#8221; onclick=&#8221;link_image&#8221;][\/vc_column][\/vc_row]<\/p>\n<\/div>","protected":false},"excerpt":{"rendered":"<p>[vc_row content_placement=&#8221;top&#8221; u_row_style=&#8221;0&#8243; u_row_paralax=&#8221;0&#8243; u_row_scheme=&#8221;0&#8243;][vc_column][vc_custom_heading text=&#8221;Kindergarten &#8211; Information&#8221; font_container=&#8221;tag:h2|font_size:40|text_align:center&#8221; use_theme_fonts=&#8221;yes&#8221;][\/vc_column][\/vc_row][vc_row u_row_style=&#8221;0&#8243; u_row_paralax=&#8221;0&#8243; u_row_scheme=&#8221;0&#8243;][vc_column width=&#8221;2\/3&#8243; css=&#8221;.vc_custom_1594212758609{padding-top: 25px !important;padding-right: 25px !important;padding-bottom: 25px !important;padding-left: 25px !important;}&#8221;][vc_column_text]Der Kindergarten in Talitha Kumi hat sich zum Ziel gesetzt mit seiner besonderen Methode zur effektiven und autodidaktischen Lernweise durch Spiel und Entdeckungen in der pr\u00e4gendsten Phase der Kindesentwicklung beizutragen. So werden die [&hellip;]<\/p>\n","protected":false},"author":2,"featured_media":0,"parent":0,"menu_order":0,"comment_status":"closed","ping_status":"closed","template":"page-templates\/demo-nav-3.php","meta":{"footnotes":""},"class_list":["post-222","page","type-page","status-publish","hentry"],"_links":{"self":[{"href":"https:\/\/talithakumi.ps\/school\/wp-json\/wp\/v2\/pages\/222","targetHints":{"allow":["GET"]}}],"collection":[{"href":"https:\/\/talithakumi.ps\/school\/wp-json\/wp\/v2\/pages"}],"about":[{"href":"https:\/\/talithakumi.ps\/school\/wp-json\/wp\/v2\/types\/page"}],"author":[{"embeddable":true,"href":"https:\/\/talithakumi.ps\/school\/wp-json\/wp\/v2\/users\/2"}],"replies":[{"embeddable":true,"href":"https:\/\/talithakumi.ps\/school\/wp-json\/wp\/v2\/comments?post=222"}],"version-history":[{"count":5,"href":"https:\/\/talithakumi.ps\/school\/wp-json\/wp\/v2\/pages\/222\/revisions"}],"predecessor-version":[{"id":9842,"href":"https:\/\/talithakumi.ps\/school\/wp-json\/wp\/v2\/pages\/222\/revisions\/9842"}],"wp:attachment":[{"href":"https:\/\/talithakumi.ps\/school\/wp-json\/wp\/v2\/media?parent=222"}],"curies":[{"name":"wp","href":"https:\/\/api.w.org\/{rel}","templated":true}]}}