{"id":224,"date":"2017-04-13T07:36:02","date_gmt":"2017-04-13T07:36:02","guid":{"rendered":"http:\/\/www.switch.ps\/talitha\/school\/?page_id=224"},"modified":"2023-04-08T10:46:44","modified_gmt":"2023-04-08T10:46:44","slug":"kindergarten-regeln-der-zulassung","status":"publish","type":"page","link":"https:\/\/talithakumi.ps\/school\/kindergarten-regeln-der-zulassung\/","title":{"rendered":"Kindergarten &#8211; Regeln der Zulassung"},"content":{"rendered":"<div class=\"wpb-content-wrapper\"><p>[vc_row content_placement=&#8221;top&#8221; u_row_style=&#8221;0&#8243; u_row_paralax=&#8221;0&#8243; u_row_scheme=&#8221;0&#8243;][vc_column 0=&#8221;&#8221;][vc_custom_heading text=&#8221;Kindergarten: Zulassung&#8221; font_container=&#8221;tag:h2|font_size:40|text_align:center&#8221; use_theme_fonts=&#8221;yes&#8221;][\/vc_column][\/vc_row][vc_row u_row_style=&#8221;0&#8243; u_row_paralax=&#8221;0&#8243; u_row_scheme=&#8221;0&#8243;][vc_column css=&#8221;.vc_custom_1594212982834{padding-top: 25px !important;padding-right: 25px !important;padding-bottom: 25px !important;padding-left: 25px !important;}&#8221;][vc_custom_heading text=&#8221;Zulassungsvoraussetzungen f\u00fcr den Kindergarten&#8221; use_theme_fonts=&#8221;yes&#8221;][vc_column_text 0=&#8221;&#8221;]<\/p>\n<h4><span style=\"color: #000000\">Kinder werden&nbsp;nach den Regelungen des pal\u00e4stinensischen Bildungsministeriums wie folgt in den Kindergarten aufgenommen:<\/span><\/h4>\n<h4><span style=\"color: #000000\">Das Mindestalter f\u00fcr die Aufnahme in den Kindergarten betr\u00e4gt 3 Jahre und f\u00fcr die Vorschule&nbsp;4 1\/2 Jahre.<\/span><\/h4>\n<h4><span style=\"color: #000000\">Das Kind muss dieses Alter bis zum 31. M\u00e4rz des jeweiligen Schuljahres schon erreicht haben.<\/span><\/h4>\n<h4><span style=\"color: #000000\">Der Kindergarten bereitet die Vorsch\u00fcler auf die Elementarschule vor.<\/span><\/h4>\n<h4><span style=\"color: #000000\">Um das Kind im Kindergarten registrieren zu lassen, werden folgende Unterlagen von den Eltern angefordert:<\/span><\/h4>\n<h4><span style=\"color: #000000\">1) Pers\u00f6nliche Bilder.<\/span><\/h4>\n<h4><span style=\"color: #000000\">2) Eine Kopie der Geburtsurkunde.<\/span><\/h4>\n<h4><span style=\"color: #000000\">3) Eine Kopie der Impfbescheinigung.<\/span><\/h4>\n<h4><span style=\"color: #000000\">4) Eine Kopie des Ausweises des Vaters und der Mutter.<\/span><\/h4>\n<h4>&nbsp;<\/h4>\n<h4><span style=\"color: #000000\"><strong>Bewerbungen m\u00fcssen beim Schulsekretariat pers\u00f6nlich abgegeben werden.<\/strong><\/span><\/h4>\n<p>[\/vc_column_text][vc_btn title=&#8221;Anmeldeformular f\u00fcr den Kindergarten&#8221; style=&#8221;3d&#8221; shape=&#8221;round&#8221; color=&#8221;vista-blue&#8221; size=&#8221;lg&#8221; link=&#8221;url:http%3A%2F%2Ftalithakumi.ps%2Fschool%2Fwp-content%2Fuploads%2Fsites%2F2%2F2023%2F04%2FRequest-of-Admission-Form-TK-Mrz-2021.pdf|title:Anmeldeformular%20f%C3%BCr%20den%20Kindergarten|target:%20_blank|&#8221;][\/vc_column][\/vc_row]<\/p>\n<\/div>","protected":false},"excerpt":{"rendered":"<p>[vc_row content_placement=&#8221;top&#8221; u_row_style=&#8221;0&#8243; u_row_paralax=&#8221;0&#8243; u_row_scheme=&#8221;0&#8243;][vc_column 0=&#8221;&#8221;][vc_custom_heading text=&#8221;Kindergarten: Zulassung&#8221; font_container=&#8221;tag:h2|font_size:40|text_align:center&#8221; use_theme_fonts=&#8221;yes&#8221;][\/vc_column][\/vc_row][vc_row u_row_style=&#8221;0&#8243; u_row_paralax=&#8221;0&#8243; u_row_scheme=&#8221;0&#8243;][vc_column css=&#8221;.vc_custom_1594212982834{padding-top: 25px !important;padding-right: 25px !important;padding-bottom: 25px !important;padding-left: 25px !important;}&#8221;][vc_custom_heading text=&#8221;Zulassungsvoraussetzungen f\u00fcr den Kindergarten&#8221; use_theme_fonts=&#8221;yes&#8221;][vc_column_text 0=&#8221;&#8221;] Kinder werden&nbsp;nach den Regelungen des pal\u00e4stinensischen Bildungsministeriums wie folgt in den Kindergarten aufgenommen: Das Mindestalter f\u00fcr die Aufnahme in den Kindergarten betr\u00e4gt 3 Jahre und f\u00fcr die [&hellip;]<\/p>\n","protected":false},"author":2,"featured_media":0,"parent":0,"menu_order":0,"comment_status":"closed","ping_status":"closed","template":"page-templates\/demo-nav-3.php","meta":{"footnotes":""},"class_list":["post-224","page","type-page","status-publish","hentry"],"_links":{"self":[{"href":"https:\/\/talithakumi.ps\/school\/wp-json\/wp\/v2\/pages\/224","targetHints":{"allow":["GET"]}}],"collection":[{"href":"https:\/\/talithakumi.ps\/school\/wp-json\/wp\/v2\/pages"}],"about":[{"href":"https:\/\/talithakumi.ps\/school\/wp-json\/wp\/v2\/types\/page"}],"author":[{"embeddable":true,"href":"https:\/\/talithakumi.ps\/school\/wp-json\/wp\/v2\/users\/2"}],"replies":[{"embeddable":true,"href":"https:\/\/talithakumi.ps\/school\/wp-json\/wp\/v2\/comments?post=224"}],"version-history":[{"count":4,"href":"https:\/\/talithakumi.ps\/school\/wp-json\/wp\/v2\/pages\/224\/revisions"}],"predecessor-version":[{"id":12282,"href":"https:\/\/talithakumi.ps\/school\/wp-json\/wp\/v2\/pages\/224\/revisions\/12282"}],"wp:attachment":[{"href":"https:\/\/talithakumi.ps\/school\/wp-json\/wp\/v2\/media?parent=224"}],"curies":[{"name":"wp","href":"https:\/\/api.w.org\/{rel}","templated":true}]}}