{"id":228,"date":"2017-04-13T07:37:31","date_gmt":"2017-04-13T07:37:31","guid":{"rendered":"http:\/\/www.switch.ps\/talitha\/school\/?page_id=228"},"modified":"2020-07-08T13:07:24","modified_gmt":"2020-07-08T13:07:24","slug":"kindergarten-auserplanmasige-aktivitaten","status":"publish","type":"page","link":"https:\/\/talithakumi.ps\/school\/kindergarten-auserplanmasige-aktivitaten\/","title":{"rendered":"Kindergarten &#8211; Au\u00dferplanm\u00e4\u00dfige Aktivit\u00e4ten"},"content":{"rendered":"<div class=\"wpb-content-wrapper\"><p>[vc_row content_placement=&#8221;top&#8221; u_row_style=&#8221;0&#8243; u_row_paralax=&#8221;0&#8243; u_row_scheme=&#8221;0&#8243;][vc_column][vc_custom_heading text=&#8221;Kindergarten: Au\u00dferplanm\u00e4\u00dfige Aktivit\u00e4ten&#8221; font_container=&#8221;tag:h2|font_size:40|text_align:center&#8221; use_theme_fonts=&#8221;yes&#8221;][\/vc_column][\/vc_row][vc_row u_row_style=&#8221;0&#8243; u_row_paralax=&#8221;0&#8243; u_row_scheme=&#8221;0&#8243;][vc_column width=&#8221;2\/3&#8243; css=&#8221;.vc_custom_1594213462978{padding-top: 25px !important;padding-right: 25px !important;padding-bottom: 25px !important;padding-left: 25px !important;}&#8221;][vc_column_text]Da unser Kindergarten bedacht ist, das Bewusstsein der Kinder f\u00fcr ihre Gesellschaft, ihre Umwelt und ihre Sache zu f\u00f6rdern und zu vertiefen, organisieren wir eine Reihe von Programmen und Aktivit\u00e4ten wie:<\/p>\n<ol>\n<li>Exkursionen arch\u00e4ologischer, entspannender und wissenschaftlicher Art.<\/li>\n<li>Nationale Kulturprogramme.<\/li>\n<li>Sportprogramme.<\/li>\n<li>Feierlichkeiten zu den folgenden Anl\u00e4ssen:\n<ol>\n<li>Weihnachten.<\/li>\n<li>Muttertag<\/li>\n<li>Kindertag<\/li>\n<li>Ostern<\/li>\n<\/ol>\n<\/li>\n<\/ol>\n<p>[\/vc_column_text][\/vc_column][vc_column width=&#8221;1\/3&#8243; css=&#8221;.vc_custom_1594213551572{padding-top: 25px !important;padding-right: 25px !important;padding-bottom: 25px !important;padding-left: 25px !important;}&#8221;][vc_single_image image=&#8221;1396&#8243; img_size=&#8221;full&#8221; alignment=&#8221;center&#8221; onclick=&#8221;link_image&#8221;][\/vc_column][\/vc_row]<\/p>\n<\/div>","protected":false},"excerpt":{"rendered":"<p>[vc_row content_placement=&#8221;top&#8221; u_row_style=&#8221;0&#8243; u_row_paralax=&#8221;0&#8243; u_row_scheme=&#8221;0&#8243;][vc_column][vc_custom_heading text=&#8221;Kindergarten: Au\u00dferplanm\u00e4\u00dfige Aktivit\u00e4ten&#8221; font_container=&#8221;tag:h2|font_size:40|text_align:center&#8221; use_theme_fonts=&#8221;yes&#8221;][\/vc_column][\/vc_row][vc_row u_row_style=&#8221;0&#8243; u_row_paralax=&#8221;0&#8243; u_row_scheme=&#8221;0&#8243;][vc_column width=&#8221;2\/3&#8243; css=&#8221;.vc_custom_1594213462978{padding-top: 25px !important;padding-right: 25px !important;padding-bottom: 25px !important;padding-left: 25px !important;}&#8221;][vc_column_text]Da unser Kindergarten bedacht ist, das Bewusstsein der Kinder f\u00fcr ihre Gesellschaft, ihre Umwelt und ihre Sache zu f\u00f6rdern und zu vertiefen, organisieren wir eine Reihe von Programmen und Aktivit\u00e4ten wie: Exkursionen arch\u00e4ologischer, [&hellip;]<\/p>\n","protected":false},"author":2,"featured_media":0,"parent":0,"menu_order":0,"comment_status":"closed","ping_status":"closed","template":"page-templates\/demo-nav-3.php","meta":{"footnotes":""},"class_list":["post-228","page","type-page","status-publish","hentry"],"_links":{"self":[{"href":"https:\/\/talithakumi.ps\/school\/wp-json\/wp\/v2\/pages\/228","targetHints":{"allow":["GET"]}}],"collection":[{"href":"https:\/\/talithakumi.ps\/school\/wp-json\/wp\/v2\/pages"}],"about":[{"href":"https:\/\/talithakumi.ps\/school\/wp-json\/wp\/v2\/types\/page"}],"author":[{"embeddable":true,"href":"https:\/\/talithakumi.ps\/school\/wp-json\/wp\/v2\/users\/2"}],"replies":[{"embeddable":true,"href":"https:\/\/talithakumi.ps\/school\/wp-json\/wp\/v2\/comments?post=228"}],"version-history":[{"count":5,"href":"https:\/\/talithakumi.ps\/school\/wp-json\/wp\/v2\/pages\/228\/revisions"}],"predecessor-version":[{"id":9845,"href":"https:\/\/talithakumi.ps\/school\/wp-json\/wp\/v2\/pages\/228\/revisions\/9845"}],"wp:attachment":[{"href":"https:\/\/talithakumi.ps\/school\/wp-json\/wp\/v2\/media?parent=228"}],"curies":[{"name":"wp","href":"https:\/\/api.w.org\/{rel}","templated":true}]}}