{"id":230,"date":"2017-04-13T07:38:53","date_gmt":"2017-04-13T07:38:53","guid":{"rendered":"http:\/\/www.switch.ps\/talitha\/school\/?page_id=230"},"modified":"2020-07-08T13:09:33","modified_gmt":"2020-07-08T13:09:33","slug":"kindergarten-nachmittagsprogramm","status":"publish","type":"page","link":"https:\/\/talithakumi.ps\/school\/kindergarten-nachmittagsprogramm\/","title":{"rendered":"Kindergarten &#8211; Nachmittagsprogramm"},"content":{"rendered":"<div class=\"wpb-content-wrapper\"><p>[vc_row content_placement=&#8221;top&#8221; u_row_style=&#8221;0&#8243; u_row_paralax=&#8221;0&#8243; u_row_scheme=&#8221;0&#8243;][vc_column][vc_custom_heading text=&#8221;Kindergarten: Nachmittagsprogramm&#8221; font_container=&#8221;tag:h2|font_size:40|text_align:center&#8221; use_theme_fonts=&#8221;yes&#8221;][\/vc_column][\/vc_row][vc_row u_row_style=&#8221;0&#8243; u_row_paralax=&#8221;0&#8243; u_row_scheme=&#8221;0&#8243;][vc_column width=&#8221;2\/3&#8243; css=&#8221;.vc_custom_1594213723219{padding-top: 25px !important;padding-right: 25px !important;padding-bottom: 25px !important;padding-left: 25px !important;}&#8221;][vc_column_text]Das Nachmittagsprogramm beginnt am Ende der normalen Arbeitszeit und erstreckt sich von 12:30 bis 2:45 nachmittags. Es enth\u00e4lt Unterhaltungsaktivit\u00e4ten wie z.B.:<\/p>\n<ul>\n<li>Outdoor-Touren rund um die Schule (Sporthalle und Umweltzentrum).<\/li>\n<li>Kuchen und S\u00fc\u00dfigkeiten machen<\/li>\n<li>k\u00fcnstlerische T\u00e4tigkeiten (Jawash, Malen &#8230;.. usw.)<\/li>\n<li>Ein gesundes Mittagessen f\u00fcr Kinder aus dem G\u00e4stehaus der Schule<\/li>\n<\/ul>\n<p>[\/vc_column_text][\/vc_column][vc_column width=&#8221;1\/3&#8243; css=&#8221;.vc_custom_1594213758908{padding-top: 25px !important;padding-right: 25px !important;padding-bottom: 25px !important;padding-left: 25px !important;}&#8221;][vc_single_image image=&#8221;1398&#8243; img_size=&#8221;full&#8221; alignment=&#8221;center&#8221; onclick=&#8221;link_image&#8221;][\/vc_column][\/vc_row]<\/p>\n<\/div>","protected":false},"excerpt":{"rendered":"<p>[vc_row content_placement=&#8221;top&#8221; u_row_style=&#8221;0&#8243; u_row_paralax=&#8221;0&#8243; u_row_scheme=&#8221;0&#8243;][vc_column][vc_custom_heading text=&#8221;Kindergarten: Nachmittagsprogramm&#8221; font_container=&#8221;tag:h2|font_size:40|text_align:center&#8221; use_theme_fonts=&#8221;yes&#8221;][\/vc_column][\/vc_row][vc_row u_row_style=&#8221;0&#8243; u_row_paralax=&#8221;0&#8243; u_row_scheme=&#8221;0&#8243;][vc_column width=&#8221;2\/3&#8243; css=&#8221;.vc_custom_1594213723219{padding-top: 25px !important;padding-right: 25px !important;padding-bottom: 25px !important;padding-left: 25px !important;}&#8221;][vc_column_text]Das Nachmittagsprogramm beginnt am Ende der normalen Arbeitszeit und erstreckt sich von 12:30 bis 2:45 nachmittags. Es enth\u00e4lt Unterhaltungsaktivit\u00e4ten wie z.B.: Outdoor-Touren rund um die Schule (Sporthalle und Umweltzentrum). Kuchen und S\u00fc\u00dfigkeiten machen k\u00fcnstlerische [&hellip;]<\/p>\n","protected":false},"author":2,"featured_media":0,"parent":0,"menu_order":0,"comment_status":"closed","ping_status":"closed","template":"page-templates\/demo-nav-3.php","meta":{"footnotes":""},"class_list":["post-230","page","type-page","status-publish","hentry"],"_links":{"self":[{"href":"https:\/\/talithakumi.ps\/school\/wp-json\/wp\/v2\/pages\/230","targetHints":{"allow":["GET"]}}],"collection":[{"href":"https:\/\/talithakumi.ps\/school\/wp-json\/wp\/v2\/pages"}],"about":[{"href":"https:\/\/talithakumi.ps\/school\/wp-json\/wp\/v2\/types\/page"}],"author":[{"embeddable":true,"href":"https:\/\/talithakumi.ps\/school\/wp-json\/wp\/v2\/users\/2"}],"replies":[{"embeddable":true,"href":"https:\/\/talithakumi.ps\/school\/wp-json\/wp\/v2\/comments?post=230"}],"version-history":[{"count":5,"href":"https:\/\/talithakumi.ps\/school\/wp-json\/wp\/v2\/pages\/230\/revisions"}],"predecessor-version":[{"id":9847,"href":"https:\/\/talithakumi.ps\/school\/wp-json\/wp\/v2\/pages\/230\/revisions\/9847"}],"wp:attachment":[{"href":"https:\/\/talithakumi.ps\/school\/wp-json\/wp\/v2\/media?parent=230"}],"curies":[{"name":"wp","href":"https:\/\/api.w.org\/{rel}","templated":true}]}}