{"id":234,"date":"2017-04-13T07:40:41","date_gmt":"2017-04-13T07:40:41","guid":{"rendered":"http:\/\/www.switch.ps\/talitha\/school\/?page_id=234"},"modified":"2020-07-08T18:03:24","modified_gmt":"2020-07-08T18:03:24","slug":"kindergarten-elternbeirat","status":"publish","type":"page","link":"https:\/\/talithakumi.ps\/school\/kindergarten-elternbeirat\/","title":{"rendered":"Kindergarten &#8211; Elternbeirat"},"content":{"rendered":"<div class=\"wpb-content-wrapper\"><p>[vc_row content_placement=&#8221;top&#8221; u_row_style=&#8221;0&#8243; u_row_paralax=&#8221;0&#8243; u_row_scheme=&#8221;0&#8243;][vc_column][vc_custom_heading text=&#8221;Kindergarten: Elternbeirat&#8221; font_container=&#8221;tag:h2|font_size:40|text_align:center&#8221; use_theme_fonts=&#8221;yes&#8221;][\/vc_column][\/vc_row][vc_row content_placement=&#8221;top&#8221; u_row_style=&#8221;0&#8243; u_row_paralax=&#8221;0&#8243; u_row_scheme=&#8221;0&#8243;][vc_column css=&#8221;.vc_custom_1594214479126{padding-top: 25px !important;padding-right: 25px !important;padding-bottom: 25px !important;padding-left: 25px !important;}&#8221;][vc_column_text]Der Talitha Kumi\u2019s Kindergarten glaubt an die lebenswichtige Rolle der Eltern im Bildungsprozess. Deshalb bem\u00fchen wir uns, effektive Kommunikationsmechanismen zu den Eltern zu entwickeln, um sie st\u00e4ndig \u00fcber die Leistung ihrer Kinder durch den Elternbeirat zu informieren. Durch direkte Zusammenk\u00fcnfte und Korrespondenz mit den Eltern werden sie ermutigt, sich effektiv an der Entwicklung des Bildungs- und Erziehungsklimas der Schule zu beteiligen.<\/p>\n<p>Der Kindergarten organisiert jedes Jahr einen Wahlprozess, um einen wirksamen Rat von Elite-Eltern zu w\u00e4hlen, der am Bildungs- und Erziehungsprozess mit Arbeit, Beratung, und Anleitung aktiv teilnimmt. Es ist anzumerken, dass unser Kindergarten mit den Eltern effektive Kommunikationsmechanismen entwickelt hat, um sie st\u00e4ndig \u00fcber die p\u00e4dagogische und akademische Leistung ihrer Kinder zu informieren.[\/vc_column_text][\/vc_column][\/vc_row][vc_row][vc_column][vc_custom_heading text=&#8221;Der Elternbeirat im Schuljahr 2019\/2020&#8243; font_container=&#8221;tag:h2|font_size:30|text_align:left&#8221; use_theme_fonts=&#8221;yes&#8221;][vc_column_text]<strong>Mitglieder des Elternrates im Kindergarten:<\/strong><\/p>\n<ol>\n<li>Emad Awad<\/li>\n<li>Saly Bakrey<\/li>\n<li>Hanin Najar<\/li>\n<li>Raed Sama&#8217;neh<\/li>\n<li>Samer Asli<\/li>\n<li>Rudina Kaf<\/li>\n<li>Sabrine Zeidan<\/li>\n<li>Nuha Nour<\/li>\n<\/ol>\n<p>[\/vc_column_text][\/vc_column][\/vc_row]<\/p>\n<\/div>","protected":false},"excerpt":{"rendered":"<p>[vc_row content_placement=&#8221;top&#8221; u_row_style=&#8221;0&#8243; u_row_paralax=&#8221;0&#8243; u_row_scheme=&#8221;0&#8243;][vc_column][vc_custom_heading text=&#8221;Kindergarten: Elternbeirat&#8221; font_container=&#8221;tag:h2|font_size:40|text_align:center&#8221; use_theme_fonts=&#8221;yes&#8221;][\/vc_column][\/vc_row][vc_row content_placement=&#8221;top&#8221; u_row_style=&#8221;0&#8243; u_row_paralax=&#8221;0&#8243; u_row_scheme=&#8221;0&#8243;][vc_column css=&#8221;.vc_custom_1594214479126{padding-top: 25px !important;padding-right: 25px !important;padding-bottom: 25px !important;padding-left: 25px !important;}&#8221;][vc_column_text]Der Talitha Kumi\u2019s Kindergarten glaubt an die lebenswichtige Rolle der Eltern im Bildungsprozess. Deshalb bem\u00fchen wir uns, effektive Kommunikationsmechanismen zu den Eltern zu entwickeln, um sie st\u00e4ndig \u00fcber die Leistung ihrer Kinder durch den [&hellip;]<\/p>\n","protected":false},"author":2,"featured_media":0,"parent":0,"menu_order":0,"comment_status":"closed","ping_status":"closed","template":"page-templates\/demo-nav-3.php","meta":{"footnotes":""},"class_list":["post-234","page","type-page","status-publish","hentry"],"_links":{"self":[{"href":"https:\/\/talithakumi.ps\/school\/wp-json\/wp\/v2\/pages\/234","targetHints":{"allow":["GET"]}}],"collection":[{"href":"https:\/\/talithakumi.ps\/school\/wp-json\/wp\/v2\/pages"}],"about":[{"href":"https:\/\/talithakumi.ps\/school\/wp-json\/wp\/v2\/types\/page"}],"author":[{"embeddable":true,"href":"https:\/\/talithakumi.ps\/school\/wp-json\/wp\/v2\/users\/2"}],"replies":[{"embeddable":true,"href":"https:\/\/talithakumi.ps\/school\/wp-json\/wp\/v2\/comments?post=234"}],"version-history":[{"count":5,"href":"https:\/\/talithakumi.ps\/school\/wp-json\/wp\/v2\/pages\/234\/revisions"}],"predecessor-version":[{"id":9851,"href":"https:\/\/talithakumi.ps\/school\/wp-json\/wp\/v2\/pages\/234\/revisions\/9851"}],"wp:attachment":[{"href":"https:\/\/talithakumi.ps\/school\/wp-json\/wp\/v2\/media?parent=234"}],"curies":[{"name":"wp","href":"https:\/\/api.w.org\/{rel}","templated":true}]}}