{"id":236,"date":"2017-04-13T07:41:52","date_gmt":"2017-04-13T07:41:52","guid":{"rendered":"http:\/\/www.switch.ps\/talitha\/school\/?page_id=236"},"modified":"2018-09-28T09:24:02","modified_gmt":"2018-09-28T09:24:02","slug":"kunst-arbeitsgemeinschaft-ag","status":"publish","type":"page","link":"https:\/\/talithakumi.ps\/school\/kunst-arbeitsgemeinschaft-ag\/","title":{"rendered":"Kunst &#8211; Arbeitsgemeinschaft (AG)"},"content":{"rendered":"<div class=\"wpb-content-wrapper\"><p>[vc_row][vc_column][vc_custom_heading text=&#8221;Kunst &#8211; Arbeitsgemeinschaft (AG)&#8221; font_container=&#8221;tag:h2|font_size:35|text_align:center|color:%237f0909&#8243; use_theme_fonts=&#8221;yes&#8221;][vc_empty_space][\/vc_column][\/vc_row][vc_row][vc_column width=&#8221;1\/2&#8243;][vc_custom_heading text=&#8221;Wahlfach: Kunst-AG&#8221; font_container=&#8221;tag:h2|text_align:left|color:%23ffffff&#8221; use_theme_fonts=&#8221;yes&#8221; css=&#8221;.vc_custom_1495080632571{padding-top: 5px !important;padding-right: 5px !important;padding-bottom: 5px !important;padding-left: 5px !important;background-color: #7f0909 !important;}&#8221;][vc_column_text]<\/p>\n<div><strong>Termin: Freitag von 9:30 bis 11:30 Uhr<\/strong><\/div>\n<div><strong>Lehrer: Urte Abu Sarhan &amp; Gazi Nour<\/strong><\/div>\n<div><strong>Teilnehmer: Sch\u00fcler und Sch\u00fclerinnen von Klasse 6-12 (DIAP &amp; Tawjihi)<\/strong><\/div>\n<div><strong>Maximale Personenanzahl: 20 Personen<\/strong><\/div>\n<p>Der Kunstkurs spielt eine sehr wichtige Rolle bei der Entwicklung der Schule.&nbsp; Der Kurs f\u00f6rdert das Verst\u00e4ndnis und die Wichtigkeit der Kunst, die immer noch einen untergeordneten Stellenwert hat.<\/p>\n<p>So werden nicht nur lokale K\u00fcnstler vorgestellt, sondern auch \u00fcber international K\u00fcnstler gesprochen und ihre Techniken erkl\u00e4rt, die den Sch\u00fclern neue Sichtweisen und Meinungsdarstellungen erm\u00f6glichen.<\/p>\n<p>Mit Unterst\u00fctzung des Schulleiters Herrn Lindemann, bietet die Fachschaft Kunst in Taltiha Kumi eine Kunst-AG f\u00fcr interresierte Sch\u00fcler aus der Mittelstufe an. Der Kurs findet am Freitag von 9:30 bis 11:30 statt. Die Sch\u00fcler beteiligen sich an Arbeiten und Zeichnungen unter der Leitung von Herrn Ghazi Nour und Frau Urte Abu Sarhan.<\/p>\n<p>Der Kurs bietet unter anderem Malen von \u00d6lgem\u00e4lden auf Leinw\u00e4nden an, die die Realit\u00e4t und die Umwelt der Sch\u00fcler wiederspiegeln.<\/p>\n<p>Weiter wird aus einem Gemisch aus Holzsp\u00e4ne und Leim an Gesichtern und Figuren, sowie an verschiedenen Motiven mit \u00d6lpastel, gearbeitet.<\/p>\n<p>Die Sch\u00fcler lernen, die Eigenschaften der unterschiedlichsten Materialien wie zum Beispiel \u00d6l, Pastell, Kreiden, usw. &nbsp;kennen und anzuwenden.<\/p>\n<p>Die Arbeiten der Sch\u00fcler werden am &#8220;Tag der offenen T\u00fcr&#8221; im April gezeigt. Danach werden sie an den W\u00e4nden der Schule aufgeh\u00e4ngt.<\/p>\n<p>Am Ende des Kurses bekommt jeder Sch\u00fcler ein Zertifikat als Anerkennung f\u00fcr ihren Erfolg.[\/vc_column_text][\/vc_column][vc_column width=&#8221;1\/2&#8243;][vc_single_image image=&#8221;7099&#8243; img_size=&#8221;large&#8221;][vc_btn title=&#8221;Fotos&#8221; shape=&#8221;square&#8221; color=&#8221;orange&#8221; i_icon_fontawesome=&#8221;fa fa-picture-o&#8221; add_icon=&#8221;true&#8221; link=&#8221;url:http%3A%2F%2Ftalithakumi.ps%2Fschool%2Fkunst-fotos%2Fnggallery%2Fkunst-fotos%2FAlbum-Kunst-2017-Wahlfach-Kunst-AG%2Fthumbnails|||&#8221;][\/vc_column][\/vc_row]<\/p>\n<\/div>","protected":false},"excerpt":{"rendered":"<p>[vc_row][vc_column][vc_custom_heading text=&#8221;Kunst &#8211; Arbeitsgemeinschaft (AG)&#8221; font_container=&#8221;tag:h2|font_size:35|text_align:center|color:%237f0909&#8243; use_theme_fonts=&#8221;yes&#8221;][vc_empty_space][\/vc_column][\/vc_row][vc_row][vc_column width=&#8221;1\/2&#8243;][vc_custom_heading text=&#8221;Wahlfach: Kunst-AG&#8221; font_container=&#8221;tag:h2|text_align:left|color:%23ffffff&#8221; use_theme_fonts=&#8221;yes&#8221; css=&#8221;.vc_custom_1495080632571{padding-top: 5px !important;padding-right: 5px !important;padding-bottom: 5px !important;padding-left: 5px !important;background-color: #7f0909 !important;}&#8221;][vc_column_text] Termin: Freitag von 9:30 bis 11:30 Uhr Lehrer: Urte Abu Sarhan &amp; Gazi Nour Teilnehmer: Sch\u00fcler und Sch\u00fclerinnen von Klasse 6-12 (DIAP &amp; Tawjihi) Maximale Personenanzahl: 20 Personen Der Kunstkurs spielt eine [&hellip;]<\/p>\n","protected":false},"author":2,"featured_media":0,"parent":0,"menu_order":0,"comment_status":"closed","ping_status":"closed","template":"page-templates\/demo-nav-3.php","meta":{"footnotes":""},"class_list":["post-236","page","type-page","status-publish","hentry"],"_links":{"self":[{"href":"https:\/\/talithakumi.ps\/school\/wp-json\/wp\/v2\/pages\/236","targetHints":{"allow":["GET"]}}],"collection":[{"href":"https:\/\/talithakumi.ps\/school\/wp-json\/wp\/v2\/pages"}],"about":[{"href":"https:\/\/talithakumi.ps\/school\/wp-json\/wp\/v2\/types\/page"}],"author":[{"embeddable":true,"href":"https:\/\/talithakumi.ps\/school\/wp-json\/wp\/v2\/users\/2"}],"replies":[{"embeddable":true,"href":"https:\/\/talithakumi.ps\/school\/wp-json\/wp\/v2\/comments?post=236"}],"version-history":[{"count":6,"href":"https:\/\/talithakumi.ps\/school\/wp-json\/wp\/v2\/pages\/236\/revisions"}],"predecessor-version":[{"id":7101,"href":"https:\/\/talithakumi.ps\/school\/wp-json\/wp\/v2\/pages\/236\/revisions\/7101"}],"wp:attachment":[{"href":"https:\/\/talithakumi.ps\/school\/wp-json\/wp\/v2\/media?parent=236"}],"curies":[{"name":"wp","href":"https:\/\/api.w.org\/{rel}","templated":true}]}}