{"id":244,"date":"2017-04-13T08:19:38","date_gmt":"2017-04-13T08:19:38","guid":{"rendered":"http:\/\/www.switch.ps\/talitha\/school\/?page_id=244"},"modified":"2018-10-03T19:07:49","modified_gmt":"2018-10-03T19:07:49","slug":"musik-chor","status":"publish","type":"page","link":"https:\/\/talithakumi.ps\/school\/musik-chor\/","title":{"rendered":"Musik &#8211; Ch\u00f6re"},"content":{"rendered":"<div class=\"wpb-content-wrapper\"><p>[vc_row content_placement=&#8221;top&#8221; u_row_style=&#8221;0&#8243; u_row_paralax=&#8221;0&#8243; u_row_scheme=&#8221;0&#8243;][vc_column][vc_custom_heading text=&#8221;Ch\u00f6re an Talitha Kumi&#8221; font_container=&#8221;tag:h2|font_size:35|text_align:center|color:%237f0909&#8243; use_theme_fonts=&#8221;yes&#8221;][\/vc_column][\/vc_row][vc_row u_row_style=&#8221;0&#8243; u_row_paralax=&#8221;0&#8243; u_row_scheme=&#8221;0&#8243;][vc_column css=&#8221;.vc_custom_1494654976737{padding-top: 25px !important;padding-right: 25px !important;padding-bottom: 25px !important;padding-left: 25px !important;background-color: #f9f9e0 !important;}&#8221;][vc_custom_heading text=&#8221;Talitha Kumi Jugendchor&#8221; font_container=&#8221;tag:h2|text_align:left|color:%23ffffff&#8221; use_theme_fonts=&#8221;yes&#8221; css=&#8221;.vc_custom_1538125030337{padding-top: 5px !important;padding-right: 5px !important;padding-bottom: 5px !important;padding-left: 5px !important;background-color: #7f0909 !important;}&#8221;][vc_single_image image=&#8221;7097&#8243; img_size=&#8221;large&#8221;][vc_column_text]<strong>Termin: Donnerstag&nbsp; von 14:30 bis 16.00 Uhr<\/strong><\/p>\n<p><strong>Lehrerin: Reem Handal<\/strong><\/p>\n<p><b>Ort: Gro\u00dfer&nbsp;Musiksaal (Raum 103)<\/b><\/p>\n<p><strong>Teilnehmer: Sch\u00fcler und Sch\u00fclerinnen von Klasse 10-12 (DIA &amp; Tawjihi)<\/strong><\/p>\n<p><strong>Personenanzahl: 20 Personen<\/strong><\/p>\n<p>Der Jugendchor von Talitha Kumi besteht aus 20 Sch\u00fcler\/innen und hat 2015 und 2016 mehrere Auftritte absolviert.<\/p>\n<p>Im Mai 2015 reiste der Chor mit der Musiklehrerin Reem Handel und dem Musiklehrer Henry Marahrens nach Deutschland, um an den Feierlichkeiten des Kirchentages in Stuttgart teilzunehmen. Danach gab es f\u00fcnf Gesangsauff\u00fchrungen in verschiedenen deutschen Regionen. Die Lieder, die in Theatern und Kirchen gesungen wurden, waren auf Arabisch und Deutsch und haben den zahlreichen Zuh\u00f6rern sehr gut gefallen.<\/p>\n<p>Am 23.12.2015 nahm der Chor an der Weihnachtsfeier und im Mai 2016 an der Abiturfeier der Schule teil. Bei diesen beiden wichtigen Anl\u00e4ssen spielt der Chor regelm\u00e4\u00dfig eine zentrale Rolle, und seine folkloristischen Lieder und Songs sind besonders gefragt und werden bewundert.<\/p>\n<p>Eine Gruppe von Chormitgliedern reiste im Rahmen des Austauschprogramms zwischen Talitha Kumi und der Hans-Ehrenberg-Schule in Bielefeld-Sennestadt mit der Chorleiterin Reem Handel und dem Lehrer Siegfried Kremeyer im Juni 2016 nach Nordrhein-Westfalen. Die Sch\u00fcler\/innen nahmen an einem Musikworkshop und einem Gesangsabend in der gastgebenden Schule in Sennestadt teil.<\/p>\n<p>Ferner trat der Schulchor beim Olivenfest auf, das im November 2016 auf dem Platz vor dem Friedenszentrum in Bethlehem stattfand; unter der Leitung der Musiklehrerin Reem Handal pr\u00e4sentierte der Chor eine Serie von Fairuz Liedern.<\/p>\n<p>Am 8. Dezember 2016 nahm der Chor an der Gedenkfeier f\u00fcr die verstorbene Aida Bishara teil und sang eine Reihe von Hymnen.<\/p>\n<p>Auch auf der Weihnachtsfeier der Schule am 22. Dezember 2016 pr\u00e4sentierte der Chor verschiedene von Hymnen.<\/p>\n<p>Es ist anzumerken, dass die Aktivit\u00e4ten des Chors nicht auf seine Auftritte in der Schule und im Land beschr\u00e4nkt sind, sondern auch im Ausland stattfinden; so nimmt der Chor z.B. alle zwei Jahre am Kirchentag in Deutschland teil, wo er die Kultur und das Erbe unseres Landes Pal\u00e4stina pr\u00e4sentiert.<\/p>\n<p><strong>Chorproben:<\/strong><\/p>\n<p>Proben des Schulchors gibt es einmal pro Woche, n\u00e4mlich donnerstags nach Schulschluss. Wir proben f\u00fcr die Dauer von zwei Unterrichtsstunden, aber manchmal brauchen wir, je nach Bedarf, zus\u00e4tzliche Stunden im Laufe der Woche.<\/p>\n<p>Die Sch\u00fcler werden zuerst auf langen Atem und die Beherrschung der Stimme trainiert, und nach einer kurzen \u201eAufw\u00e4rm-Phase\u201c erfolgen dann die Gesangs\u00fcbungen.<\/p>\n<p><strong>Die Ziele der Arbeit mit dem Chor:<\/strong><\/p>\n<p>Die Ziele der Chorarbeit lassen sich wie folgt zusammenfassen:<\/p>\n<ul>\n<li>die Ausbildung einer Gruppe von Sch\u00fcler\/innen, die musikalische Interessen und \/ oder besondere Gesangstimmen haben, um kreativ zu singen.<\/li>\n<li>Die st\u00e4ndige Erhaltung einer Gruppe von Sch\u00fcler\/innen, die regelm\u00e4\u00dfig bei den Feierlichkeiten der Schule singen und Talitha Kumi auf Veranstaltungen innerhalb und au\u00dferhalb des Landes, vor allem in Deutschland, repr\u00e4sentieren.<\/li>\n<\/ul>\n<p>[\/vc_column_text][vc_separator border_width=&#8221;5&#8243;][vc_custom_heading text=&#8221;Talitha Kumi Kinderchor&#8221; font_container=&#8221;tag:h2|text_align:left|color:%23ffffff&#8221; use_theme_fonts=&#8221;yes&#8221; css=&#8221;.vc_custom_1538125264616{padding-top: 5px !important;padding-right: 5px !important;padding-bottom: 5px !important;padding-left: 5px !important;background-color: #7f0909 !important;}&#8221;][vc_single_image image=&#8221;7164&#8243; img_size=&#8221;large&#8221;][vc_column_text]<\/p>\n<h3><strong>H\u00f6rt, H\u00f6rt! <\/strong><\/h3>\n<p><strong>Termin: mittwochs: 13.30-14.30<\/strong><\/p>\n<p><strong>Lehrer: Wolfgang&nbsp;<\/strong><\/p>\n<p><strong>Ort: Kleiner Musiksaal (Raum 101)<\/strong><\/p>\n<p><strong>Voraussetzung: Eignungspr\u00fcfung oder die SING-<em>klasse! (5c)<\/em><\/strong><\/p>\n<p><strong>Alter: 12-16 Jahre (Klasse 6-9)<\/strong><\/p>\n<p>&nbsp;<\/p>\n<p><strong>Musik\u2013 Es gibt immer noch M\u00f6glichkeiten <\/strong><\/p>\n<p>Es wird wieder viel gesungen an Talitha Kumi. Der neu gegr\u00fcndete Talitha Kumi Kinderchor probt einmal w\u00f6chentlich mit Musiklehrer Ostaz Wolfgang W. Das Singen ist nicht nur gut f\u00fcr die Gesundheit. Das Singen begleitet, unterst\u00fctzt und st\u00e4rkt Kinder und Jugendliche in ihrer pers\u00f6nlichen Entwicklung und er\u00f6ffnet Wege musikalischen Erlebens und Lernens und unterst\u00fctzt das soziale Lernen.<\/p>\n<p>Das Repertoire will bei den jungen Menschen die Begeisterung f\u00fcr Musik wecken und die Begegnung mit deutschsprachiger Literatur erm\u00f6glichen. Aber auch internationale Chorliteratur aus verschiedenen Jahrhunderten darf dabei nicht zu kurz kommen. Der Chor freut sich \u00fcber kleinere und gr\u00f6\u00dfere Auftrittsm\u00f6glichkeiten sowie Austauschprogramme und Begegnungen mit anderen Ch\u00f6ren und Chorleitern.<br \/>\n&nbsp;<\/p>\n<p><strong>Der Chorleiter<\/strong><\/p>\n<p>Ostaz Wolfgang ist Musiklehrer an Talitha Kumi und diplomierter Chordirigent. Die Zentralstelle f\u00fcr Auslandsschulwesen in Deutschland versetzte ihn f\u00fcr drei Jahre nach Talitha Kumi.<\/p>\n<p>Bereits als Student \u00fcbernahm er die Leitung von Kinder- Jugend und Erwachsenench\u00f6ren.<br \/>\nMit dem Altensteiger Vokalensemble f\u00fchrten ihn etliche Konzerte durch Deutschland, Rum\u00e4nien, Hong-Kong und Israel-Pal\u00e4stina. Viele wertvolle Erfahrungen sammelte er als Gr\u00fcnder und Chorleiter des Christophorus-Kinderchor Altensteig, den er \u00fcber 10 Jahre leitete. Er begleitete den Chor zu etlichen regionalen, nationalen und auch internationalen Auszeichnungen.<\/p>\n<p>&nbsp;<\/p>\n<p>\u201eBesonders am Herzen liegt mir, dass viel gesungen wird und die Freude daran, sowie das Fo\u0308rdern der musikalischen Sensibilita\u0308t, das saubere Intonieren, die individuelle Kreativit\u00e4t und die Unterstu\u0308tzung der Entwicklung eines eigenen musikalischen Weges und einer eigenen Pers\u00f6nlichkeit.&nbsp;Ich bin \u00fcberzeugt, dass Musik Menschenherzen ber\u00fchren, verbinden und Grenzen \u00fcberwinden kann. \u201c<\/p>\n<p>Ostaz Wolfgang[\/vc_column_text][\/vc_column][\/vc_row]<\/p>\n<\/div>","protected":false},"excerpt":{"rendered":"<p>[vc_row content_placement=&#8221;top&#8221; u_row_style=&#8221;0&#8243; u_row_paralax=&#8221;0&#8243; u_row_scheme=&#8221;0&#8243;][vc_column][vc_custom_heading text=&#8221;Ch\u00f6re an Talitha Kumi&#8221; font_container=&#8221;tag:h2|font_size:35|text_align:center|color:%237f0909&#8243; use_theme_fonts=&#8221;yes&#8221;][\/vc_column][\/vc_row][vc_row u_row_style=&#8221;0&#8243; u_row_paralax=&#8221;0&#8243; u_row_scheme=&#8221;0&#8243;][vc_column css=&#8221;.vc_custom_1494654976737{padding-top: 25px !important;padding-right: 25px !important;padding-bottom: 25px !important;padding-left: 25px !important;background-color: #f9f9e0 !important;}&#8221;][vc_custom_heading text=&#8221;Talitha Kumi Jugendchor&#8221; font_container=&#8221;tag:h2|text_align:left|color:%23ffffff&#8221; use_theme_fonts=&#8221;yes&#8221; css=&#8221;.vc_custom_1538125030337{padding-top: 5px !important;padding-right: 5px !important;padding-bottom: 5px !important;padding-left: 5px !important;background-color: #7f0909 !important;}&#8221;][vc_single_image image=&#8221;7097&#8243; img_size=&#8221;large&#8221;][vc_column_text]Termin: Donnerstag&nbsp; von 14:30 bis 16.00 Uhr Lehrerin: Reem Handal Ort: Gro\u00dfer&nbsp;Musiksaal (Raum [&hellip;]<\/p>\n","protected":false},"author":2,"featured_media":0,"parent":0,"menu_order":0,"comment_status":"closed","ping_status":"closed","template":"page-templates\/demo-nav-3.php","meta":{"footnotes":""},"class_list":["post-244","page","type-page","status-publish","hentry"],"_links":{"self":[{"href":"https:\/\/talithakumi.ps\/school\/wp-json\/wp\/v2\/pages\/244","targetHints":{"allow":["GET"]}}],"collection":[{"href":"https:\/\/talithakumi.ps\/school\/wp-json\/wp\/v2\/pages"}],"about":[{"href":"https:\/\/talithakumi.ps\/school\/wp-json\/wp\/v2\/types\/page"}],"author":[{"embeddable":true,"href":"https:\/\/talithakumi.ps\/school\/wp-json\/wp\/v2\/users\/2"}],"replies":[{"embeddable":true,"href":"https:\/\/talithakumi.ps\/school\/wp-json\/wp\/v2\/comments?post=244"}],"version-history":[{"count":5,"href":"https:\/\/talithakumi.ps\/school\/wp-json\/wp\/v2\/pages\/244\/revisions"}],"predecessor-version":[{"id":7165,"href":"https:\/\/talithakumi.ps\/school\/wp-json\/wp\/v2\/pages\/244\/revisions\/7165"}],"wp:attachment":[{"href":"https:\/\/talithakumi.ps\/school\/wp-json\/wp\/v2\/media?parent=244"}],"curies":[{"name":"wp","href":"https:\/\/api.w.org\/{rel}","templated":true}]}}