{"id":264,"date":"2017-04-13T08:37:06","date_gmt":"2017-04-13T08:37:06","guid":{"rendered":"http:\/\/www.switch.ps\/talitha\/school\/?page_id=264"},"modified":"2020-02-15T09:52:36","modified_gmt":"2020-02-15T09:52:36","slug":"hebrew","status":"publish","type":"page","link":"https:\/\/talithakumi.ps\/school\/hebrew\/","title":{"rendered":"Zus\u00e4tzliche Aktivit\u00e4ten &#8211; Hebr\u00e4isch"},"content":{"rendered":"<div class=\"wpb-content-wrapper\"><p>[vc_row content_placement=&#8221;top&#8221; u_row_style=&#8221;0&#8243; u_row_paralax=&#8221;0&#8243; u_row_scheme=&#8221;0&#8243;][vc_column][vc_custom_heading text=&#8221;Hebr\u00e4isch&#8221; font_container=&#8221;tag:h2|font_size:35|text_align:center|color:%237f0909&#8243; use_theme_fonts=&#8221;yes&#8221;][\/vc_column][\/vc_row][vc_row u_row_style=&#8221;0&#8243; u_row_paralax=&#8221;0&#8243; u_row_scheme=&#8221;0&#8243;][vc_column css=&#8221;.vc_custom_1494655291815{padding-top: 25px !important;padding-right: 25px !important;padding-bottom: 25px !important;padding-left: 25px !important;background-color: #f9f9e0 !important;}&#8221;][vc_custom_heading text=&#8221;Wahlfach: Hebr\u00e4isch f\u00fcr Anf\u00e4nger&#8221; font_container=&#8221;tag:h2|text_align:left|color:%23ffffff&#8221; use_theme_fonts=&#8221;yes&#8221; css=&#8221;.vc_custom_1495080769057{padding-top: 5px !important;padding-right: 5px !important;padding-bottom: 5px !important;padding-left: 5px !important;background-color: #7f0909 !important;}&#8221;][vc_column_text]<strong>Termin: Samstags von 13:50 &#8211; 14:30 Uhr<\/strong><\/p>\n<p><strong>Lehrerin: Karmel Salah<\/strong><\/p>\n<p><strong>Teilnehmer: Sch\u00fcler und Sch\u00fclerinnen von Klasse 7-10 (DIA &amp; Tawjihi)<\/strong><\/p>\n<p>Im Schuljahr 2015\/2016 wurde das Wahlfach &#8220;Hebr\u00e4isch f\u00fcr Anf\u00e4nger&#8221;&nbsp; erstmals angeboten.<\/p>\n<p>seit Februar 2020 begann ein Hebr\u00e4isch-Kurs mit 20 Sch\u00fclerinnen und Sch\u00fcler.<\/p>\n<p>Dieser Kurs vermittelt den Sch\u00fclern die Grundlagen der hebr\u00e4ischen Sprache.<\/p>\n<p>\u00dcberwiegend die Sch\u00fcler, die aus Jerusalem kommen und t\u00e4glich den Checkpoint \u00fcberqueren, nehmen den Kurs dankbar an.[\/vc_column_text][\/vc_column][\/vc_row]<\/p>\n<\/div>","protected":false},"excerpt":{"rendered":"<p>[vc_row content_placement=&#8221;top&#8221; u_row_style=&#8221;0&#8243; u_row_paralax=&#8221;0&#8243; u_row_scheme=&#8221;0&#8243;][vc_column][vc_custom_heading text=&#8221;Hebr\u00e4isch&#8221; font_container=&#8221;tag:h2|font_size:35|text_align:center|color:%237f0909&#8243; use_theme_fonts=&#8221;yes&#8221;][\/vc_column][\/vc_row][vc_row u_row_style=&#8221;0&#8243; u_row_paralax=&#8221;0&#8243; u_row_scheme=&#8221;0&#8243;][vc_column css=&#8221;.vc_custom_1494655291815{padding-top: 25px !important;padding-right: 25px !important;padding-bottom: 25px !important;padding-left: 25px !important;background-color: #f9f9e0 !important;}&#8221;][vc_custom_heading text=&#8221;Wahlfach: Hebr\u00e4isch f\u00fcr Anf\u00e4nger&#8221; font_container=&#8221;tag:h2|text_align:left|color:%23ffffff&#8221; use_theme_fonts=&#8221;yes&#8221; css=&#8221;.vc_custom_1495080769057{padding-top: 5px !important;padding-right: 5px !important;padding-bottom: 5px !important;padding-left: 5px !important;background-color: #7f0909 !important;}&#8221;][vc_column_text]Termin: Samstags von 13:50 &#8211; 14:30 Uhr Lehrerin: Karmel Salah Teilnehmer: Sch\u00fcler und Sch\u00fclerinnen von Klasse 7-10 [&hellip;]<\/p>\n","protected":false},"author":2,"featured_media":0,"parent":0,"menu_order":0,"comment_status":"closed","ping_status":"closed","template":"page-templates\/demo-nav-3.php","meta":{"footnotes":""},"class_list":["post-264","page","type-page","status-publish","hentry"],"_links":{"self":[{"href":"https:\/\/talithakumi.ps\/school\/wp-json\/wp\/v2\/pages\/264","targetHints":{"allow":["GET"]}}],"collection":[{"href":"https:\/\/talithakumi.ps\/school\/wp-json\/wp\/v2\/pages"}],"about":[{"href":"https:\/\/talithakumi.ps\/school\/wp-json\/wp\/v2\/types\/page"}],"author":[{"embeddable":true,"href":"https:\/\/talithakumi.ps\/school\/wp-json\/wp\/v2\/users\/2"}],"replies":[{"embeddable":true,"href":"https:\/\/talithakumi.ps\/school\/wp-json\/wp\/v2\/comments?post=264"}],"version-history":[{"count":5,"href":"https:\/\/talithakumi.ps\/school\/wp-json\/wp\/v2\/pages\/264\/revisions"}],"predecessor-version":[{"id":9371,"href":"https:\/\/talithakumi.ps\/school\/wp-json\/wp\/v2\/pages\/264\/revisions\/9371"}],"wp:attachment":[{"href":"https:\/\/talithakumi.ps\/school\/wp-json\/wp\/v2\/media?parent=264"}],"curies":[{"name":"wp","href":"https:\/\/api.w.org\/{rel}","templated":true}]}}