{"id":270,"date":"2017-04-13T08:40:42","date_gmt":"2017-04-13T08:40:42","guid":{"rendered":"http:\/\/www.switch.ps\/talitha\/school\/?page_id=270"},"modified":"2023-04-10T16:54:49","modified_gmt":"2023-04-10T16:54:49","slug":"bfp","status":"publish","type":"page","link":"https:\/\/talithakumi.ps\/school\/bfp\/","title":{"rendered":"Programme &#8211; Brass for Peace"},"content":{"rendered":"<div class=\"wpb-content-wrapper\"><p>[vc_row content_placement=&#8221;top&#8221; u_row_style=&#8221;0&#8243; u_row_paralax=&#8221;0&#8243; u_row_scheme=&#8221;0&#8243;][vc_column 0=&#8221;&#8221;][vc_custom_heading text=&#8221;Brass for Peace&#8221; font_container=&#8221;tag:h2|font_size:40|text_align:center&#8221; use_theme_fonts=&#8221;yes&#8221;][\/vc_column][\/vc_row][vc_row u_row_style=&#8221;0&#8243; u_row_paralax=&#8221;0&#8243; u_row_scheme=&#8221;0&#8243;][vc_column width=&#8221;2\/3&#8243; css=&#8221;.vc_custom_1593867762287{padding-top: 25px !important;padding-right: 25px !important;padding-bottom: 25px !important;padding-left: 25px !important;}&#8221;][vc_column_text 0=&#8221;&#8221;]<\/p>\n<h4><span style=\"color: #000000\">Brass for Peace ist eine deutsche NGO, also eine nicht von der Regierung ausgehende Organisation, die 2009 gegr\u00fcndet wurde. Der Verein entsendet in Kooperation mit dem Berliner Missionswerk jedes Jahr ein bis zwei Volont\u00e4re nach Pal\u00e4stina, um Kindern das Musizieren auf Trompete, Posaune, und anderen Blechblasinstrumenten beizubringen.<\/span><\/h4>\n<h4><span style=\"color: #000000\">Die Sch\u00fcler kommen aus drei Schulen aus der Westbank und werden auch in ihren Schulen nachmittags nach dem regul\u00e4ren Unterricht unterrichtet: in Bethlehem (Dar al Kalima Schule), in der Lutherischen Schule in Beit Sahour und in Beit Jala (Talitha Kumi). Im Moment werden durch die Brass for Peace Volont\u00e4re etwa 50-60 Sch\u00fcler unterrichtet. Die Sch\u00fcler haben einmal pro Woche Einzel- oder Gruppenunterricht und kommen immer freitags zu Ensembleproben zusammen. In den drei Ensembles mit unterschiedlichem Niveau \u00fcben die Kinder das gemeinsame Musizieren als Gruppe.<\/span><\/h4>\n<h4><span style=\"color: #000000\">Montags gibt es f\u00fcr die ganz interessierten ein Zusatz-Ensemble, das den kreativen Namen Monday Brass tr\u00e4gt. Hier treffen sich all diejenigen Sch\u00fclerinnen und Sch\u00fcler,&nbsp; denen der w\u00f6chentliche Unterricht und die Freitagsprobe noch nicht genug sind.<\/span><\/h4>\n<h4><span style=\"color: #000000\">Die Kinder bekommen durch Brass for Peace einerseits die M\u00f6glichkeit, sich mit ihren Freunden zu treffen, um gemeinsam zu musizieren. Auf der anderen Seite lernen sie, miteinander zu \u00fcben, den anderen zuzuh\u00f6ren und sich gegenseitig&nbsp; zu tolerieren und respektieren,. Au\u00dferdem haben sie die M\u00f6glichkeit, in Kontakt mit deutschen Bl\u00e4sern zu kommen. 2015 war eine Gruppe von pal\u00e4stinensischen Jugendlichen von Brass for Peace f\u00fcr eine Woche in Deutschland, 2016 fand dann der Gegenbesuch statt.<\/span><\/h4>\n<h4><span style=\"color: #000000\">Die Arbeit von Brass for Peace ist zu 100% auf private Spenden angewiesen, da die Kinder f\u00fcr den Unterricht selbst nur einen kleinen finanziellen Beitrag leisten m\u00fcssen beziehungsweise k\u00f6nnen. Dies ist eher ein symbolischer Beitrag und kann die Arbeit finanziell nicht tragen. Fast alle Spenden kommen aus Deutschland.<\/span><\/h4>\n<h4><span style=\"color: #000000\">Die Volont\u00e4re von Brass for Peace nehmen auch am Volont\u00e4rsprogramm des Berliner Missionswerks teil. Sie besuchen entsprechende Vorbereitungs- und Begleit-Seminare und leben mit den anderen Volont\u00e4ren zusammen in einer Wohngemeinschaft in einem Teil des Schulgeb\u00e4udes.&nbsp; Die anderen Volont\u00e4re sind in der Schule, dem M\u00e4dcheninternat und im Kindergarten eingesetzt.<\/span><\/h4>\n<p>[\/vc_column_text][vc_btn title=&#8221;Projekt von BfP mit Beteiligung von TK-Sch\u00fclern &#8221; style=&#8221;3d&#8221; color=&#8221;vista-blue&#8221; link=&#8221;url:https%3A%2F%2Fwww.facebook.com%2Fbrassforpeace%2Fvideos%2Fvb.1383189905337580%2F3025809967526908%2F%3Ftype%3D2%26theater||target:%20_blank|&#8221;][vc_separator 0=&#8221;&#8221;][vc_btn title=&#8221;Homepage des Vereins &#8220; Brass for Peace&#8220; &#8221; style=&#8221;flat&#8221; shape=&#8221;round&#8221; color=&#8221;pink&#8221; link=&#8221;url:https%3A%2F%2Fwww.brass-for-peace.de%2F||target:%20_blank|&#8221;][\/vc_column][vc_column width=&#8221;1\/3&#8243; css=&#8221;.vc_custom_1494655423254{padding-top: 25px !important;padding-right: 25px !important;padding-bottom: 25px !important;padding-left: 25px !important;background-color: #f9f9e0 !important;}&#8221;][vc_single_image image=&#8221;12327&#8243; img_size=&#8221;large&#8221; add_caption=&#8221;yes&#8221; alignment=&#8221;right&#8221; style=&#8221;vc_box_shadow_3d&#8221; onclick=&#8221;link_image&#8221; css=&#8221;.vc_custom_1681144854379{background-color: rgba(0,0,0,0.01) !important;*background-color: rgb(0,0,0) !important;}&#8221;][vc_single_image image=&#8221;12328&#8243; img_size=&#8221;large&#8221; add_caption=&#8221;yes&#8221; alignment=&#8221;right&#8221; style=&#8221;vc_box_shadow_3d&#8221; onclick=&#8221;link_image&#8221; css=&#8221;.vc_custom_1681144944431{background-color: rgba(0,0,0,0.01) !important;*background-color: rgb(0,0,0) !important;}&#8221;][\/vc_column][\/vc_row]<\/p>\n<\/div>","protected":false},"excerpt":{"rendered":"<p>[vc_row content_placement=&#8221;top&#8221; u_row_style=&#8221;0&#8243; u_row_paralax=&#8221;0&#8243; u_row_scheme=&#8221;0&#8243;][vc_column 0=&#8221;&#8221;][vc_custom_heading text=&#8221;Brass for Peace&#8221; font_container=&#8221;tag:h2|font_size:40|text_align:center&#8221; use_theme_fonts=&#8221;yes&#8221;][\/vc_column][\/vc_row][vc_row u_row_style=&#8221;0&#8243; u_row_paralax=&#8221;0&#8243; u_row_scheme=&#8221;0&#8243;][vc_column width=&#8221;2\/3&#8243; css=&#8221;.vc_custom_1593867762287{padding-top: 25px !important;padding-right: 25px !important;padding-bottom: 25px !important;padding-left: 25px !important;}&#8221;][vc_column_text 0=&#8221;&#8221;] Brass for Peace ist eine deutsche NGO, also eine nicht von der Regierung ausgehende Organisation, die 2009 gegr\u00fcndet wurde. Der Verein entsendet in Kooperation mit dem Berliner Missionswerk jedes Jahr [&hellip;]<\/p>\n","protected":false},"author":2,"featured_media":0,"parent":0,"menu_order":0,"comment_status":"closed","ping_status":"closed","template":"page-templates\/demo-nav-3.php","meta":{"footnotes":""},"class_list":["post-270","page","type-page","status-publish","hentry"],"_links":{"self":[{"href":"https:\/\/talithakumi.ps\/school\/wp-json\/wp\/v2\/pages\/270","targetHints":{"allow":["GET"]}}],"collection":[{"href":"https:\/\/talithakumi.ps\/school\/wp-json\/wp\/v2\/pages"}],"about":[{"href":"https:\/\/talithakumi.ps\/school\/wp-json\/wp\/v2\/types\/page"}],"author":[{"embeddable":true,"href":"https:\/\/talithakumi.ps\/school\/wp-json\/wp\/v2\/users\/2"}],"replies":[{"embeddable":true,"href":"https:\/\/talithakumi.ps\/school\/wp-json\/wp\/v2\/comments?post=270"}],"version-history":[{"count":5,"href":"https:\/\/talithakumi.ps\/school\/wp-json\/wp\/v2\/pages\/270\/revisions"}],"predecessor-version":[{"id":12331,"href":"https:\/\/talithakumi.ps\/school\/wp-json\/wp\/v2\/pages\/270\/revisions\/12331"}],"wp:attachment":[{"href":"https:\/\/talithakumi.ps\/school\/wp-json\/wp\/v2\/media?parent=270"}],"curies":[{"name":"wp","href":"https:\/\/api.w.org\/{rel}","templated":true}]}}