{"id":285,"date":"2017-04-13T08:54:46","date_gmt":"2017-04-13T08:54:46","guid":{"rendered":"http:\/\/www.switch.ps\/talitha\/school\/?page_id=285"},"modified":"2019-11-20T12:16:55","modified_gmt":"2019-11-20T12:16:55","slug":"programme-wettbewerbe-wettbewerbe-in-dia","status":"publish","type":"page","link":"https:\/\/talithakumi.ps\/school\/programme-wettbewerbe-wettbewerbe-in-dia\/","title":{"rendered":"Programme &#8211; Wettbewerbe &#8211; Wettbewerbe in DIA"},"content":{"rendered":"<div class=\"wpb-content-wrapper\"><p>[vc_row content_placement=&#8221;top&#8221; u_row_style=&#8221;0&#8243; u_row_paralax=&#8221;0&#8243; u_row_scheme=&#8221;0&#8243;][vc_column][vc_custom_heading text=&#8221;Wettbewerbe in DIA&#8221; font_container=&#8221;tag:h2|font_size:35|text_align:center|color:%237f0909&#8243; use_theme_fonts=&#8221;yes&#8221;][\/vc_column][\/vc_row][vc_row u_row_style=&#8221;0&#8243; u_row_paralax=&#8221;0&#8243; u_row_scheme=&#8221;0&#8243;][vc_column css=&#8221;.vc_custom_1494655537431{padding-top: 25px !important;padding-right: 25px !important;padding-bottom: 25px !important;padding-left: 25px !important;background-color: #f9f9e0 !important;}&#8221;][vc_custom_heading text=&#8221;TU9-Bericht&#8221; font_container=&#8221;tag:h2|text_align:left|color:%23ffffff&#8221; use_theme_fonts=&#8221;yes&#8221; css=&#8221;.vc_custom_1574100959336{padding-top: 5px !important;padding-right: 5px !important;padding-bottom: 5px !important;padding-left: 5px !important;background-color: #7f0909 !important;}&#8221;][vc_single_image image=&#8221;8776&#8243; img_size=&#8221;large&#8221; add_caption=&#8221;yes&#8221; alignment=&#8221;center&#8221; onclick=&#8221;link_image&#8221;][vc_column_text]Weil eine Teilnehmerin abgesagt hatte und jemand statt der Teilnehmerin gew\u00e4hlt werden musste, bekam ich einen Platz an diesem Programm.<\/p>\n<p>Ich muss sagen, dass ich auf jeden Fall Gl\u00fcck hatte. Ich wusste nicht, was ich studieren m\u00f6chte und das war der Grund, der mich angetrieben hat, um an diesem Programm teilzunehmen. Ich glaube, dass ich zum ersten Mal in meinem Leben ein pr\u00e4zises Ziel hatte, das eigentlich Sinn macht. Dieses Ziel war, dass ich in dem Programm teilnehmen sollte, um die Studieng\u00e4nge und das System in deutschen Universit\u00e4ten kennenzulernen.<\/p>\n<p>Die deutsche Sprache war und ist die Br\u00fccke die zwischen mehreren L\u00e4ndern verbindet, und welche die Gelegenheit gibt, mit anderen Menschen zu kommunizieren. Das war auch der Fall bei uns. Wir kamen aus ganz verschiedenen L\u00e4ndern, aber wir haben trotzdem alle Deutsch gesprochen.<\/p>\n<p>Menschen spielen eine gro\u00dfe Rolle in so einem Programm, ohne die Professoren, Koordinatoren, Studenten, Teilnehmerinnen und Teilnehmern, h\u00e4tte es nicht geklappt. Wir hatten nicht nur tolle Menschen gehabt sondern auch ein tolles Programm. Das Programm war ein bisschen anstrengend, aber es hat trotzdem Spa\u00df gemacht. Man konnte wirklich Spa\u00df haben, aber auch davon profitieren, weil wir f\u00fcnf verschiedene Fakult\u00e4ten besucht haben und auch Pr\u00e4sentationen angeschaut haben, die fast alles \u00fcber die Fakult\u00e4t erkl\u00e4ren. Dabei hatten wir auch Spa\u00df, durch die Experimente die wir selber ausgef\u00fchrt haben.<\/p>\n<p>Es gibt so viele Sachen in dem Programm, die sch\u00f6n sind und Spa\u00df gemacht haben, zum Beispiel der Herrenh\u00e4user Garten, der Einstein Elevator und der Wellenkanal.<br \/>\nF\u00fcr mich pers\u00f6nlich waren die Menschen, die ich kennengelernt habe w\u00e4hrend diesem Stipendium mein Highlight, weil ich die Gelegenheit hatte, Menschen weltweit kennenzulernen und neue Freunde zu treffen. Das Essen in den Mensen war auch wundersch\u00f6n, da wir als Gruppe nicht viel Freizeit hatten, um untereinander zu sprechen und uns besser kennenlernen. Deswegen hatten wir die Chance w\u00e4hrend wir a\u00dfen mehr untereinander zu sprechen und somit einander besser kennenlernen. Ich fand es auch toll, dass wir mit Studenten geredet haben, sodass wir Empfehlungen und Meinungen bekommen \u00fcber eine bestimmte Studiengang oder sogar \u00fcber die Universit\u00e4t selbst und ob es die Sudenten gef\u00e4llt oder nicht.<\/p>\n<p>Jeder Mensch, und jedes Programm hat Vorteile sowie Nachteile. In diesem Programm gab es ein paar Dinge die man verbessern k\u00f6nnte, beispielweise die Freizeit.<br \/>\nWir hatten nicht viel Freizeit in dem Programm. Ich wei\u00df, dass f\u00fcnf Tagen nicht reichen um viele Fakult\u00e4ten vorzustellen, aber es w\u00e4re auch sinnvoll, wenn man eine Pause hat, bzw. zwischen den einzelnen Programmpunkten Freizeit bekommt. Der Mensch kann nicht endlos viele Informationen an einem Tag verarbeiten, deshalb bin ich der Meinung, dass man eine Fakult\u00e4t an zwei Tagen vorstellen soll, ersatzweise an nur einem Tag, damit man nicht nur die H\u00e4lfte versteht, sondern alles was gesagt wird.<\/p>\n<p>Ich finde dieses Programm sehr hilfreich, da ich die Gelegenheit hatte, etwas Neues zu erfahren. Ich wollte immer wissen, wie das Leben im Ausland ist, wenn ich ohne Freunde, Familie und Bekannte bin, ich habe es aber jetzt erfahren und es war gar nicht so schlecht wie ich es mir vorgestellt habe. Es war auf jeden Fall schwierig am Anfang bevor ich die Gruppe kennengelernt habe, aber danach habe ich mich wohl gef\u00fchlt und als ob ich in meiner Heimat bin. Genauso habe ich es mir in einem gr\u00f6\u00dferen Kontext gedacht, das hei\u00dft, ich habe mir die Zukunft vorgestellt, dass wenn ich zum Beispiel in Deutschland studiere, ich mich am Anfang bzw. im ersten Semester nicht wohl f\u00fchle, aber wenn ich danach Menschen kennenlerne und meine Umgebung vertraut ist, dann f\u00fchle ich mich als ob ich bei meiner Familie und meinen Freunden bin, und es k\u00f6nnte sein, dass ich nicht wieder in meine Heimat zur\u00fcckkehren, sondern in Deutschland bleiben m\u00f6chte, weil es mir dort so gut gef\u00e4llt.<\/p>\n<p>Meine Name ist Bishara Algwegat und bin siebzehn Jahre alt. Meine Schule hei\u00dft Talitha kumi und ist eine Exzellente Deutsche Auslandsschule. Sie liegt in einer Stadt, die Beit Jala hei\u00dft und in Pal\u00e4stina liegt. In meiner Schule werden zwei Abschl\u00fcsse gemacht, der eine ist das deutsche Abitur und der andere ist der pal\u00e4stinensische Abschluss (Tawjehe).<\/p>\n<p>Ich schlie\u00dfe meine Bericht ab mit einem herzlichen Dank an diejenigen, die an diesem Programm teilgenommen haben, und dieses Programm zum Erfolg gebracht haben. Au\u00dferdem m\u00f6chte ich meinem Lehrer danken, der mich hingewiesen hat auf dieses wundersch\u00f6ne Programm.<\/p>\n<p>Bishara Gwejat 12d[\/vc_column_text][\/vc_column][\/vc_row][vc_row u_row_style=&#8221;0&#8243; u_row_paralax=&#8221;0&#8243; u_row_scheme=&#8221;0&#8243;][vc_column width=&#8221;2\/3&#8243; css=&#8221;.vc_custom_1494655537431{padding-top: 25px !important;padding-right: 25px !important;padding-bottom: 25px !important;padding-left: 25px !important;background-color: #f9f9e0 !important;}&#8221;][vc_custom_heading text=&#8221;DIERCKE WISSEN 2017&#8243; font_container=&#8221;tag:h2|text_align:left|color:%23ffffff&#8221; use_theme_fonts=&#8221;yes&#8221; css=&#8221;.vc_custom_1495079947411{padding-top: 5px !important;padding-right: 5px !important;padding-bottom: 5px !important;padding-left: 5px !important;background-color: #7f0909 !important;}&#8221;][vc_column_text]Sameer Musallam aus der 9d ist der diesj\u00e4hrige Schulsieger des Geographie-Wettbewerbs DIERCKE WISSEN 2017.<\/p>\n<p>Nachdem er den Klassensieg erreichte, konnte er sich als Sieger von Talitha Kumi durchsetzen. Er wird nun Ende M\u00e4rz gegen die Schulsieger der anderen deutschen Auslandsschulen antreten und anschlie\u00dfend \u2013 sollte er gewinnen \u2013 am 9.Juni 2017 in Braunschweig am Landesfinale teilnehmen.<\/p>\n<p>Diercke WISSEN ist mit rund 310.000 Teilnehmern Deutschlands gr\u00f6\u00dfter Geographiswettbewerb.<\/p>\n<p>Wir dr\u00fccken ihm f\u00fcr die n\u00e4chste Runde die Daumen![\/vc_column_text][\/vc_column][vc_column width=&#8221;1\/3&#8243; css=&#8221;.vc_custom_1494655543302{padding-top: 25px !important;padding-right: 25px !important;padding-bottom: 25px !important;padding-left: 25px !important;background-color: #f9f9e0 !important;}&#8221;][vc_single_image image=&#8221;420&#8243; img_size=&#8221;full&#8221; add_caption=&#8221;yes&#8221; alignment=&#8221;center&#8221; onclick=&#8221;link_image&#8221;][\/vc_column][\/vc_row]<\/p>\n<\/div>","protected":false},"excerpt":{"rendered":"<p>[vc_row content_placement=&#8221;top&#8221; u_row_style=&#8221;0&#8243; u_row_paralax=&#8221;0&#8243; u_row_scheme=&#8221;0&#8243;][vc_column][vc_custom_heading text=&#8221;Wettbewerbe in DIA&#8221; font_container=&#8221;tag:h2|font_size:35|text_align:center|color:%237f0909&#8243; use_theme_fonts=&#8221;yes&#8221;][\/vc_column][\/vc_row][vc_row u_row_style=&#8221;0&#8243; u_row_paralax=&#8221;0&#8243; u_row_scheme=&#8221;0&#8243;][vc_column css=&#8221;.vc_custom_1494655537431{padding-top: 25px !important;padding-right: 25px !important;padding-bottom: 25px !important;padding-left: 25px !important;background-color: #f9f9e0 !important;}&#8221;][vc_custom_heading text=&#8221;TU9-Bericht&#8221; font_container=&#8221;tag:h2|text_align:left|color:%23ffffff&#8221; use_theme_fonts=&#8221;yes&#8221; css=&#8221;.vc_custom_1574100959336{padding-top: 5px !important;padding-right: 5px !important;padding-bottom: 5px !important;padding-left: 5px !important;background-color: #7f0909 !important;}&#8221;][vc_single_image image=&#8221;8776&#8243; img_size=&#8221;large&#8221; add_caption=&#8221;yes&#8221; alignment=&#8221;center&#8221; onclick=&#8221;link_image&#8221;][vc_column_text]Weil eine Teilnehmerin abgesagt hatte und jemand statt der Teilnehmerin gew\u00e4hlt werden musste, [&hellip;]<\/p>\n","protected":false},"author":2,"featured_media":0,"parent":0,"menu_order":0,"comment_status":"closed","ping_status":"closed","template":"page-templates\/demo-nav-3.php","meta":{"footnotes":""},"class_list":["post-285","page","type-page","status-publish","hentry"],"_links":{"self":[{"href":"https:\/\/talithakumi.ps\/school\/wp-json\/wp\/v2\/pages\/285","targetHints":{"allow":["GET"]}}],"collection":[{"href":"https:\/\/talithakumi.ps\/school\/wp-json\/wp\/v2\/pages"}],"about":[{"href":"https:\/\/talithakumi.ps\/school\/wp-json\/wp\/v2\/types\/page"}],"author":[{"embeddable":true,"href":"https:\/\/talithakumi.ps\/school\/wp-json\/wp\/v2\/users\/2"}],"replies":[{"embeddable":true,"href":"https:\/\/talithakumi.ps\/school\/wp-json\/wp\/v2\/comments?post=285"}],"version-history":[{"count":5,"href":"https:\/\/talithakumi.ps\/school\/wp-json\/wp\/v2\/pages\/285\/revisions"}],"predecessor-version":[{"id":8807,"href":"https:\/\/talithakumi.ps\/school\/wp-json\/wp\/v2\/pages\/285\/revisions\/8807"}],"wp:attachment":[{"href":"https:\/\/talithakumi.ps\/school\/wp-json\/wp\/v2\/media?parent=285"}],"curies":[{"name":"wp","href":"https:\/\/api.w.org\/{rel}","templated":true}]}}