{"id":291,"date":"2017-04-13T09:18:18","date_gmt":"2017-04-13T09:18:18","guid":{"rendered":"http:\/\/www.switch.ps\/talitha\/school\/?page_id=291"},"modified":"2017-05-18T03:48:34","modified_gmt":"2017-05-18T03:48:34","slug":"projekte-umweltschutz","status":"publish","type":"page","link":"https:\/\/talithakumi.ps\/school\/projekte-umweltschutz\/","title":{"rendered":"Projekte &#8211; Umweltschutz"},"content":{"rendered":"<div class=\"wpb-content-wrapper\"><p>[vc_row content_placement=&#8221;top&#8221; u_row_style=&#8221;0&#8243; u_row_paralax=&#8221;0&#8243; u_row_scheme=&#8221;0&#8243;][vc_column][vc_custom_heading text=&#8221;Umweltschutz&#8221; font_container=&#8221;tag:h2|font_size:35|text_align:center|color:%237f0909&#8243; use_theme_fonts=&#8221;yes&#8221;][\/vc_column][\/vc_row][vc_row u_row_style=&#8221;0&#8243; u_row_paralax=&#8221;0&#8243; u_row_scheme=&#8221;0&#8243;][vc_column css=&#8221;.vc_custom_1494655614280{padding-top: 25px !important;padding-right: 25px !important;padding-bottom: 25px !important;padding-left: 25px !important;background-color: #f9f9e0 !important;}&#8221;][vc_column_text]Eine unserer Errungenschaften in Talitha Kumi ist die Bildung eines Umweltausschusses, der nur aus Lehrkr\u00e4ften besteht, und eines Umweltclubs, dessen Aktivisten nur Sch\u00fcler sind.<\/p>\n<p>Verwaltung, Lehrer und Studenten arbeiten eng zusammen, um den Schulcampus, den Spielplatz, die Korridore und die Klassen sauber zu halten.<\/p>\n<p>Der Umweltausschuss ist f\u00fcr Umweltprojekte zust\u00e4ndig.<\/p>\n<p>Er plant derzeit, ein Kompostprojekt zu errichten, um den Abfall in der Schule und in der G\u00e4stehaus zu sammeln und ihn im eigenen Schulgarten zu recyceln.<\/p>\n<p>Weiterhin arbeitet der Umweltausschuss mit dem Umweltzentrum auf dem Schulgel\u00e4nde zusammen, um Talitha Kumi gr\u00fcner zu machen.<\/p>\n<p>Das Umweltzentrum organisiert regelm\u00e4\u00dfig Workshops f\u00fcr die Lehrer, um einen kleinen Park mit den Sch\u00fclern herzurichten, den sie dann in eigener Verantwortung planen und pflegen m\u00fcssen.<\/p>\n<p>Dar\u00fcber hinaus werden regelm\u00e4\u00dfige Umweltaktivit\u00e4ten f\u00fcr Sch\u00fcler organisiert, um in ihrem \u00a0Bewusstsein die Naturpflege und die Bedeutung der Sauberkeit in unserem Alltag zu entwickeln.<\/p>\n<p>Die Schule nimmt mit dem Umwelterziehungszentrum am \u201enationalen Identit\u00e4tsprojekt\u201c teil. Sie w\u00e4hlt jedes Jahr eine Klasse und unternimmt viele Aktivit\u00e4ten, wie z.B.:<\/p>\n<p>Ausfl\u00fcge<\/p>\n<p>Fortbildungen \/ Seminare<\/p>\n<p>Freiwillige Arbeit in der Region<\/p>\n<p>Am 31.3.2017 haben wir in der Schule mit den Sch\u00fclern der Klassen \u00a06-11 einen Zeichnungswettbewerb durchgef\u00fchrt.<\/p>\n<p>In jedem Semester organisiert der Umweltausschu\u00df Besuche zum Umweltzentrum f\u00fcr die Klassen (1-6) auf der Basis von 2 Unterrichtsstunden f\u00fcr jede Klasse. Hauptthema dieser Besuche ist die Umweltprobleme der V\u00f6gel.<\/p>\n<p><strong>Der amtierende Vorstand des Umweltclubs besteht aus:<\/strong><\/p>\n<p>Sam Qasis (Klasse 11, naturwissenschaft. Zweig): \u00a0Vorsitzender<\/p>\n<p>Nour Abu Amsha (9d): stellvertretende Vorsitzender<\/p>\n<p>George Arja (8b):\u00a0 Schatzmeister<\/p>\n<p>Sekret\u00e4r: Atta Zboun (9b)<\/p>\n<p>Sachwalter: Maher Takrory (10A)<\/p>\n<p><strong>Der Lehrerausschuss:<\/strong><\/p>\n<p>Dad Kokaly<\/p>\n<p>Mervet Bishara<\/p>\n<p>Ghazi Nour<\/p>\n<p>Nour Nour<\/p>\n<p>Elean Qumsieh<\/p>\n<p>Munir Kokaly[\/vc_column_text][\/vc_column][\/vc_row]<\/p>\n<\/div>","protected":false},"excerpt":{"rendered":"<p>[vc_row content_placement=&#8221;top&#8221; u_row_style=&#8221;0&#8243; u_row_paralax=&#8221;0&#8243; u_row_scheme=&#8221;0&#8243;][vc_column][vc_custom_heading text=&#8221;Umweltschutz&#8221; font_container=&#8221;tag:h2|font_size:35|text_align:center|color:%237f0909&#8243; use_theme_fonts=&#8221;yes&#8221;][\/vc_column][\/vc_row][vc_row u_row_style=&#8221;0&#8243; u_row_paralax=&#8221;0&#8243; u_row_scheme=&#8221;0&#8243;][vc_column css=&#8221;.vc_custom_1494655614280{padding-top: 25px !important;padding-right: 25px !important;padding-bottom: 25px !important;padding-left: 25px !important;background-color: #f9f9e0 !important;}&#8221;][vc_column_text]Eine unserer Errungenschaften in Talitha Kumi ist die Bildung eines Umweltausschusses, der nur aus Lehrkr\u00e4ften besteht, und eines Umweltclubs, dessen Aktivisten nur Sch\u00fcler sind. Verwaltung, Lehrer und Studenten arbeiten eng zusammen, um den Schulcampus, [&hellip;]<\/p>\n","protected":false},"author":2,"featured_media":0,"parent":0,"menu_order":0,"comment_status":"closed","ping_status":"closed","template":"page-templates\/demo-nav-3.php","meta":{"footnotes":""},"class_list":["post-291","page","type-page","status-publish","hentry"],"_links":{"self":[{"href":"https:\/\/talithakumi.ps\/school\/wp-json\/wp\/v2\/pages\/291","targetHints":{"allow":["GET"]}}],"collection":[{"href":"https:\/\/talithakumi.ps\/school\/wp-json\/wp\/v2\/pages"}],"about":[{"href":"https:\/\/talithakumi.ps\/school\/wp-json\/wp\/v2\/types\/page"}],"author":[{"embeddable":true,"href":"https:\/\/talithakumi.ps\/school\/wp-json\/wp\/v2\/users\/2"}],"replies":[{"embeddable":true,"href":"https:\/\/talithakumi.ps\/school\/wp-json\/wp\/v2\/comments?post=291"}],"version-history":[{"count":4,"href":"https:\/\/talithakumi.ps\/school\/wp-json\/wp\/v2\/pages\/291\/revisions"}],"predecessor-version":[{"id":1794,"href":"https:\/\/talithakumi.ps\/school\/wp-json\/wp\/v2\/pages\/291\/revisions\/1794"}],"wp:attachment":[{"href":"https:\/\/talithakumi.ps\/school\/wp-json\/wp\/v2\/media?parent=291"}],"curies":[{"name":"wp","href":"https:\/\/api.w.org\/{rel}","templated":true}]}}