{"id":323,"date":"2017-04-13T09:27:41","date_gmt":"2017-04-13T09:27:41","guid":{"rendered":"http:\/\/www.switch.ps\/talitha\/school\/?page_id=323"},"modified":"2020-07-16T16:11:47","modified_gmt":"2020-07-16T16:11:47","slug":"bibliothek","status":"publish","type":"page","link":"https:\/\/talithakumi.ps\/school\/bibliothek\/","title":{"rendered":"Bibliothek"},"content":{"rendered":"<div class=\"wpb-content-wrapper\"><p>[vc_row content_placement=&#8221;top&#8221; u_row_style=&#8221;0&#8243; u_row_paralax=&#8221;0&#8243; u_row_scheme=&#8221;0&#8243;][vc_column][vc_custom_heading text=&#8221;Arabische Bibliothek-Information&#8221; font_container=&#8221;tag:h2|font_size:40|text_align:center&#8221; use_theme_fonts=&#8221;yes&#8221;][\/vc_column][\/vc_row][vc_row u_row_style=&#8221;0&#8243; u_row_paralax=&#8221;0&#8243; u_row_scheme=&#8221;0&#8243;][vc_column width=&#8221;2\/3&#8243; css=&#8221;.vc_custom_1594915526179{padding-top: 25px !important;padding-right: 25px !important;padding-bottom: 25px !important;padding-left: 25px !important;}&#8221;][vc_custom_heading text=&#8221;Die Arabische Bibliothek&#8221; font_container=&#8221;tag:h2|font_size:34|text_align:left&#8221; use_theme_fonts=&#8221;yes&#8221; css=&#8221;.vc_custom_1594915452112{padding-top: 5px !important;padding-right: 5px !important;padding-bottom: 5px !important;padding-left: 5px !important;}&#8221;][vc_column_text]Die arabische Bibliothek ist eine Kinder- und Jugendbibliothek.<\/p>\n<p>Der Schwerpunkt der arabischen Bibliothek liegt auf arabisch- und englischsprachigen Medien f\u00fcr alle Altersgruppen und Lernstufen.<\/p>\n<p>Alle Sch\u00fcler der Klassenstufen 1 bis 12 k\u00f6nnen die arabische Bibliothek nutzen.<\/p>\n<p>Gerne wird das Medienangebot von den \u00e4lteren Sch\u00fclern genutzt, um sich f\u00fcr die Hausaufgaben und die Pr\u00e4sentation vorzubereiten.<\/p>\n<p><strong>&#8220;Nur wer seine Muttersprache beherrscht, kann leicht Deutsch lernen&#8221;<\/strong><\/p>\n<p>Regelm\u00e4ssig besuchen die Grundschulklassen in ihrer Arabischstunde die Bibliothek und lesen Geschichten in ihrer Muttersprache, die sie eigenst\u00e4ndig ausw\u00e4hlen. Am Ende der Stunde darf jeder Sch\u00fcler ein Buch ausleihen, dass er beim n\u00e4chsten Besuch wieder mitbringen muss.<\/p>\n<p>Ebenfalls besuchen einige Grundschulklassen in ihrer Englischstunde die Bibliothek und d\u00fcrfen am Ende der Stunde ein Medium in englischer Sprache ausleihen.<\/p>\n<p>Die Sch\u00fcler, die nicht mit ihrer Klasse in die Bibliothek gehen, k\u00f6nnen w\u00e4hrend der Pausen ausleihen.<\/p>\n<p>Sie d\u00fcrfen ein Medium zur Zeit ausleihen und k\u00f6nnen es bis zu zwei Wochen behalten.<\/p>\n<p>Der Bestand befindet sich im Aufbau und umfasst ca. 2000 Medien.<\/p>\n<p>Das Sortimentsangebot enth\u00e4lt:<\/p>\n<ul>\n<li>Bilderb\u00fccher<\/li>\n<li>M\u00e4rchen und Sagen<\/li>\n<li>Lernleseb\u00fccher<\/li>\n<li>Erz\u00e4hlungen \u2013 Gedichte \u2013 Reime<\/li>\n<li>Unterhaltungsliteratur<\/li>\n<li>Dramen \u2013 Gesammelte Werke \u2013 Gedichte<\/li>\n<li>Sachb\u00fccher zu den unterschiedlichsten Themengebieten<\/li>\n<li>Nachschlagewerke, W\u00f6rterb\u00fccher und Lexika<\/li>\n<\/ul>\n<p>Weiteres Sortimentsangebot:<\/p>\n<ul>\n<li>Comics<\/li>\n<\/ul>\n<p>Die arabische Bibliothek erh\u00e4lt keine finanzielle Unterst\u00fctzung. Sie ist auf Geld- und Sachspenden angewiesen. Wenn m\u00f6glich wird der Bestand unter Ber\u00fccksichtigung der Leserw\u00fcnsche erweitert und aktualisiert.<\/p>\n<p>Gerne nehmen wir nach Absprache Spenden entgegen.<\/p>\n<p>Die Medien (B\u00fccher , H\u00f6rb\u00fccher und DVDs) sollten in einem guten Zustand sowie zeitgem\u00e4\u00df und aktuell sein.[\/vc_column_text][\/vc_column][vc_column width=&#8221;1\/3&#8243;][vc_empty_space][vc_custom_heading text=&#8221;\u00d6ffnungszeiten&#8221; font_container=&#8221;tag:h2|font_size:32|text_align:left&#8221; use_theme_fonts=&#8221;yes&#8221; css=&#8221;.vc_custom_1594915471436{padding-top: 10px !important;padding-right: 10px !important;padding-bottom: 10px !important;padding-left: 10px !important;}&#8221;][vc_column_text]<\/p>\n<table>\n<tbody>\n<tr>\n<td width=\"306\">&nbsp;<u>Montag<\/u><\/td>\n<td width=\"344\"><u>8:00 \u2013 14.30<\/u><\/td>\n<\/tr>\n<tr>\n<td width=\"306\">&nbsp;<u>Dienstag<\/u><\/td>\n<td width=\"344\"><u>8:00 \u2013 14.30<\/u><\/td>\n<\/tr>\n<tr>\n<td width=\"306\">&nbsp;<u>Mittwoch<\/u><\/td>\n<td width=\"344\"><u>8:00 \u2013 14.30<\/u><\/td>\n<\/tr>\n<tr>\n<td width=\"306\">&nbsp;<u>Donnerstag<\/u><\/td>\n<td width=\"344\"><u>8:00 \u2013 14.30<\/u><\/td>\n<\/tr>\n<tr>\n<td width=\"306\">&nbsp;<u>Samstag<\/u><\/td>\n<td width=\"344\"><u>8:00 \u2013 14.30<\/u><\/td>\n<\/tr>\n<\/tbody>\n<\/table>\n<p><strong>Freitag und Sonntag geschlossen<\/strong>[\/vc_column_text][\/vc_column][\/vc_row][vc_row][vc_column][vc_custom_heading text=&#8221;Weitere Informationen&#8221; font_container=&#8221;tag:h2|font_size:34|text_align:left&#8221; use_theme_fonts=&#8221;yes&#8221; css=&#8221;.vc_custom_1594915786413{padding-top: 10px !important;padding-right: 10px !important;padding-bottom: 10px !important;padding-left: 10px !important;}&#8221;][vc_tta_accordion shape=&#8221;square&#8221; color=&#8221;sandy-brown&#8221; spacing=&#8221;2&#8243; gap=&#8221;10&#8243; c_icon=&#8221;chevron&#8221; active_section=&#8221;0&#8243; collapsible_all=&#8221;true&#8221;][vc_tta_section title=&#8221;Benutzerordnung&#8221; tab_id=&#8221;1494041704557-25b94a40-8d52&#8243;][vc_btn title=&#8221;Benutzerordnung&#8221; shape=&#8221;square&#8221; color=&#8221;orange&#8221; i_icon_fontawesome=&#8221;fa fa-download&#8221; add_icon=&#8221;true&#8221; link=&#8221;url:http%3A%2F%2Ftalithakumi.ps%2Fschool%2Fwp-content%2Fuploads%2Fsites%2F2%2F2017%2F05%2FBenutzerordnung.pdf||target:%20_blank|rel:nofollow&#8221;][vc_column_text]<\/p>\n<ol>\n<li><strong><em>Allgemeines<\/em><\/strong><\/li>\n<\/ol>\n<p>Zur Benutzung der Schulbibliothek sind alle Sch\u00fcler, Lehrer und Angestellten der Schule zugelassen. Ausnahmen von dieser Regelung bed\u00fcrfen der Genehmigung des Schulleiters und des Bibliothekspersonals.<\/p>\n<p>Eine Zulassung zur Entleihung ben\u00f6tigt, wer Medien au\u00dferhalb der Schulbibliothek benutzen m\u00f6chte. Die Zulassung ist bei Sch\u00fclern unter Vorlage der Einverst\u00e4ndniserkl\u00e4rung vorzunehmen. Bei Lehrern und Angestellten ist die Zugeh\u00f6rigkeit zur Schule ausreichend.<\/p>\n<p>Mit Betreten der Schulbibliothek erkennt jeder Benutzer die Benutzerordnung an.<\/p>\n<p>Die \u00d6ffnungszeiten werden durch Aushang bekannt gegeben.<\/p>\n<p>Das Bibliothekspersonal steht w\u00e4hrend der \u00d6ffnungszeiten als Ansprechpartner zur Verf\u00fcgung.<\/p>\n<p>Die Schulbibliothek erteilt im Rahmen ihrer M\u00f6glichkeiten, auf Grundlage von Katalogen oder elektronischen Recherchem\u00f6glichkeiten, Auskunft.<\/p>\n<p>Au\u00dferhalb der \u00d6ffnungszeiten bleibt die Schulbibliothek geschlossen und darf nicht benutzt werden.<\/p>\n<ol start=\"2\">\n<li><strong><em>Anmeldung, Leseausweis<\/em><\/strong><\/li>\n<\/ol>\n<p>Der Antragsteller erh\u00e4lt nach Abgabe der Einverst\u00e4ndniserkl\u00e4rung und der Leseausweisgeb\u00fchr einen Leseausweis, der f\u00fcr die Ausleihe ben\u00f6tigt wird und nicht \u00fcbertragbar ist.<\/p>\n<p>Der Inhaber des Leseausweises, bzw. dessen Erziehungsberechtigte haftet f\u00fcr jeden Schaden, der durch Missbrauch entsteht.<\/p>\n<p>Nur durch Vorlage des Leseausweises kann ein Medium ausgeliehen werden.<\/p>\n<p>Der Leseausweis ist sorgf\u00e4ltig zu verwahren.<\/p>\n<p>Der Verlust des Leseausweises ist der Schulbibliothek sofort mitzuteilen.<\/p>\n<ol start=\"3\">\n<li><strong><em>Ausleihe und Benutzung<\/em><\/strong><\/li>\n<\/ol>\n<p>Die Benutzer haben sich bei der \u00dcbergabe vom Zustand der Medien zu \u00fcberzeugen und auf etwaige M\u00e4gel sofort hinzuweisen.<\/p>\n<p>Es ist untersagt, Besch\u00e4digungen selbst zu beheben oder beheben zu lassen. Der Verlust von Medien ist sofort anzuzeigen.<\/p>\n<p><strong>Leihfristen<\/strong><strong>:<\/strong><\/p>\n<p>B\u00fccher: 2 Wochen<\/p>\n<p>AV-Medien (CDs, CD-ROMs, DVDs): 1 Woche<\/p>\n<p>Medien aus dem Pr\u00e4senzbestand (Nachschlagewerke, etc.) k\u00f6nnen nicht au\u00dfer Haus entliehen werden, es sei denn, die Bibliothek stimmt einer Kurzausleihe (1-2 Tage) zu.<\/p>\n<p>Medien k\u00f6nnen nicht \u00fcber die Sommerferien entliehen werden und m\u00fcssen vor Ende des Schuljahres abgegeben werden.<\/p>\n<p>Die Bibliothek ist berechtigt,entliehene Medien jederzeit zur\u00fcck zu fordern.<\/p>\n<p><strong>Verl\u00e4ngerung<\/strong><strong>:<\/strong><\/p>\n<p>Die Leihfrist kann <strong>vor<\/strong> Ablauf h\u00f6chstens einmal verl\u00e4ngert werden, wenn keine Vormerkung von einem anderen Nutzer vorliegt.<\/p>\n<p>Daf\u00fcr muss das Medium <strong>und<\/strong> der Leseausweis der Schulbibliothek vorliegen, damit es in der EDV neu verbucht werden kann.<\/p>\n<p>Nach der Verl\u00e4ngerung muss das Medium zur\u00fcckgegeben werden.<\/p>\n<p>Der Benutzer kann ein Medium vormerken lassen, dass nach der R\u00fcckgabe zur Abholung zur\u00fcckgelegt wird.<\/p>\n<p><strong>R\u00fcckgabepflicht:<\/strong><\/p>\n<p>Das entliehene Medium ist sp\u00e4testens am Tag der Leihfrist unaufgefordert zur\u00fcckzugeben.<\/p>\n<p>Jeder Benutzer hat daf\u00fcr zu sorgen, dass auch im Falle seiner Verhinderung Entliehenes fristgerecht zur\u00fcckgegeben wird.<\/p>\n<p>Kommt ein Benutzer der R\u00fcckgabepflicht nicht nach, so kann die Schulbibliothek bzw. die Schule mahnen. Gemahnt wird:<\/p>\n<ol>\n<li>Mahnung \u00fcber den Klassenlehrer<\/li>\n<\/ol>\n<ol start=\"2\">\n<li>Mahnung schriftlich an die Erziehungsberechtigten<\/li>\n<\/ol>\n<p>Zus\u00e4tzlich entstehen bei \u00dcberschreitung der Leihfrist Geb\u00fchren.<\/p>\n<p>Ist der Benutzer mit der R\u00fcckgabe entliehener Medien in Verzug oder hat er geschuldete Kosten nicht entrichtet, werden an ihn keine weiteren Medien entliehen.<\/p>\n<p>Die Benutzer der Schulbibliothek, welche die Schule verlassen, sind verpflichtet, entliehene Medien und den Leseausweis unverz\u00fcglich zur\u00fcckzugeben.<\/p>\n<ol start=\"4\">\n<li><strong><em>Behandlung der Medien, Besch\u00e4digung und Verlust, Haftung<\/em><\/strong><\/li>\n<\/ol>\n<p>Der Benutzer ist verpflichtet, alle Medien sorgf\u00e4ltig zu behandeln und sie vor Verlust und Besch\u00e4digung zu bewahren. Auch Unterstreichungen, Randvermerke und Seiten umknicken oder herausrei\u00dfen gelten als Besch\u00e4digung.<\/p>\n<p>Festgestellte Sch\u00e4den und der Verlust entliehener Medien sind sofort zu melden.<\/p>\n<p>Die Weitergabe entliehener Medien an Dritte ist nicht gestattet.<\/p>\n<p>F\u00fcr Sch\u00e4den, die durch den Missbrauch des Leseausweises entstehen, haftet der eingetragene Benutzer.<\/p>\n<p>Bei Besch\u00e4digung, Verlust oder bei Nichtr\u00fcckgabe nach der zweiten Mahnung kann die Bibliothek vom Benutzer \u2013 unabh\u00e4ngig von dessen Verschulden \u2013 nach ihrer Wahl die Kosten f\u00fcr die Neuanschaffung oder die Hergabe anderer gleichwertiger Medien verlangen.<\/p>\n<p>Die Bibliothek haftet nicht f\u00fcr Sch\u00e4den, die durch entliehene Medien und<\/p>\n<p>Programme entstehen.<\/p>\n<ol start=\"5\">\n<li><strong><em>Aufenthalt in der Bibliothek<\/em><\/strong><\/li>\n<\/ol>\n<p>Jeder Benutzer hat sich in den R\u00e4umlichkeiten der Bibliothek so zu verhalten, dass kein anderer Benutzer gest\u00f6rt wird.<\/p>\n<p>Zur Gew\u00e4hrleistung guter Arbeitsbedingungen m\u00fcssen sich die Benutzer in der Schulbibliothek sehr ruhig verhalten. Das Bibliothekspersonal bestimmt die Lautst\u00e4rke. Sollte nach einer Mahnung keine Ruhe einkehren, darf der Benutzer der Bibliothek verwiesen werden.<\/p>\n<p>In der Bibliothek benutzte Medien sollten sorgf\u00e4ltig wieder eingeordnet oder dem Bibliothekspersonal \u00fcbergeben werden.<\/p>\n<p>Medien, die nicht ordnungsgem\u00e4\u00df durch Verbuchung in der EDV ausgeliehen wurden, d\u00fcrfen nicht aus der Bibliothek mitgenommen werden. Dies gilt auch, wenn ein Medium nur kurz f\u00fcr den Unterricht (z.B. ein Sachbuch) ben\u00f6tigt wird.<\/p>\n<p>Taschen, M\u00e4nteln und Jacken, sowie andere mitgebrachte Sachen sind w\u00e4hrend des Bibliotheksbesuchs in den daf\u00fcr vorgesehenen Schliessf\u00e4chern einzuschliessen.<\/p>\n<p>Es ist nicht gestattet, Essen und Getr\u00e4nke mitzubringen.<\/p>\n<p>Den Anordnungen des Bibliothekspersonals ist Folge zu leisten.<\/p>\n<p>Sollte durch Missachtung der Anordnung in der Schulbibliothek Sch\u00e4den oder Nachteile entstehen, haftet der Erziehungsberechtigte des Verursachers.<\/p>\n<ol start=\"6\">\n<li><strong><em>6<\/em><\/strong><strong><em>. Anderweitige Nutzung der Bibliotheksr\u00e4ume (Sondernutzung)<\/em><\/strong><\/li>\n<\/ol>\n<p>Nach Anmeldung und Eintrag in das Belegbuch beim Bibliothekspersonal kann die Schulbibliothek zeitlich begrenzt w\u00e4hrend der regul\u00e4ren \u00d6ffnungszeiten als Arbeits- und Vorf\u00fchrraum f\u00fcr Sch\u00fcler und Lehrer dienen.<\/p>\n<p>Die Benutzung der Schulbibliothek durch ganze Klassen oder gr\u00f6\u00dfere Arbeitsgruppen w\u00e4hrend der Unterrichtszeiten ist zuvor mit dem Bibliothekspersonal abzusprechen.<\/p>\n<p>Mit ausreichender Vorlaufzeit ist es ebenfalls m\u00f6glich, themenspezifische Recherche\u00fcbungen zu entwickeln und eine entsprechende Medienauswahl zum jeweiligen Thema zusammenzustellen.<\/p>\n<ol start=\"7\">\n<li><strong><em>Benutzung der Computerarbeitspl\u00e4tze<\/em><\/strong><\/li>\n<\/ol>\n<p>Vor Nutzung der Computer muss dem Bibliothekspersonal der Leseausweis vorgelegt werden. Anschlie\u00dfend tr\u00e4gt der Benutzer sich in das PC-Benutzer-Buch ein und nach der Nutzung wieder aus.<\/p>\n<p>Die Computer werden ausschlie\u00dflich zur Nutzung f\u00fcr pers\u00f6nliches und schulisches Lernen bereitgestellt.<\/p>\n<p>Das Spielen, Chatten und das Nutzen sozialer Netzwerke am Computer ist ausdr\u00fccklich untersagt.<\/p>\n<p>F\u00fcr die Benutzung der Computer kann von dem Bibliothekspersonal eine maximale Benutzunsgszeit festgelegt werden.<\/p>\n<p>Benutzer d\u00fcrfen nicht f\u00fcr andere Benutzer Pl\u00e4tze reservieren.<\/p>\n<p>Jeder Benutzer ist f\u00fcr alle Aktivit\u00e4ten w\u00e4hrend der Arbeit am Computer verantwortlich und tr\u00e4gt gegebenenfalls alle rechtlichen Konsequenzen, die in Folge der Benutzung entstehen.<\/p>\n<p>Ver\u00e4nderungen der Installation und Eingriffe in die Konfiguration der Arbeitspl\u00e4tze und des Netzwerkes sowie Manipulationen an der Hardwareausstattung sind grunds\u00e4tzlich untersagt.<\/p>\n<p>St\u00f6rf\u00e4lle oder Sch\u00e4den an den Ger\u00e4ten m\u00fcssen dem Bibliothekspersonal umgehend gemeldet werden. Es ist nicht gestattet technische St\u00f6rungen selbstst\u00e4ndig zu beheben.<\/p>\n<p>Die Benutzung der Druckerfunktion ist nur im Auftrag einer Lehrkraft bzw. bei deren Anwesenheit m\u00f6glich. Jeder Ausdruck ist kostenpflichtig.<\/p>\n<p>Benutzer, die die Computer mit ungen\u00fcgender Vorsicht behandeln oder gar mutwillig besch\u00e4digen, die den Versuch unternehmen, Viren zu verbreiten oder andere destructive Methoden anwenden, werden unverz\u00fcglich von jeder weiteren Nutzung der Computer ausgeschlossen.<\/p>\n<ol start=\"8\">\n<li><strong><em>Geb\u00fchren, Schadensersatz<\/em><\/strong><\/li>\n<\/ol>\n<p>Die Benutzung der Bibliothek sowie der Computerarbeitspl\u00e4tze ist kostenlos.<\/p>\n<p>Ausstellung eines Leseausweises bei Neuanmeldung &nbsp;&nbsp;&nbsp;&nbsp;&nbsp;&nbsp;&nbsp;&nbsp;&nbsp;&nbsp;&nbsp;&nbsp;&nbsp;&nbsp;&nbsp;&nbsp;&nbsp;&nbsp;&nbsp;&nbsp;&nbsp;&nbsp; &nbsp;&nbsp;&nbsp;&nbsp;&nbsp;17 NIS<\/p>\n<p>Ausstellung eines Leseausweises wegen Verlust oder Besch\u00e4digung&nbsp;&nbsp;&nbsp;&nbsp;&nbsp;&nbsp;&nbsp;&nbsp;&nbsp;&nbsp;&nbsp;&nbsp; 20 NIS<\/p>\n<p>Kauf einer Schutzh\u00fclle f\u00fcr den Leseausweis&nbsp;&nbsp;&nbsp;&nbsp;&nbsp;&nbsp;&nbsp;&nbsp;&nbsp;&nbsp;&nbsp;&nbsp;&nbsp;&nbsp;&nbsp;&nbsp;&nbsp;&nbsp;&nbsp;&nbsp;&nbsp;&nbsp;&nbsp;&nbsp;&nbsp;&nbsp;&nbsp;&nbsp;&nbsp;&nbsp;&nbsp;&nbsp;&nbsp;&nbsp;&nbsp;&nbsp;&nbsp;&nbsp;&nbsp;&nbsp;&nbsp;&nbsp;&nbsp;&nbsp;&nbsp;&nbsp;&nbsp; &nbsp;&nbsp;&nbsp; 2,50 NIS<\/p>\n<p><strong>Vers\u00e4umnisgeb\u00fchr f\u00fcr das \u00dcberschreiten der Leihfrist pro Tag<\/strong><\/p>\n<p>Buch:&nbsp; &nbsp;&nbsp;&nbsp;&nbsp;&nbsp;&nbsp;&nbsp;&nbsp;&nbsp;&nbsp;&nbsp;&nbsp;&nbsp;&nbsp;&nbsp;&nbsp;&nbsp;&nbsp;&nbsp;&nbsp;&nbsp;&nbsp;&nbsp;&nbsp;&nbsp;&nbsp;&nbsp;&nbsp;&nbsp;&nbsp;&nbsp;&nbsp;&nbsp;&nbsp;&nbsp;&nbsp;&nbsp;&nbsp;&nbsp;&nbsp;&nbsp;&nbsp;&nbsp;&nbsp;&nbsp;&nbsp;&nbsp;&nbsp;&nbsp;&nbsp;&nbsp;&nbsp;&nbsp;&nbsp;&nbsp;&nbsp;&nbsp;&nbsp;&nbsp;&nbsp;&nbsp;&nbsp;&nbsp;&nbsp;&nbsp;&nbsp;&nbsp;&nbsp;&nbsp;&nbsp;&nbsp;&nbsp;&nbsp;&nbsp;&nbsp;&nbsp;&nbsp;&nbsp;&nbsp;&nbsp;&nbsp;&nbsp;&nbsp;&nbsp;&nbsp;&nbsp;&nbsp;&nbsp;&nbsp;&nbsp;&nbsp;&nbsp;&nbsp;&nbsp; &nbsp;&nbsp;&nbsp;&nbsp;&nbsp;&nbsp;&nbsp;&nbsp;&nbsp;1 NIS<\/p>\n<p>AV-Medium: &nbsp;&nbsp;&nbsp;&nbsp;&nbsp;&nbsp;&nbsp;&nbsp;&nbsp;&nbsp;&nbsp;&nbsp;&nbsp;&nbsp;&nbsp;&nbsp;&nbsp;&nbsp;&nbsp;&nbsp;&nbsp;&nbsp;&nbsp;&nbsp;&nbsp;&nbsp;&nbsp;&nbsp;&nbsp;&nbsp;&nbsp;&nbsp;&nbsp;&nbsp;&nbsp;&nbsp;&nbsp;&nbsp;&nbsp;&nbsp;&nbsp;&nbsp;&nbsp;&nbsp;&nbsp;&nbsp;&nbsp;&nbsp;&nbsp;&nbsp;&nbsp;&nbsp;&nbsp;&nbsp;&nbsp;&nbsp;&nbsp;&nbsp;&nbsp;&nbsp;&nbsp;&nbsp;&nbsp;&nbsp;&nbsp;&nbsp;&nbsp;&nbsp;&nbsp;&nbsp;&nbsp;&nbsp;&nbsp;&nbsp;&nbsp;&nbsp;&nbsp;&nbsp;&nbsp;&nbsp;&nbsp;&nbsp;&nbsp;&nbsp;&nbsp; &nbsp;&nbsp;&nbsp;&nbsp;&nbsp;&nbsp;&nbsp;&nbsp;&nbsp;2 NIS<\/p>\n<p>Besch\u00e4digte oder verloren gegangene B\u00fccher m\u00fcssen von dem Benutzer ersetzt werden.<\/p>\n<p>Kostenersatz bei Besch\u00e4digung oder Verlust<\/p>\n<ul>\n<li>Neubeschaffungswert bei neuwertigen Medien<\/li>\n<li>Geringf\u00fcgige Beschmutzungen oder Besch\u00e4digungen an B\u00fcchern (Reparatur m\u00f6glich) &nbsp; &nbsp;5 NIS<\/li>\n<li>Starke Beschmutzungen oder Besch\u00e4digungen &nbsp;&nbsp;&nbsp;&nbsp;&nbsp;&nbsp;&nbsp; 10NIS<\/li>\n<li>CD- oder DVD-H\u00fcllen &nbsp;&nbsp;&nbsp;&nbsp;&nbsp;&nbsp;&nbsp;&nbsp;2 NIS<\/li>\n<li>Einarbeitung des Ersatzexemplars eines besch\u00e4digten oder in Verlust geratenen Mediums &nbsp; &nbsp; &nbsp; &nbsp; 10 NIS<\/li>\n<\/ul>\n<p>Werden Medien nicht fristgem\u00e4\u00df zur\u00fcckgegeben fallen Mahngeb\u00fchren an!<\/p>\n<p>Die erste Mahnung ist kostenfrei.<\/p>\n<p>Die zweite Mahnung folgt nach einer Woche. Pro Woche &nbsp; &nbsp; &nbsp; &nbsp; &nbsp;5 NIS<\/p>\n<p>Nach erfolgloser Mahnung und 2 Wochen nach Ablauf der zweiten Mahnfrist werden die Kosten einer Ersatzbeschaffung in Rechnung gestellt.<\/p>\n<p>Der Mahnbescheid geht an die Erziehungsberechtigten.<\/p>\n<p>Gehen der Betrag oder die angemahnten Medien innerhalb von zehn Tagen nicht ein, kann der Ausschluss von der Benutzung der Schulbibliothek bis zur Zahlung erfolgen.<\/p>\n<p>Das Ausdrucken und Kopieren in der Schulbibliothek ist kostenpflichtig!<\/p>\n<p><em>Schwarz\/Weiss &nbsp; &nbsp; &nbsp;0,50 NIS<\/em><\/p>\n<p><em>Farbe &nbsp; &nbsp; &nbsp; &nbsp; &nbsp; &nbsp; &nbsp; &nbsp; &nbsp; &nbsp; &nbsp; &nbsp; 1&nbsp;&nbsp;&nbsp;&nbsp;&nbsp; NIS<\/em><\/p>\n<ol start=\"9\">\n<li><strong><em>Ausschluss von der Benutzung<\/em><\/strong><\/li>\n<\/ol>\n<p>Benutzer, die gegen die Benutzerordnung oder Anordnungen des Bibliothekspersonals versto\u00dfen, k\u00f6nnen von der Bibliothek f\u00fcr begrenzte Zeit oder auf Dauer von der Benutzung der Ausleihe und\/oder dem Aufenthalt in der Bibliothek ausgeschlossen werden.[\/vc_column_text][\/vc_tta_section][vc_tta_section title=&#8221;Das Team in der Arabischen Bibliothek&#8221; tab_id=&#8221;1494041704608-8f5733a3-437a&#8221;][vc_column_text]Ihre Ansprechpartnerin in der Arabischen Bibliothek ist&nbsp;Bibliothekarin&nbsp;Frau Hilda Ballout.<\/p>\n<p>Die Arbeit der Bibliothekarin wird von Sch\u00fcler\/ -innen unterst\u00fctzt, die Spa\u00df am Umgang mit B\u00fcchern haben und sich gut in der Bibliothek auskennen.[\/vc_column_text][\/vc_tta_section][\/vc_tta_accordion][\/vc_column][\/vc_row]<\/p>\n<\/div>","protected":false},"excerpt":{"rendered":"<p>[vc_row content_placement=&#8221;top&#8221; u_row_style=&#8221;0&#8243; u_row_paralax=&#8221;0&#8243; u_row_scheme=&#8221;0&#8243;][vc_column][vc_custom_heading text=&#8221;Arabische Bibliothek-Information&#8221; font_container=&#8221;tag:h2|font_size:40|text_align:center&#8221; use_theme_fonts=&#8221;yes&#8221;][\/vc_column][\/vc_row][vc_row u_row_style=&#8221;0&#8243; u_row_paralax=&#8221;0&#8243; u_row_scheme=&#8221;0&#8243;][vc_column width=&#8221;2\/3&#8243; css=&#8221;.vc_custom_1594915526179{padding-top: 25px !important;padding-right: 25px !important;padding-bottom: 25px !important;padding-left: 25px !important;}&#8221;][vc_custom_heading text=&#8221;Die Arabische Bibliothek&#8221; font_container=&#8221;tag:h2|font_size:34|text_align:left&#8221; use_theme_fonts=&#8221;yes&#8221; css=&#8221;.vc_custom_1594915452112{padding-top: 5px !important;padding-right: 5px !important;padding-bottom: 5px !important;padding-left: 5px !important;}&#8221;][vc_column_text]Die arabische Bibliothek ist eine Kinder- und Jugendbibliothek. Der Schwerpunkt der arabischen Bibliothek liegt auf arabisch- und englischsprachigen Medien f\u00fcr [&hellip;]<\/p>\n","protected":false},"author":2,"featured_media":0,"parent":0,"menu_order":0,"comment_status":"closed","ping_status":"closed","template":"page-templates\/demo-nav-3.php","meta":{"footnotes":""},"class_list":["post-323","page","type-page","status-publish","hentry"],"_links":{"self":[{"href":"https:\/\/talithakumi.ps\/school\/wp-json\/wp\/v2\/pages\/323","targetHints":{"allow":["GET"]}}],"collection":[{"href":"https:\/\/talithakumi.ps\/school\/wp-json\/wp\/v2\/pages"}],"about":[{"href":"https:\/\/talithakumi.ps\/school\/wp-json\/wp\/v2\/types\/page"}],"author":[{"embeddable":true,"href":"https:\/\/talithakumi.ps\/school\/wp-json\/wp\/v2\/users\/2"}],"replies":[{"embeddable":true,"href":"https:\/\/talithakumi.ps\/school\/wp-json\/wp\/v2\/comments?post=323"}],"version-history":[{"count":6,"href":"https:\/\/talithakumi.ps\/school\/wp-json\/wp\/v2\/pages\/323\/revisions"}],"predecessor-version":[{"id":9942,"href":"https:\/\/talithakumi.ps\/school\/wp-json\/wp\/v2\/pages\/323\/revisions\/9942"}],"wp:attachment":[{"href":"https:\/\/talithakumi.ps\/school\/wp-json\/wp\/v2\/media?parent=323"}],"curies":[{"name":"wp","href":"https:\/\/api.w.org\/{rel}","templated":true}]}}