{"id":339,"date":"2017-04-13T09:34:40","date_gmt":"2017-04-13T09:34:40","guid":{"rendered":"http:\/\/www.switch.ps\/talitha\/school\/?page_id=339"},"modified":"2020-07-16T16:11:51","modified_gmt":"2020-07-16T16:11:51","slug":"bibliothek-gaste-der-bibliothek","status":"publish","type":"page","link":"https:\/\/talithakumi.ps\/school\/bibliothek-gaste-der-bibliothek\/","title":{"rendered":"Deutsche Bibliothek &#8211; G\u00e4ste der Bibliothek"},"content":{"rendered":"<div class=\"wpb-content-wrapper\"><p>[vc_row content_placement=&#8221;top&#8221; u_row_style=&#8221;0&#8243; u_row_paralax=&#8221;0&#8243; u_row_scheme=&#8221;0&#8243;][vc_column][vc_custom_heading text=&#8221;Leseinsel- G\u00e4ste der Bibliothek&#8221; font_container=&#8221;tag:h2|font_size:40|text_align:center&#8221; use_theme_fonts=&#8221;yes&#8221;][\/vc_column][\/vc_row][vc_row u_row_style=&#8221;0&#8243; u_row_paralax=&#8221;0&#8243; u_row_scheme=&#8221;0&#8243;][vc_column width=&#8221;2\/3&#8243; css=&#8221;.vc_custom_1594915128621{padding-top: 25px !important;padding-right: 25px !important;padding-bottom: 25px !important;padding-left: 25px !important;}&#8221;][vc_custom_heading text=&#8221;Ein herzlicher Besuch mit sch\u00f6nen Stunden&#8221; font_container=&#8221;tag:h2|font_size:32|text_align:left&#8221; use_theme_fonts=&#8221;yes&#8221; css=&#8221;.vc_custom_1594915088875{padding-top: 5px !important;padding-right: 5px !important;padding-bottom: 5px !important;padding-left: 5px !important;}&#8221;][vc_column_text]Im Mai 2016 nahmen die Journalistin und Kinderbuchautorin Ulrike Marrach-B\u00f6hm mit ihrem Mann an einer Rundreise durch Israel und Pal\u00e4stina teil.<\/p>\n<p>Eine Station ihrer Reise war Talitha Kumi und ein Besuch in der Leseinsel.<\/p>\n<p>In ihrem Handgep\u00e4ck waren drei Exemplare ihres EUROPA-Kinderbuches &#8220;Der Hamstermann in Amsterdam&#8221;, die sie ganz zur Freude unserer Bibliothekarin als Geschenk \u00fcberreichte.<\/p>\n<p>In dem Kinderbuch stellt sie alle 47 europ\u00e4ischen L\u00e4nder und deren Hauptst\u00e4dte in kurzen, lustigen Vierzeilern vor.<\/p>\n<p>Die Kinderbuchautorin Ulrike Marrach-B\u00f6hm nahm sich gemeinsam mit unserer Bibliothekarin die Zeit einigen interressierten Sch\u00fclern das Buch zu pr\u00e4sentieren. Im Anschluss der Lesung gab es eine kleine private F\u00fchrung durch die Schule und \u00fcber das Schulgel\u00e4nde.<\/p>\n<p>Vielen Dank f\u00fcr den herzlichen Besuch und die sch\u00f6nen B\u00fccher.<\/p>\n<p>[\/vc_column_text][\/vc_column][vc_column width=&#8221;1\/3&#8243; css=&#8221;.vc_custom_1594915139565{padding-top: 25px !important;padding-right: 25px !important;padding-bottom: 25px !important;padding-left: 25px !important;}&#8221;][vc_single_image image=&#8221;1332&#8243; img_size=&#8221;full&#8221; alignment=&#8221;center&#8221; onclick=&#8221;link_image&#8221;][vc_custom_heading text=&#8221;Links zu diesem Besuch&#8221; font_container=&#8221;tag:h2|font_size:20|text_align:left&#8221; use_theme_fonts=&#8221;yes&#8221; css=&#8221;.vc_custom_1594915117378{padding-top: 10px !important;padding-right: 10px !important;padding-bottom: 10px !important;padding-left: 10px !important;}&#8221;][vc_btn title=&#8221;Besuch von Kinderbuchautorin&#8221; style=&#8221;flat&#8221; shape=&#8221;round&#8221; color=&#8221;orange&#8221; size=&#8221;sm&#8221; add_icon=&#8221;true&#8221; link=&#8221;url:http%3A%2F%2Fwww.talithakumi.org%2Fde%2Fbesuch-von-kinderbuchautorin%2F||target:%20_blank|&#8221;][vc_btn title=&#8221;Ulrike Marrach-B\u00f6hm &#8211; Blogspot&#8221; style=&#8221;flat&#8221; shape=&#8221;round&#8221; color=&#8221;orange&#8221; size=&#8221;sm&#8221; add_icon=&#8221;true&#8221; link=&#8221;url:http%3A%2F%2Fulrike-marrach-boehm.blogspot.de%2F2016%2F06%2Fbesuch-der-deutschen-schule-in-beit.html||target:%20_blank|&#8221;][\/vc_column][\/vc_row]<\/p>\n<\/div>","protected":false},"excerpt":{"rendered":"<p>[vc_row content_placement=&#8221;top&#8221; u_row_style=&#8221;0&#8243; u_row_paralax=&#8221;0&#8243; u_row_scheme=&#8221;0&#8243;][vc_column][vc_custom_heading text=&#8221;Leseinsel- G\u00e4ste der Bibliothek&#8221; font_container=&#8221;tag:h2|font_size:40|text_align:center&#8221; use_theme_fonts=&#8221;yes&#8221;][\/vc_column][\/vc_row][vc_row u_row_style=&#8221;0&#8243; u_row_paralax=&#8221;0&#8243; u_row_scheme=&#8221;0&#8243;][vc_column width=&#8221;2\/3&#8243; css=&#8221;.vc_custom_1594915128621{padding-top: 25px !important;padding-right: 25px !important;padding-bottom: 25px !important;padding-left: 25px !important;}&#8221;][vc_custom_heading text=&#8221;Ein herzlicher Besuch mit sch\u00f6nen Stunden&#8221; font_container=&#8221;tag:h2|font_size:32|text_align:left&#8221; use_theme_fonts=&#8221;yes&#8221; css=&#8221;.vc_custom_1594915088875{padding-top: 5px !important;padding-right: 5px !important;padding-bottom: 5px !important;padding-left: 5px !important;}&#8221;][vc_column_text]Im Mai 2016 nahmen die Journalistin und Kinderbuchautorin Ulrike Marrach-B\u00f6hm mit ihrem Mann an einer [&hellip;]<\/p>\n","protected":false},"author":2,"featured_media":0,"parent":0,"menu_order":0,"comment_status":"closed","ping_status":"closed","template":"page-templates\/demo-nav-3.php","meta":{"footnotes":""},"class_list":["post-339","page","type-page","status-publish","hentry"],"_links":{"self":[{"href":"https:\/\/talithakumi.ps\/school\/wp-json\/wp\/v2\/pages\/339","targetHints":{"allow":["GET"]}}],"collection":[{"href":"https:\/\/talithakumi.ps\/school\/wp-json\/wp\/v2\/pages"}],"about":[{"href":"https:\/\/talithakumi.ps\/school\/wp-json\/wp\/v2\/types\/page"}],"author":[{"embeddable":true,"href":"https:\/\/talithakumi.ps\/school\/wp-json\/wp\/v2\/users\/2"}],"replies":[{"embeddable":true,"href":"https:\/\/talithakumi.ps\/school\/wp-json\/wp\/v2\/comments?post=339"}],"version-history":[{"count":6,"href":"https:\/\/talithakumi.ps\/school\/wp-json\/wp\/v2\/pages\/339\/revisions"}],"predecessor-version":[{"id":9938,"href":"https:\/\/talithakumi.ps\/school\/wp-json\/wp\/v2\/pages\/339\/revisions\/9938"}],"wp:attachment":[{"href":"https:\/\/talithakumi.ps\/school\/wp-json\/wp\/v2\/media?parent=339"}],"curies":[{"name":"wp","href":"https:\/\/api.w.org\/{rel}","templated":true}]}}