{"id":500,"date":"2017-04-14T16:24:05","date_gmt":"2017-04-14T16:24:05","guid":{"rendered":"http:\/\/www.switch.ps\/talitha\/school\/?page_id=500"},"modified":"2025-10-10T14:56:43","modified_gmt":"2025-10-10T14:56:43","slug":"cafeteria","status":"publish","type":"page","link":"https:\/\/talithakumi.ps\/school\/cafeteria\/","title":{"rendered":"Information &#8211; Cafeteria"},"content":{"rendered":"<div class=\"wpb-content-wrapper\"><p>[vc_row content_placement=&#8221;top&#8221; u_row_style=&#8221;0&#8243; u_row_paralax=&#8221;0&#8243; u_row_scheme=&#8221;0&#8243;][vc_column][vc_custom_heading text=&#8221;Die Cafeteria&#8221; font_container=&#8221;tag:h2|font_size:40|text_align:center&#8221; use_theme_fonts=&#8221;yes&#8221;][vc_empty_space][\/vc_column][\/vc_row][vc_row][vc_column width=&#8221;1\/2&#8243;][vc_column_text css=&#8221;&#8221;]<\/p>\n<h3><span style=\"color: #000000;\">Das Talitha Kumi G\u00e4stehaus versorgt die Cafeteria der Schule in den Pausen mit Essen und Getr\u00e4nken, die an die Sch\u00fclerinnen und Sch\u00fcler verkauft werden.<\/span><\/h3>\n<h3><span style=\"color: #000000;\">Das Essen sowie die Hamburger werden frisch in der K\u00fcche zubereitet. Talitha Kumi achtet sehr auf die gesunde Ern\u00e4hrung unserer Sch\u00fcler, so dass nur frisches Fleisch, Salat und Obst verarbeitet wird.<\/span><\/h3>\n<h3><span style=\"color: #000000;\">Weiter wird eine sehr begrenzte Auswahl an Geb\u00e4ck und Schokoladen angeboten.<\/span><\/h3>\n<h3><span style=\"color: #000000;\">Die Preise der Cafeteria liegen zwischen 1 NIS &nbsp;und max. 8 NIS.<\/span><\/h3>\n<p>[\/vc_column_text][vc_custom_heading text=&#8221;Die Preisliste der Cafeteria&#8221; use_theme_fonts=&#8221;yes&#8221;][vc_single_image image=&#8221;13399&#8243; img_size=&#8221;large&#8221; add_caption=&#8221;yes&#8221; css=&#8221;&#8221;][vc_single_image image=&#8221;13398&#8243; img_size=&#8221;large&#8221; add_caption=&#8221;yes&#8221; css=&#8221;&#8221;][\/vc_column][vc_column width=&#8221;1\/2&#8243;][vc_single_image image=&#8221;12175&#8243; img_size=&#8221;large&#8221; alignment=&#8221;center&#8221; onclick=&#8221;link_image&#8221;][vc_single_image image=&#8221;12176&#8243; img_size=&#8221;large&#8221; alignment=&#8221;center&#8221; onclick=&#8221;link_image&#8221;][vc_single_image image=&#8221;12683&#8243; img_size=&#8221;large&#8221; alignment=&#8221;center&#8221; onclick=&#8221;link_image&#8221;][\/vc_column][\/vc_row][vc_row][vc_column][\/vc_column][\/vc_row]<\/p>\n<\/div>","protected":false},"excerpt":{"rendered":"<p>[vc_row content_placement=&#8221;top&#8221; u_row_style=&#8221;0&#8243; u_row_paralax=&#8221;0&#8243; u_row_scheme=&#8221;0&#8243;][vc_column][vc_custom_heading text=&#8221;Die Cafeteria&#8221; font_container=&#8221;tag:h2|font_size:40|text_align:center&#8221; use_theme_fonts=&#8221;yes&#8221;][vc_empty_space][\/vc_column][\/vc_row][vc_row][vc_column width=&#8221;1\/2&#8243;][vc_column_text css=&#8221;&#8221;] Das Talitha Kumi G\u00e4stehaus versorgt die Cafeteria der Schule in den Pausen mit Essen und Getr\u00e4nken, die an die Sch\u00fclerinnen und Sch\u00fcler verkauft werden. Das Essen sowie die Hamburger werden frisch in der K\u00fcche zubereitet. Talitha Kumi achtet sehr auf die gesunde Ern\u00e4hrung unserer [&hellip;]<\/p>\n","protected":false},"author":2,"featured_media":0,"parent":0,"menu_order":0,"comment_status":"closed","ping_status":"closed","template":"page-templates\/demo-nav-3.php","meta":{"footnotes":""},"class_list":["post-500","page","type-page","status-publish","hentry"],"_links":{"self":[{"href":"https:\/\/talithakumi.ps\/school\/wp-json\/wp\/v2\/pages\/500","targetHints":{"allow":["GET"]}}],"collection":[{"href":"https:\/\/talithakumi.ps\/school\/wp-json\/wp\/v2\/pages"}],"about":[{"href":"https:\/\/talithakumi.ps\/school\/wp-json\/wp\/v2\/types\/page"}],"author":[{"embeddable":true,"href":"https:\/\/talithakumi.ps\/school\/wp-json\/wp\/v2\/users\/2"}],"replies":[{"embeddable":true,"href":"https:\/\/talithakumi.ps\/school\/wp-json\/wp\/v2\/comments?post=500"}],"version-history":[{"count":5,"href":"https:\/\/talithakumi.ps\/school\/wp-json\/wp\/v2\/pages\/500\/revisions"}],"predecessor-version":[{"id":13400,"href":"https:\/\/talithakumi.ps\/school\/wp-json\/wp\/v2\/pages\/500\/revisions\/13400"}],"wp:attachment":[{"href":"https:\/\/talithakumi.ps\/school\/wp-json\/wp\/v2\/media?parent=500"}],"curies":[{"name":"wp","href":"https:\/\/api.w.org\/{rel}","templated":true}]}}