{"id":5123,"date":"2017-05-22T08:15:34","date_gmt":"2017-05-22T08:15:34","guid":{"rendered":"http:\/\/talithakumi.ps\/school\/?page_id=5123"},"modified":"2025-01-27T10:43:00","modified_gmt":"2025-01-27T10:43:00","slug":"impressum","status":"publish","type":"page","link":"https:\/\/talithakumi.ps\/school\/impressum\/","title":{"rendered":"Impressum"},"content":{"rendered":"<div class=\"wpb-content-wrapper\"><p>[vc_row][vc_column][vc_custom_heading text=&#8221;Impressum&#8221; font_container=&#8221;tag:h1|font_size:40|text_align:center|color:%237f0909&#8243; use_theme_fonts=&#8221;yes&#8221; css=&#8221;&#8221;][\/vc_column][\/vc_row][vc_row][vc_column][vc_column_text]<\/p>\n<h3><span style=\"color: #000000\"><strong>Herausgeber:<\/strong><\/span><\/h3>\n<h3><span style=\"color: #000000\"><b>Die Deutsche Evangelisch-Lutherische Schule &#8211; Talitha Kumi<\/b><\/span><\/h3>\n<h3><span style=\"color: #000000\">Direktor des Schulzentrums: <strong>Birger Reese<\/strong><\/span><\/h3>\n<h3><span style=\"color: #000000\">P. O. Box 7<\/span><\/h3>\n<h3><span style=\"color: #000000\">Beit Jala \u2013 Pal\u00e4stina&nbsp;<\/span><\/h3>\n<h3><span style=\"color: #000000\">Telefon: +970 (0)-2- 2741247<\/span><\/h3>\n<h3><span style=\"color: #000000\">Telefax: +970 (0)-2-&nbsp;2741847<\/span><\/h3>\n<h3><img loading=\"lazy\" decoding=\"async\" class=\"\" src=\"https:\/\/upload.wikimedia.org\/wikipedia\/commons\/thumb\/5\/5e\/WhatsApp_icon.png\/479px-WhatsApp_icon.png\" alt=\"File:WhatsApp icon.png - Wikimedia Commons\" width=\"30\" height=\"30\">:&nbsp;+972 &#8211; 0592745160<\/h3>\n<h3><span style=\"color: #000000\">E-Mail: <a style=\"color: #000000\" href=\"mailto:info@talithakumi.org\">info@talithakumi.org<\/a><\/span><\/h3>\n<h3><span style=\"color: #000000\">E-Mail Webmaster:&nbsp;&nbsp; <a style=\"color: #000000\" href=\"mailto:pr@talithakumi.org\">pr@talithakumi.org<\/a><\/span><\/h3>\n<h3><span style=\"color: #000000\"><strong><a style=\"color: #000000\" href=\"http:\/\/talithakumi.ps\/\">talithakumi.ps<\/a>&nbsp;ist die offizielle Webseite des Schulzentrums Talitha Kumi.<\/strong><\/span><\/h3>\n<h3><span style=\"color: #000000\"><strong>Unsere Partner-Webseite ist die offizielle Webseite des Schultr\u00e4gers, des Berliner Missionswerks. Sie hat die URL <u><a style=\"color: #000000\" href=\"http:\/\/talithakumi.org\/\">talithakumi.org<\/a><\/u><\/strong>.<\/span><\/h3>\n<h3>&nbsp;<\/h3>\n<h3><span style=\"color: #000000\"><strong>Disclaimer:<\/strong><\/span><\/h3>\n<h3><span style=\"color: #000000\">Auf einigen Internetseiten von Talitha Kumi sind Links zu fremden Inhalten gesetzt, die wir nicht alle pr\u00fcfen konnten und f\u00fcr die wir rechtlich keinerlei Verantwortung \u00fcbernehmen.<\/span><\/h3>\n<p>[\/vc_column_text][\/vc_column][\/vc_row]<\/p>\n<\/div>","protected":false},"excerpt":{"rendered":"<p>[vc_row][vc_column][vc_custom_heading text=&#8221;Impressum&#8221; font_container=&#8221;tag:h1|font_size:40|text_align:center|color:%237f0909&#8243; use_theme_fonts=&#8221;yes&#8221; css=&#8221;&#8221;][\/vc_column][\/vc_row][vc_row][vc_column][vc_column_text] Herausgeber: Die Deutsche Evangelisch-Lutherische Schule &#8211; Talitha Kumi Direktor des Schulzentrums: Birger Reese P. O. Box 7 Beit Jala \u2013 Pal\u00e4stina&nbsp; Telefon: +970 (0)-2- 2741247 Telefax: +970 (0)-2-&nbsp;2741847 :&nbsp;+972 &#8211; 0592745160 E-Mail: info@talithakumi.org E-Mail Webmaster:&nbsp;&nbsp; pr@talithakumi.org talithakumi.ps&nbsp;ist die offizielle Webseite des Schulzentrums Talitha Kumi. Unsere Partner-Webseite ist die offizielle Webseite [&hellip;]<\/p>\n","protected":false},"author":2,"featured_media":0,"parent":0,"menu_order":0,"comment_status":"closed","ping_status":"closed","template":"page-templates\/demo-nav-3.php","meta":{"footnotes":""},"class_list":["post-5123","page","type-page","status-publish","hentry"],"_links":{"self":[{"href":"https:\/\/talithakumi.ps\/school\/wp-json\/wp\/v2\/pages\/5123","targetHints":{"allow":["GET"]}}],"collection":[{"href":"https:\/\/talithakumi.ps\/school\/wp-json\/wp\/v2\/pages"}],"about":[{"href":"https:\/\/talithakumi.ps\/school\/wp-json\/wp\/v2\/types\/page"}],"author":[{"embeddable":true,"href":"https:\/\/talithakumi.ps\/school\/wp-json\/wp\/v2\/users\/2"}],"replies":[{"embeddable":true,"href":"https:\/\/talithakumi.ps\/school\/wp-json\/wp\/v2\/comments?post=5123"}],"version-history":[{"count":5,"href":"https:\/\/talithakumi.ps\/school\/wp-json\/wp\/v2\/pages\/5123\/revisions"}],"predecessor-version":[{"id":13231,"href":"https:\/\/talithakumi.ps\/school\/wp-json\/wp\/v2\/pages\/5123\/revisions\/13231"}],"wp:attachment":[{"href":"https:\/\/talithakumi.ps\/school\/wp-json\/wp\/v2\/media?parent=5123"}],"curies":[{"name":"wp","href":"https:\/\/api.w.org\/{rel}","templated":true}]}}