{"id":5131,"date":"2017-05-22T08:42:48","date_gmt":"2017-05-22T08:42:48","guid":{"rendered":"http:\/\/talithakumi.ps\/school\/?page_id=5131"},"modified":"2020-07-03T10:21:58","modified_gmt":"2020-07-03T10:21:58","slug":"erneuerbare-energie","status":"publish","type":"page","link":"https:\/\/talithakumi.ps\/school\/erneuerbare-energie\/","title":{"rendered":"Erneuerbare Energie"},"content":{"rendered":"<div class=\"wpb-content-wrapper\"><p>[vc_row][vc_column][vc_custom_heading text=&#8221;Erneuerbare Energie&#8221; font_container=&#8221;tag:h1|font_size:40|text_align:center&#8221; use_theme_fonts=&#8221;yes&#8221;][\/vc_column][\/vc_row][vc_row][vc_column width=&#8221;2\/3&#8243;][vc_custom_heading text=&#8221;Das solare Warmwasserbereitungsprojekt in Talitha Kumi&#8221; font_container=&#8221;tag:h2|font_size:28|text_align:left&#8221; use_theme_fonts=&#8221;yes&#8221; css=&#8221;.vc_custom_1593769833266{padding-top: 5px !important;padding-right: 5px !important;padding-bottom: 5px !important;padding-left: 5px !important;}&#8221;][vc_column_text]Im Jahre 2010 erhielt die Schule eine gro\u00dfz\u00fcgige Spende vom deutschen Bundesministerium f\u00fcr Wirtschaft und Energie zum Zweck der Ausf\u00fchrung eines Solarenergieprojektes. Es war ein deutsch-pal\u00e4stinensisch-israelisches Gemeinschaftsprojekt. S\u00e4mtliche f\u00fcr das Projekt ben\u00f6tigten Materialien wurden vom vorgenannten deutschen Ministerium gekauft. Hersteller ist die weltbekannte, deutsche Firma Vaillant, die die Materialien \u00fcber ihre israelische Vertretung, Fa. Aclim, bis aufs Schulgel\u00e4nde geliefert hat. Die Projektarbeiten wurden vom erfahrenen pal\u00e4stinensischen Mansour-Unternehmen aus Nablus ausgef\u00fchrt und mit der Aufsicht der Projektausf\u00fchrung waren zwei Ingenieure von der Fa. Vaillant und ein Ingenieur von der israelischen Firma Aclim beauftragt.<\/p>\n<p>Dieses Projekt gilt als eins der wichtigsten Projekte, die in unserer Schule Talitha Kumi durchgef\u00fchrt worden sind.Es ist das erste seiner Art in Pal\u00e4stina und das dritte auf der ganzen Welt. Daduch hat die Schule 30 % der Diesel-Kraftstoffkosten gespart, die f\u00fcr den Zentralheizungsbetrieb und den Warmwasserverbrauch in s\u00e4mtlichen Schulbauten und Einrichtungen (so z.B. in den K\u00fcchen und B\u00e4dern) ausgegeben werden.&nbsp;[\/vc_column_text][\/vc_column][vc_column width=&#8221;1\/3&#8243;][vc_single_image image=&#8221;5135&#8243; img_size=&#8221;full&#8221; onclick=&#8221;link_image&#8221;][\/vc_column][\/vc_row][vc_row][vc_column][vc_separator color=&#8221;violet&#8221; border_width=&#8221;2&#8243;][vc_custom_heading text=&#8221;Das Trinkwasserreinigungsprojekt in Talitha Kumi&#8221; font_container=&#8221;tag:h2|font_size:28|text_align:left&#8221; use_theme_fonts=&#8221;yes&#8221; css=&#8221;.vc_custom_1593769921392{padding-top: 5px !important;padding-right: 5px !important;padding-bottom: 5px !important;padding-left: 5px !important;}&#8221;][vc_column_text]Im Jahre 2005 wurde ein komplettes Trinkwasserreinigungssystem von der franz\u00f6sischen Wassertechnikgesellschaft PURMO \u00fcber die Firma ASSABTI aus Beit Sahour- die die Ausschreibung f\u00fcr die Durchf\u00fchrung des Projektes gewonnen hat \u2013 geliefert. Dieses Projekt reinigt das Wasser in drei Stufen. Zuerst werden die festen Verunreinigungen aus dem Wasser durch Spezialfilter beseitigt, dann wird in einem weiteren Vorgang das Wasser entkalkt und zum Schluss wird automatisch mit Hilfe von hochentwickelten Sensorger\u00e4ten nach international vorgegebenen Mengen chloriert. Dadurch wird das Leitungswasser bei uns in Talitha Kumi direkt vom st\u00e4dtischen Wasserversorgungsnetz vollst\u00e4ndig gereinigt, so da\u00df wir wegen der hohen Kosten davon abgesehen haben, das gereinigte Wasser f\u00fcr Trinkzwecke vom ungereinigten direkt aus dem st\u00e4dtischen Versorgungsnetz abzutrennen. Demzufolge wird das gereinigte Wasser auch f\u00fcr die Sanit\u00e4ranlagen (so z.B. Toiletten, B\u00e4der&#8230;) verwendet.[\/vc_column_text][\/vc_column][\/vc_row][vc_row][vc_column][\/vc_column][\/vc_row]<\/p>\n<\/div>","protected":false},"excerpt":{"rendered":"<p>[vc_row][vc_column][vc_custom_heading text=&#8221;Erneuerbare Energie&#8221; font_container=&#8221;tag:h1|font_size:40|text_align:center&#8221; use_theme_fonts=&#8221;yes&#8221;][\/vc_column][\/vc_row][vc_row][vc_column width=&#8221;2\/3&#8243;][vc_custom_heading text=&#8221;Das solare Warmwasserbereitungsprojekt in Talitha Kumi&#8221; font_container=&#8221;tag:h2|font_size:28|text_align:left&#8221; use_theme_fonts=&#8221;yes&#8221; css=&#8221;.vc_custom_1593769833266{padding-top: 5px !important;padding-right: 5px !important;padding-bottom: 5px !important;padding-left: 5px !important;}&#8221;][vc_column_text]Im Jahre 2010 erhielt die Schule eine gro\u00dfz\u00fcgige Spende vom deutschen Bundesministerium f\u00fcr Wirtschaft und Energie zum Zweck der Ausf\u00fchrung eines Solarenergieprojektes. Es war ein deutsch-pal\u00e4stinensisch-israelisches Gemeinschaftsprojekt. S\u00e4mtliche f\u00fcr das Projekt ben\u00f6tigten Materialien [&hellip;]<\/p>\n","protected":false},"author":2,"featured_media":0,"parent":0,"menu_order":0,"comment_status":"closed","ping_status":"closed","template":"page-templates\/demo-nav-3.php","meta":{"footnotes":""},"class_list":["post-5131","page","type-page","status-publish","hentry"],"_links":{"self":[{"href":"https:\/\/talithakumi.ps\/school\/wp-json\/wp\/v2\/pages\/5131","targetHints":{"allow":["GET"]}}],"collection":[{"href":"https:\/\/talithakumi.ps\/school\/wp-json\/wp\/v2\/pages"}],"about":[{"href":"https:\/\/talithakumi.ps\/school\/wp-json\/wp\/v2\/types\/page"}],"author":[{"embeddable":true,"href":"https:\/\/talithakumi.ps\/school\/wp-json\/wp\/v2\/users\/2"}],"replies":[{"embeddable":true,"href":"https:\/\/talithakumi.ps\/school\/wp-json\/wp\/v2\/comments?post=5131"}],"version-history":[{"count":5,"href":"https:\/\/talithakumi.ps\/school\/wp-json\/wp\/v2\/pages\/5131\/revisions"}],"predecessor-version":[{"id":9814,"href":"https:\/\/talithakumi.ps\/school\/wp-json\/wp\/v2\/pages\/5131\/revisions\/9814"}],"wp:attachment":[{"href":"https:\/\/talithakumi.ps\/school\/wp-json\/wp\/v2\/media?parent=5131"}],"curies":[{"name":"wp","href":"https:\/\/api.w.org\/{rel}","templated":true}]}}