{"id":5139,"date":"2017-05-22T09:10:38","date_gmt":"2017-05-22T09:10:38","guid":{"rendered":"http:\/\/talithakumi.ps\/school\/?page_id=5139"},"modified":"2020-01-05T11:08:27","modified_gmt":"2020-01-05T11:08:27","slug":"schulimpressionen","status":"publish","type":"page","link":"https:\/\/talithakumi.ps\/school\/schulimpressionen\/","title":{"rendered":"Schulfotos"},"content":{"rendered":"<div class=\"wpb-content-wrapper\"><p>[vc_row][vc_column][vc_custom_heading text=&#8221;Schulfotos&#8221; font_container=&#8221;tag:h1|text_align:center|color:%237f0909&#8243; use_theme_fonts=&#8221;yes&#8221;][vc_row_inner][vc_column_inner][vc_column_text]<\/p>\n<p>[ngg_images source=&#8221;albums&#8221; container_ids=&#8221;11&#8243; display_type=&#8221;photocrati-nextgen_basic_compact_album&#8221; gallery_display_type=&#8221;photocrati-nextgen_basic_thumbnails&#8221; galleries_per_page=&#8221;0&#8243; enable_breadcrumbs=&#8221;1&#8243; template=&#8221;default&#8221; enable_descriptions=&#8221;1&#8243; override_thumbnail_settings=&#8221;1&#8243; thumbnail_width=&#8221;240&#8243; thumbnail_height=&#8221;160&#8243; thumbnail_crop=&#8221;1&#8243; order_by=&#8221;sortorder&#8221; order_direction=&#8221;ASC&#8221; returns=&#8221;included&#8221; maximum_entity_count=&#8221;500&#8243;][\/vc_column_text][\/vc_column_inner][\/vc_row_inner][vc_column_text]<\/p>\n<h5><span style=\"color: #000000\"><em>Auf unserer Homepage befinden sich zahlreiche Fotos von Sch\u00fclern, Lehrern, Eltern und Freunden der Talitha Kumi Schule.<\/em><\/span><\/h5>\n<h5><span style=\"color: #000000\"><em>Diese sollen die vielf\u00e4ltigen Aktivit\u00e4ten in der Schule dokumentieren. Sollte jemand mit einer bildlichen Darstellung nicht einverstanden sein, so m\u00f6ge er dieses mitteilen. Das Bild wird umgehend entfernt. Bitte teilen Sie uns dann auch die genaue Bildbezeichnung mit.<\/em><\/span><\/h5>\n<h5><span style=\"color: #000000\"><em>Die Verwendung der Fotos f\u00fcr den privaten Gebrauch ist gestattet, eine gewerbliche Nutzung oder andersartige Weiterverwendung jedoch strengstens untersagt.<\/em><\/span><\/h5>\n<p>[\/vc_column_text][\/vc_column][\/vc_row]<\/p>\n<\/div>","protected":false},"excerpt":{"rendered":"<p>[vc_row][vc_column][vc_custom_heading text=&#8221;Schulfotos&#8221; font_container=&#8221;tag:h1|text_align:center|color:%237f0909&#8243; use_theme_fonts=&#8221;yes&#8221;][vc_row_inner][vc_column_inner][vc_column_text] [ngg_images source=&#8221;albums&#8221; container_ids=&#8221;11&#8243; display_type=&#8221;photocrati-nextgen_basic_compact_album&#8221; gallery_display_type=&#8221;photocrati-nextgen_basic_thumbnails&#8221; galleries_per_page=&#8221;0&#8243; enable_breadcrumbs=&#8221;1&#8243; template=&#8221;default&#8221; enable_descriptions=&#8221;1&#8243; override_thumbnail_settings=&#8221;1&#8243; thumbnail_width=&#8221;240&#8243; thumbnail_height=&#8221;160&#8243; thumbnail_crop=&#8221;1&#8243; order_by=&#8221;sortorder&#8221; order_direction=&#8221;ASC&#8221; returns=&#8221;included&#8221; maximum_entity_count=&#8221;500&#8243;][\/vc_column_text][\/vc_column_inner][\/vc_row_inner][vc_column_text] Auf unserer Homepage befinden sich zahlreiche Fotos von Sch\u00fclern, Lehrern, Eltern und Freunden der Talitha Kumi Schule. Diese sollen die vielf\u00e4ltigen Aktivit\u00e4ten in der Schule dokumentieren. Sollte jemand mit einer bildlichen Darstellung nicht einverstanden [&hellip;]<\/p>\n","protected":false},"author":2,"featured_media":0,"parent":0,"menu_order":0,"comment_status":"closed","ping_status":"closed","template":"page-templates\/demo-nav-3.php","meta":{"footnotes":""},"class_list":["post-5139","page","type-page","status-publish","hentry"],"_links":{"self":[{"href":"https:\/\/talithakumi.ps\/school\/wp-json\/wp\/v2\/pages\/5139","targetHints":{"allow":["GET"]}}],"collection":[{"href":"https:\/\/talithakumi.ps\/school\/wp-json\/wp\/v2\/pages"}],"about":[{"href":"https:\/\/talithakumi.ps\/school\/wp-json\/wp\/v2\/types\/page"}],"author":[{"embeddable":true,"href":"https:\/\/talithakumi.ps\/school\/wp-json\/wp\/v2\/users\/2"}],"replies":[{"embeddable":true,"href":"https:\/\/talithakumi.ps\/school\/wp-json\/wp\/v2\/comments?post=5139"}],"version-history":[{"count":6,"href":"https:\/\/talithakumi.ps\/school\/wp-json\/wp\/v2\/pages\/5139\/revisions"}],"predecessor-version":[{"id":9116,"href":"https:\/\/talithakumi.ps\/school\/wp-json\/wp\/v2\/pages\/5139\/revisions\/9116"}],"wp:attachment":[{"href":"https:\/\/talithakumi.ps\/school\/wp-json\/wp\/v2\/media?parent=5139"}],"curies":[{"name":"wp","href":"https:\/\/api.w.org\/{rel}","templated":true}]}}