{"id":5969,"date":"2017-10-17T19:01:27","date_gmt":"2017-10-17T19:01:27","guid":{"rendered":"http:\/\/talithakumi.ps\/school\/?page_id=5969"},"modified":"2020-07-08T13:57:58","modified_gmt":"2020-07-08T13:57:58","slug":"aktuelles-aus-der-grundschule","status":"publish","type":"page","link":"https:\/\/talithakumi.ps\/school\/aktuelles-aus-der-grundschule\/","title":{"rendered":"Aktuelles aus der Grundschule"},"content":{"rendered":"<div class=\"wpb-content-wrapper\"><p>[vc_row][vc_column][vc_custom_heading text=&#8221;Aktuelles aus der Grundschule&#8221; font_container=&#8221;tag:h2|font_size:40|text_align:center&#8221; use_theme_fonts=&#8221;yes&#8221;][\/vc_column][\/vc_row][vc_row][vc_column width=&#8221;1\/2&#8243;][vc_custom_heading text=&#8221;Deutschunterricht in der Grundschule macht Spa\u00df&#8221; font_container=&#8221;tag:h4|font_size:22|text_align:left&#8221; use_theme_fonts=&#8221;yes&#8221;][vc_column_text]Ein gelungener Einstieg in eine Fremdsprache ist besonders wichtig und beeinflusst den ganzen weiteren Spracherwerb der Sch\u00fclerinnen und Sch\u00fcler; deshalb legen wir in Talitha Kumi ein ganz besonders gro\u00dfes Augenmerk auf die Gestaltung des Deutsch Unterrichts in der Grundschule, also in den Klassen eins bis vier. Die Begegnung mit der f\u00fcr die Sch\u00fclerinnen und Sch\u00fcler neuen Sprache m\u00f6chten wir so lebhaft und anschaulich wie m\u00f6glich gestalten: Spielerisches Lernen in Partner- und Gruppenarbeit erleichtert den Sch\u00fclern\/-innen nicht nur das Verstehen der Sprache und die Erkenntnis von sprachlichen Zusammenh\u00e4ngen, sondern f\u00f6rdert dar\u00fcber hinaus vor allem auch ihre Kreativit\u00e4t und ihre F\u00e4higkeit zu einem harmonischen, freundlichen und friedvollen Miteinander. F\u00fcr unsere kreativen Lerneinheiten und die Gestaltung eines abwechslungsreichen Unterrichts, stehen uns viele moderne und liebevoll gestalteten Materialien f\u00fcr den Fremdsprachenunterricht zur Verf\u00fcgung. Die vielen verschiedenen bereitgestellten Materialien erm\u00f6glichen vor allem auch das Entdecken eines individuellen Lernzugangs zu den Inhalten f\u00fcr jede Sch\u00fclerin und jeden Sch\u00fcler, da das Lernen auf diese Weise \u00fcber ganz unterschiedliche Kan\u00e4le geschehen kann und wir uns auf diese Weise auf die individuellen Bed\u00fcrfnisse unserer Sch\u00fcler\/-innen anpassen k\u00f6nnen. Des Weiteren freuen sich die Kinder immer ganz besonders auch auf den Bibliotheksunterricht in unserer deutschen Lern-Bibliothek, der \u201eLeseinsel\u201c. Hier m\u00f6chten wir von Anfang die Freude am Lesen und am Entdecken von Worten, Schrift und Geschichten wecken. Alles in allem m\u00f6chten wir in \u201eTalitha Kumi\u201c also einen Fremdsprachenunterricht geben, der die einzelnen Kinder von Anfang an auf ganzheitliche, kreative und spielerische Weise an Deutsch als eine neue Sprache heranf\u00fchrt, und das in einer harmonischen und friedvollen Lernatmosph\u00e4re, in der jedes Kind gesehen und individuell gef\u00f6rdert wird und in der das Deutsch-Lernen Freude macht.<\/p>\n<p><strong><em>Ein Beitrag von J. Sarras<\/em><\/strong>[\/vc_column_text][\/vc_column][vc_column width=&#8221;1\/2&#8243;][vc_gallery type=&#8221;image_grid&#8221; images=&#8221;5986,5983,5982,5981,5980,5979,5978,5977,5976,5975,5974,5973&#8243;][\/vc_column][\/vc_row]<\/p>\n<\/div>","protected":false},"excerpt":{"rendered":"<p>[vc_row][vc_column][vc_custom_heading text=&#8221;Aktuelles aus der Grundschule&#8221; font_container=&#8221;tag:h2|font_size:40|text_align:center&#8221; use_theme_fonts=&#8221;yes&#8221;][\/vc_column][\/vc_row][vc_row][vc_column width=&#8221;1\/2&#8243;][vc_custom_heading text=&#8221;Deutschunterricht in der Grundschule macht Spa\u00df&#8221; font_container=&#8221;tag:h4|font_size:22|text_align:left&#8221; use_theme_fonts=&#8221;yes&#8221;][vc_column_text]Ein gelungener Einstieg in eine Fremdsprache ist besonders wichtig und beeinflusst den ganzen weiteren Spracherwerb der Sch\u00fclerinnen und Sch\u00fcler; deshalb legen wir in Talitha Kumi ein ganz besonders gro\u00dfes Augenmerk auf die Gestaltung des Deutsch Unterrichts in der Grundschule, also [&hellip;]<\/p>\n","protected":false},"author":3,"featured_media":0,"parent":0,"menu_order":0,"comment_status":"closed","ping_status":"closed","template":"page-templates\/demo-nav-3.php","meta":{"footnotes":""},"class_list":["post-5969","page","type-page","status-publish","hentry"],"_links":{"self":[{"href":"https:\/\/talithakumi.ps\/school\/wp-json\/wp\/v2\/pages\/5969","targetHints":{"allow":["GET"]}}],"collection":[{"href":"https:\/\/talithakumi.ps\/school\/wp-json\/wp\/v2\/pages"}],"about":[{"href":"https:\/\/talithakumi.ps\/school\/wp-json\/wp\/v2\/types\/page"}],"author":[{"embeddable":true,"href":"https:\/\/talithakumi.ps\/school\/wp-json\/wp\/v2\/users\/3"}],"replies":[{"embeddable":true,"href":"https:\/\/talithakumi.ps\/school\/wp-json\/wp\/v2\/comments?post=5969"}],"version-history":[{"count":5,"href":"https:\/\/talithakumi.ps\/school\/wp-json\/wp\/v2\/pages\/5969\/revisions"}],"predecessor-version":[{"id":9854,"href":"https:\/\/talithakumi.ps\/school\/wp-json\/wp\/v2\/pages\/5969\/revisions\/9854"}],"wp:attachment":[{"href":"https:\/\/talithakumi.ps\/school\/wp-json\/wp\/v2\/media?parent=5969"}],"curies":[{"name":"wp","href":"https:\/\/api.w.org\/{rel}","templated":true}]}}