{"id":6702,"date":"2018-06-08T09:09:41","date_gmt":"2018-06-08T09:09:41","guid":{"rendered":"http:\/\/talithakumi.ps\/school\/?page_id=6702"},"modified":"2020-01-05T11:17:04","modified_gmt":"2020-01-05T11:17:04","slug":"musik-information","status":"publish","type":"page","link":"https:\/\/talithakumi.ps\/school\/musik-information\/","title":{"rendered":"Musik &#8211; Information"},"content":{"rendered":"<div class=\"wpb-content-wrapper\"><p>[vc_row][vc_column][vc_custom_heading text=&#8221;Musik &#8211; Informationen&#8221; font_container=&#8221;tag:h2|font_size:35|text_align:center|color:%230ec4f2&#8243; use_theme_fonts=&#8221;yes&#8221;][\/vc_column][\/vc_row][vc_row][vc_column width=&#8221;1\/2&#8243;][vc_custom_heading text=&#8221;Brass- oder SING-klasse!&#8221; font_container=&#8221;tag:h2|font_size:30|text_align:left&#8221; use_theme_fonts=&#8221;yes&#8221;][vc_column_text]<em>Will ich ein Blasinstrument lernen oder mit Gleichaltrigen singen?<\/em><\/p>\n<div class=\"m_-8928764894515042657MsoListParagraphCxSpMiddle\">Talitha Kumi schafft den Sch\u00fclerinnen und Sch\u00fclern der Go Klassen 5 ein&nbsp;<b>neues Musik- Wahlangebot.<\/b>&nbsp;Die Fachschaft Musik an Talitha Kumi baut in Kooperation mit Brass for peace und Volont\u00e4ren aus Deutschland das musikalische Angebot f\u00fcr die Sch\u00fclerinnen und Sch\u00fcler Talitha Kumis in diesem Schuljahr weiter aus!&nbsp;<\/div>\n<div class=\"m_-8928764894515042657MsoListParagraphCxSpMiddle\">&nbsp;<\/div>\n<div class=\"m_-8928764894515042657MsoListParagraphCxSpMiddle\">W\u00e4hrend des regul\u00e4ren Unterrichts k\u00f6nnen die Sch\u00fclerinnen und Sch\u00fcler Talitha Kumis ein Instrument erlernen oder stimmliche F\u00f6rderung erhalten. Die Singklasse f\u00fchrt in den Talitha Kinderchor und sp\u00e4ter in den Talitha Jugendchor.<\/div>\n<div class=\"m_-8928764894515042657MsoListParagraphCxSpMiddle\">&nbsp;<\/div>\n<div class=\"m_-8928764894515042657MsoListParagraphCxSpMiddle\">\n<div>In der&nbsp;<b>Bl\u00e4serklasse<\/b>&nbsp;k\u00f6nnen die Sch\u00fclerinnen und Sch\u00fcler im Klassenverband ein Blasinstrument erlernen. Die Leihgeb\u00fchr f\u00fcr das Blasinstrument betr\u00e4gt nur 50 Schekel pro Schuljahr. Die Instrumente m\u00fcssen am Ende des Schuljahres den Lehrenden wieder zur\u00fcckgegeben werden.&nbsp;<\/div>\n<div>&nbsp;<\/div>\n<\/div>\n<div class=\"m_-8928764894515042657MsoListParagraphCxSpMiddle\">Die&nbsp;<b>SING<\/b>&#8211;<i>klasse!<\/i>&nbsp;legt einen Schwerpunkt auf die stimmliche F\u00f6rderung. Sie leistet einen Beitrag zur Pers\u00f6nlichkeitsbildung der Heranwachsenden. Das Konzept der Singklasse vereint von Anfang an alle Dimensionen musikalischer Kompetenz bis hin zur kreativen Gestaltung \u2013 und der M\u00f6glichkeit: Sprache spielend zu lernen. Gerade die Einbeziehung von Musik in das Sprachenlernen er\u00f6ffnet eine neue Dimension der Sprachf\u00f6rderung.&nbsp;<\/div>\n<div class=\"m_-8928764894515042657MsoListParagraphCxSpMiddle\">\n<div>&nbsp;<\/div>\n<div>Die Sch\u00fcler der Klasse 5a (Tawjihi) haben die M\u00f6glichkeit bei Musikvolont\u00e4ren aus Deutschland w\u00e4hrend der Unterrichtszeit ein Instrument zu erlernen.&nbsp;&nbsp;<\/div>\n<\/div>\n<div class=\"m_-8928764894515042657MsoListParagraphCxSpMiddle\">&nbsp;<\/div>\n<div class=\"m_-8928764894515042657MsoListParagraphCxSpMiddle\">Dieses Angebot soll im kommenden Jahr ausgebaut werden.&nbsp;&nbsp;<\/div>\n<div class=\"m_-8928764894515042657MsoListParagraphCxSpMiddle\">&nbsp;<\/div>\n<div class=\"m_-8928764894515042657MsoListParagraphCxSpMiddle\">Bitte melden Sie Ihre Kinder am Ende von Klasse 4 rechtzeitig f\u00fcr eines der Profile an!&nbsp;<\/div>\n<div class=\"m_-8928764894515042657MsoListParagraphCxSpMiddle\">F\u00fcr die SING-klasse! m\u00fcssen die Kinder ein kleines Vorsingen bei Ustaz Wolfgang absolvieren.<\/div>\n<p>[\/vc_column_text][vc_separator border_width=&#8221;3&#8243;][\/vc_column][vc_column width=&#8221;1\/2&#8243;][vc_single_image image=&#8221;7068&#8243; img_size=&#8221;large&#8221;][vc_gallery type=&#8221;image_grid&#8221; images=&#8221;7102,7062&#8243; img_size=&#8221;265&#215;400&#8243;][\/vc_column][\/vc_row][vc_row][vc_column width=&#8221;1\/2&#8243;][vc_custom_heading text=&#8221;R\u00dcCKBLICK &amp; DANK 2017\/2018 &#8221; use_theme_fonts=&#8221;yes&#8221;][vc_column_text]Wir blicken zur\u00fcck auf einen sch\u00f6nen musikalischen Talitha Kumi Veranstaltungskalender 2017\/2018:<\/p>\n<p><strong>Martin Luthers Schulzeit &#8211; Musik zur Weihnachtszeit <\/strong><br \/>\n<strong>TALENTSCHMIEDE &#8211; Jugend musiziert (Wettbewerb) &#8211; Kulturcaf\u00e9 &#8211; Sommerkonzert der Ch\u00f6re<\/strong>.<\/p>\n<p>Ebenso erfreuten die Singing kids der 1a mit deutschsprachigen Liedern von Hans Niehaus unter Leitung der neuen Musik ADLK beim Talitha Kumi-Lesewettbewerb.<br \/>\nWir danken der Schulleitung, Kolleginnen und Kollegen \u2013 insbesondere Herrn Lindemann, Yousef Tushyeh, Zakki Awad, Siegfried Kremeyer und K. Weible-Klitzsch, den Eltern, Sch\u00fclern, Lehrern und Brass for peace, die uns dabei sehr unterst\u00fctzt und zu einem sch\u00f6nen Programm beitragen haben.<\/p>\n<p><strong>Musik an Talitha \u2013 mehr als nur \u201eein\u201c Angebot<\/strong><br \/>\nWir freuen uns, dass neben dem Talitha Kumi Jugendchor (Klasse 10-12) und dem Grundschulchor (Klasse 4) unter der Leitung von Frau Handal, Brass for peace (Klasse 4-12), der Talitha Kumi Kinderchor (Klassen 6-9) unter Leitung unserer neuen Musik ADLK in diesem Schuljahr entstanden ist.<br \/>\nDas Singen mit Gleichaltrigen er\u00f6ffnet die Perspektive von Austausch- und Konzertfahrten und damit die Begegnung mit der deutschen Kultur und f\u00f6rdert neben der musisch-\u00e4sthetischen Erziehung und individueller Pers\u00f6nlichkeitsbildung, den deutschen Spracherwerb u.v.m.<br \/>\nWir hoffen auf weitere Kooperationen mit der Bethlehem Academy of Music, Brass for peace und weiteren Institutionen f\u00fcr Musik in der Region. Damit kann Talitha Kumi seinen Sch\u00fclerinnen und Sch\u00fclern aller Klassenstufen ein reichhaltiges Musikangebot neben dem regul\u00e4ren Schulbetrieb erlebbar machen.<\/p>\n<p><strong>AUSBLICK UND VORHABEN<\/strong><br \/>\nDas musikalische Angebot Talitha Kumis soll im kommenden Schuljahr weiter ausgebaut werden. Unsere Sch\u00fclerinnen und Sch\u00fcler sind schon jetzt zum ersten Songcontest \u201eTalitha Idol \u2013 Dein Song gewinnt\u201c am Samstag, den 6. Oktober 2018 an Talitha Kumi eingeladen.<br \/>\nEin Wettbewerb f\u00fcr die singende Jugend an Talitha Kumi. Voraussetzung ist der solistische Liedvortrag von mindestens einem deutschsprachigen Lied. Auch ganze Klassen k\u00f6nnen an diesem besonderen Ereignis teilnehmen und tolle Preise gewinnen. Die Teilnahmebedingungen werden Ende August ver\u00f6ffentlicht.<br \/>\nBitte vormerken: Anmeldeschluss ist der 15.09.18 bei Frau Handal oder Herrn Weible!<\/p>\n<p><strong>NEU: Bl\u00e4ser- und Singeklassen f\u00fcr die Go Klassen<\/strong><br \/>\nWir freuen uns, dass wir ab dem kommenden Schuljahr den Sch\u00fclerinnen und Sch\u00fclern der<br \/>\n\u201eGo Klassen 5\u201c in Kooperation mit \u201eBrass for peace\u201c die M\u00f6glichkeit er\u00f6ffnen k\u00f6nnen, sich f\u00fcr die Chor-\/Singeklasse 5c zu bewerben oder sich f\u00fcr die Bl\u00e4ser-\/Instrumentalklasse 5b zu entscheiden. Damit wollen wir den Kindern unserer Schule erm\u00f6glichen, ihren Neigungen entsprechend, sich f\u00fcr eines der beiden Musikprofile zu entscheiden!<br \/>\nDer Talitha Kumi Kinderchor plant eine Konzertfahrt nach Deutschland. Frau Handal wird im kommenden Jahr auf Einladung von Herrn Nieper mit dem Talitha Kumi Jugendchor zum Kirchentag nach Dortmund reisen. Darauf freuen sich die jungen Menschen sehr.<\/p>\n<p>Wir verabschieden uns in die Sommerpause mit einer kleinen Auswahl an Bildern vom Abschied unseres langj\u00e4hrigen Schulleiters Rolf Lindemann und von unseren beiden Musikvolont\u00e4rinnen Helena Lindner und Melanie Warschun und w\u00fcnschen ihnen allen Gottes guten Segen!<\/p>\n<p>Fachschaft Musik<br \/>\nAutor: Musik ADLK Wolfgang Weible[\/vc_column_text][\/vc_column][vc_column width=&#8221;1\/2&#8243;][vc_single_image image=&#8221;6732&#8243; img_size=&#8221;large&#8221; add_caption=&#8221;yes&#8221;][vc_gallery type=&#8221;image_grid&#8221; images=&#8221;6716,6717,6723,6722,6724,6715,6710,6711,6719,6709,6721&#8243;][\/vc_column][\/vc_row]<\/p>\n<\/div>","protected":false},"excerpt":{"rendered":"<p>[vc_row][vc_column][vc_custom_heading text=&#8221;Musik &#8211; Informationen&#8221; font_container=&#8221;tag:h2|font_size:35|text_align:center|color:%230ec4f2&#8243; use_theme_fonts=&#8221;yes&#8221;][\/vc_column][\/vc_row][vc_row][vc_column width=&#8221;1\/2&#8243;][vc_custom_heading text=&#8221;Brass- oder SING-klasse!&#8221; font_container=&#8221;tag:h2|font_size:30|text_align:left&#8221; use_theme_fonts=&#8221;yes&#8221;][vc_column_text]Will ich ein Blasinstrument lernen oder mit Gleichaltrigen singen? Talitha Kumi schafft den Sch\u00fclerinnen und Sch\u00fclern der Go Klassen 5 ein&nbsp;neues Musik- Wahlangebot.&nbsp;Die Fachschaft Musik an Talitha Kumi baut in Kooperation mit Brass for peace und Volont\u00e4ren aus Deutschland das musikalische Angebot f\u00fcr die [&hellip;]<\/p>\n","protected":false},"author":3,"featured_media":0,"parent":0,"menu_order":0,"comment_status":"closed","ping_status":"closed","template":"page-templates\/demo-nav-3.php","meta":{"footnotes":""},"class_list":["post-6702","page","type-page","status-publish","hentry"],"_links":{"self":[{"href":"https:\/\/talithakumi.ps\/school\/wp-json\/wp\/v2\/pages\/6702","targetHints":{"allow":["GET"]}}],"collection":[{"href":"https:\/\/talithakumi.ps\/school\/wp-json\/wp\/v2\/pages"}],"about":[{"href":"https:\/\/talithakumi.ps\/school\/wp-json\/wp\/v2\/types\/page"}],"author":[{"embeddable":true,"href":"https:\/\/talithakumi.ps\/school\/wp-json\/wp\/v2\/users\/3"}],"replies":[{"embeddable":true,"href":"https:\/\/talithakumi.ps\/school\/wp-json\/wp\/v2\/comments?post=6702"}],"version-history":[{"count":5,"href":"https:\/\/talithakumi.ps\/school\/wp-json\/wp\/v2\/pages\/6702\/revisions"}],"predecessor-version":[{"id":9118,"href":"https:\/\/talithakumi.ps\/school\/wp-json\/wp\/v2\/pages\/6702\/revisions\/9118"}],"wp:attachment":[{"href":"https:\/\/talithakumi.ps\/school\/wp-json\/wp\/v2\/media?parent=6702"}],"curies":[{"name":"wp","href":"https:\/\/api.w.org\/{rel}","templated":true}]}}