{"id":691,"date":"2017-04-20T07:54:41","date_gmt":"2017-04-20T07:54:41","guid":{"rendered":"http:\/\/www.switch.ps\/talitha\/school\/?page_id=691"},"modified":"2020-07-16T16:11:49","modified_gmt":"2020-07-16T16:11:49","slug":"bibliotheksnachrichten","status":"publish","type":"page","link":"https:\/\/talithakumi.ps\/school\/bibliotheksnachrichten\/","title":{"rendered":"Bibliotheksnachrichten"},"content":{"rendered":"<div class=\"wpb-content-wrapper\"><p>[vc_row content_placement=&#8221;top&#8221; u_row_style=&#8221;1&#8243; u_row_paralax=&#8221;0&#8243; u_row_scheme=&#8221;0&#8243;][vc_column][vc_custom_heading text=&#8221;Arabische Bibliothek-Nachrichten&#8221; font_container=&#8221;tag:h1|font_size:38|text_align:center&#8221; use_theme_fonts=&#8221;yes&#8221;][\/vc_column][\/vc_row][vc_row u_row_style=&#8221;0&#8243; u_row_paralax=&#8221;0&#8243; u_row_scheme=&#8221;0&#8243;][vc_column width=&#8221;1\/4&#8243;][vc_custom_heading text=&#8221;Neu in der Bibliothek&#8221; font_container=&#8221;tag:h2|font_size:32|text_align:left&#8221; use_theme_fonts=&#8221;yes&#8221; css=&#8221;.vc_custom_1594915249173{padding-top: 10px !important;padding-right: 10px !important;padding-bottom: 10px !important;padding-left: 10px !important;}&#8221;][vc_images_carousel images=&#8221;1383,1382,1381,1380,1379,1378,1377,1376,1375,1374,1373,1372,1371,1370,1369,1368,1367,1366,1365,1364,1363,1362,1361,1360&#8243; img_size=&#8221;full&#8221; autoplay=&#8221;yes&#8221; hide_pagination_control=&#8221;yes&#8221; wrap=&#8221;yes&#8221;][\/vc_column][vc_column width=&#8221;3\/4&#8243;][vc_custom_heading text=&#8221;Tag der offenen T\u00fcr 2017&#8243; font_container=&#8221;tag:h2|font_size:34|text_align:left&#8221; use_theme_fonts=&#8221;yes&#8221; css=&#8221;.vc_custom_1594915216618{padding-top: 10px !important;padding-right: 10px !important;padding-bottom: 10px !important;padding-left: 10px !important;}&#8221;][vc_row_inner][vc_column_inner][vc_single_image image=&#8221;1385&#8243; img_size=&#8221;450&#215;450&#8243; add_caption=&#8221;yes&#8221; onclick=&#8221;link_image&#8221;][vc_column_text]Am Tag der offenen T\u00fcr (29.04.2017) pr\u00e4sentierte die Arabische Bibliothek eine Buchausstellung mit Verkauf. Es wurde eine grosse Auswahl von Kinder- und Jugendb\u00fccher in arabischer und englischer Sprache angeboten. Die Besucher zeigten grosses Interesse und freuten sich \u00fcber die g\u00fcnstigen Angebote.[\/vc_column_text][\/vc_column_inner][\/vc_row_inner][\/vc_column][\/vc_row]<\/p>\n<\/div>","protected":false},"excerpt":{"rendered":"<p>[vc_row content_placement=&#8221;top&#8221; u_row_style=&#8221;1&#8243; u_row_paralax=&#8221;0&#8243; u_row_scheme=&#8221;0&#8243;][vc_column][vc_custom_heading text=&#8221;Arabische Bibliothek-Nachrichten&#8221; font_container=&#8221;tag:h1|font_size:38|text_align:center&#8221; use_theme_fonts=&#8221;yes&#8221;][\/vc_column][\/vc_row][vc_row u_row_style=&#8221;0&#8243; u_row_paralax=&#8221;0&#8243; u_row_scheme=&#8221;0&#8243;][vc_column width=&#8221;1\/4&#8243;][vc_custom_heading text=&#8221;Neu in der Bibliothek&#8221; font_container=&#8221;tag:h2|font_size:32|text_align:left&#8221; use_theme_fonts=&#8221;yes&#8221; css=&#8221;.vc_custom_1594915249173{padding-top: 10px !important;padding-right: 10px !important;padding-bottom: 10px !important;padding-left: 10px !important;}&#8221;][vc_images_carousel images=&#8221;1383,1382,1381,1380,1379,1378,1377,1376,1375,1374,1373,1372,1371,1370,1369,1368,1367,1366,1365,1364,1363,1362,1361,1360&#8243; img_size=&#8221;full&#8221; autoplay=&#8221;yes&#8221; hide_pagination_control=&#8221;yes&#8221; wrap=&#8221;yes&#8221;][\/vc_column][vc_column width=&#8221;3\/4&#8243;][vc_custom_heading text=&#8221;Tag der offenen T\u00fcr 2017&#8243; font_container=&#8221;tag:h2|font_size:34|text_align:left&#8221; use_theme_fonts=&#8221;yes&#8221; css=&#8221;.vc_custom_1594915216618{padding-top: 10px !important;padding-right: 10px !important;padding-bottom: 10px !important;padding-left: 10px !important;}&#8221;][vc_row_inner][vc_column_inner][vc_single_image image=&#8221;1385&#8243; img_size=&#8221;450&#215;450&#8243; add_caption=&#8221;yes&#8221; onclick=&#8221;link_image&#8221;][vc_column_text]Am Tag [&hellip;]<\/p>\n","protected":false},"author":2,"featured_media":0,"parent":0,"menu_order":0,"comment_status":"closed","ping_status":"closed","template":"page-templates\/demo-nav-3.php","meta":{"footnotes":""},"class_list":["post-691","page","type-page","status-publish","hentry"],"_links":{"self":[{"href":"https:\/\/talithakumi.ps\/school\/wp-json\/wp\/v2\/pages\/691","targetHints":{"allow":["GET"]}}],"collection":[{"href":"https:\/\/talithakumi.ps\/school\/wp-json\/wp\/v2\/pages"}],"about":[{"href":"https:\/\/talithakumi.ps\/school\/wp-json\/wp\/v2\/types\/page"}],"author":[{"embeddable":true,"href":"https:\/\/talithakumi.ps\/school\/wp-json\/wp\/v2\/users\/2"}],"replies":[{"embeddable":true,"href":"https:\/\/talithakumi.ps\/school\/wp-json\/wp\/v2\/comments?post=691"}],"version-history":[{"count":6,"href":"https:\/\/talithakumi.ps\/school\/wp-json\/wp\/v2\/pages\/691\/revisions"}],"predecessor-version":[{"id":9940,"href":"https:\/\/talithakumi.ps\/school\/wp-json\/wp\/v2\/pages\/691\/revisions\/9940"}],"wp:attachment":[{"href":"https:\/\/talithakumi.ps\/school\/wp-json\/wp\/v2\/media?parent=691"}],"curies":[{"name":"wp","href":"https:\/\/api.w.org\/{rel}","templated":true}]}}