{"id":9226,"date":"2020-01-29T19:46:25","date_gmt":"2020-01-29T19:46:25","guid":{"rendered":"http:\/\/talithakumi.ps\/school\/?page_id=9226"},"modified":"2024-07-12T09:44:12","modified_gmt":"2024-07-12T09:44:12","slug":"mun","status":"publish","type":"page","link":"https:\/\/talithakumi.ps\/school\/mun\/","title":{"rendered":"Model United Nations (MUN)"},"content":{"rendered":"<div class=\"wpb-content-wrapper\"><p>[vc_row][vc_column][vc_custom_heading text=&#8221;Model United Nations (MUN)&#8221; font_container=&#8221;tag:h2|font_size:40|text_align:center&#8221; use_theme_fonts=&#8221;yes&#8221;][\/vc_column][\/vc_row][vc_row][vc_column][vc_tta_accordion style=&#8221;modern&#8221; shape=&#8221;round&#8221; color=&#8221;peacoc&#8221; spacing=&#8221;10&#8243; gap=&#8221;10&#8243; autoplay=&#8221;5&#8243; c_icon=&#8221;chevron&#8221; active_section=&#8221;1&#8243; no_fill=&#8221;true&#8221; collapsible_all=&#8221;true&#8221;][vc_tta_section add_icon=&#8221;true&#8221; title=&#8221;Allgemeine Informationen&#8221; tab_id=&#8221;1580324156118-59ea9ba9-0166&#8243;][vc_row_inner][vc_column_inner width=&#8221;1\/2&#8243;][vc_column_text]<\/p>\n<h3><span style=\"color: #000000\"><strong>Was ist MUN?<\/strong><\/span><\/h3>\n<h3><span style=\"color: #000000\"><strong>&nbsp;<\/strong><em>\u201eAt MUN you broaden your horizons by learning networking. You can be part of the UN\u00b4s efforts to establish peace, secure human rights and to enable all people to live in dignity.\u201d<\/em><\/span><\/h3>\n<h3><span style=\"color: #000000\">&nbsp;&nbsp;&nbsp;&nbsp;&nbsp;&nbsp;&nbsp;&nbsp;&nbsp;&nbsp;&nbsp;&nbsp;&nbsp;&nbsp;&nbsp;&nbsp;&nbsp;&nbsp;&nbsp;&nbsp;&nbsp;&nbsp;&nbsp;&nbsp; Antonio Guterres (UN Secretary General)<\/span><\/h3>\n<h3><span style=\"color: #000000\"><strong>&nbsp;<\/strong>Model United Nations (MUN) &#8211; Konferenzen sind politische Simulationen, in denen Sch\u00fcler und Sch\u00fclerinnen als Delegierte eines Staats in verschiedenen Gremien wie der UN-Generalversammlung, dem UN-Sicherheitsrat, dem Wirtschafts- und Sozialrat (ECOSOC) oder dem UNHCR \u00fcber aktuelle weltpolitische Themen debattieren.<\/span><\/h3>\n<h3><span style=\"color: #000000\">Um erfolgreich als Delegierter an einer Model United Nations-Konferenz teilnehmen zu k\u00f6nnen, m\u00fcssen sich die Sch\u00fclerinnen selbstst\u00e4ndig in die wirtschaftliche und politische Situation eines Staats einarbeiten. Unabh\u00e4ngig von ihrer pers\u00f6nlichen Meinung vollziehen sie einen Perspektivwechsel, um diesen Staat und seine jeweiligen nationalen und globalen Interessen in der Konferenz authentisch zu vertreten. Dies geschieht einerseits in formalen Debatten, die angelehnt sind an die realen Regelungen der UN und UN-Charta. Ebenso gibt es informelle Phasen, in denen die Delegierten im Dialog nach Verb\u00fcndeten suchen, Kompromisse aushandeln und Br\u00fccken bauen, um letztendlich eine Resolution auf eine breite internationale Basis zu stellen, die nachhaltige \u00f6konomische, politische und humanit\u00e4re L\u00f6sungen zum Ziel hat.<\/span><\/h3>\n<h3><span style=\"color: #000000\">Das Engagement in der MUN-AG und die Teilnahme an lokalen, nationalen und internationalen MUN-Konferenzen erlaubt unseren Sch\u00fclern und Sch\u00fclerinnen den Erwerb fachlicher und pers\u00f6nlicher Kompetenzen.<\/span><\/h3>\n<h3><span style=\"color: #000000\">Sie erhalten Einblicke die in die Komplexit\u00e4t internationaler Beziehungen und Prozesse der Entscheidungsfindung der Vereinten Nationen.<\/span><\/h3>\n<h3><span style=\"color: #000000\">Der notwendige Perspektivwechsel als Delegierte eines anderes Landes st\u00e4rkt ihre F\u00e4higkeit zur Toleranz und Kompromissf\u00e4higkeit und f\u00fchrt zu einem vertieften Verst\u00e4ndnis anderer Kulturen und Anschauungen.<\/span><\/h3>\n<h3>&nbsp;<\/h3>\n<h3><span style=\"color: #000000\">Sie verbessern ihre Englischkenntnisse, schulen ihre rhetorischen F\u00e4higkeiten, ihr Verhandlungsgeschick und gewinnen an Selbstvertrauen.<\/span><\/h3>\n<p>[\/vc_column_text][\/vc_column_inner][vc_column_inner width=&#8221;1\/2&#8243;][vc_single_image image=&#8221;12704&#8243; img_size=&#8221;large&#8221; add_caption=&#8221;yes&#8221; alignment=&#8221;center&#8221; onclick=&#8221;link_image&#8221;][vc_single_image image=&#8221;12707&#8243; img_size=&#8221;large&#8221; add_caption=&#8221;yes&#8221; alignment=&#8221;center&#8221; onclick=&#8221;link_image&#8221;][vc_single_image image=&#8221;12710&#8243; img_size=&#8221;large&#8221; add_caption=&#8221;yes&#8221; alignment=&#8221;center&#8221; onclick=&#8221;link_image&#8221;][vc_single_image image=&#8221;12711&#8243; img_size=&#8221;large&#8221; add_caption=&#8221;yes&#8221; alignment=&#8221;center&#8221; onclick=&#8221;link_image&#8221;][\/vc_column_inner][\/vc_row_inner][\/vc_tta_section][vc_tta_section add_icon=&#8221;true&#8221; title=&#8221;Organisation und Training&#8221; tab_id=&#8221;1580324156173-68994da8-955c&#8221;][vc_custom_heading text=&#8221;Teamleitung&#8221; font_container=&#8221;tag:h2|font_size:32|text_align:center&#8221; use_theme_fonts=&#8221;yes&#8221;][vc_row_inner][vc_column_inner width=&#8221;1\/3&#8243;][vc_single_image image=&#8221;12714&#8243; add_caption=&#8221;yes&#8221; alignment=&#8221;center&#8221; style=&#8221;vc_box_shadow_circle&#8221;][vc_column_text]<\/p>\n<h4><strong>Sana Abu Amsha<\/strong><\/h4>\n<p>Englischlehrerin in Talitha Kumi)[\/vc_column_text][\/vc_column_inner][vc_column_inner width=&#8221;1\/3&#8243;][vc_column_text][\/vc_column_text][\/vc_column_inner][vc_column_inner width=&#8221;1\/3&#8243;][\/vc_column_inner][\/vc_row_inner][vc_custom_heading text=&#8221;Gruppen \u2013 Trainingszeiten \u2013 Ziele&#8221; font_container=&#8221;tag:h2|font_size:32|text_align:center&#8221; use_theme_fonts=&#8221;yes&#8221;][vc_column_text]Das MUN Training ist ein sehr wichtiger Teil der Woche in Talitha Kumi und wird in zwei Gruppen durchgef\u00fchrt, die das Alter und Sprachniveau der Sch\u00fclerInnen ber\u00fccksichtigen.<\/p>\n<p>Viele Sch\u00fcler sind daran interessiert und so nimmt die Zahl der Sch\u00fclerInnen von Jahr zu Jahr zu.<\/p>\n<p><strong>&nbsp;<\/strong><strong>Die Einsteiger&nbsp;<\/strong><\/p>\n<p>Das Training f\u00fcr die erste Gruppe findet montags von 14.30 bis 15.30 Uhr statt unter der Leitung von Laura Bishara und Katia Emaya statt. Die Sch\u00fcler der Klassenstufe 7 und 8 werden in die Grundlagen von MUN und die Konzepte von MUN eingef\u00fchrt.<\/p>\n<p><strong>Die Experten&nbsp;<\/strong><\/p>\n<p>Das Training f\u00fcr die zweite Gruppe (Klassenstufen 9-11) findet mittwochs von 14:30 bis 15:30 Uhr unter der Leitung von Kirsten Weible statt. Die Sch\u00fcler dieser Gruppe befassen sich mit aktuellen weltpolitischen Ereignissen, verfeinern ihre rhetorischen und strategischen F\u00e4higkeiten und werden darin ausgebildet, selber Konferenzen zu leiten. Sie sind f\u00fcr die Teilnahme an internationalen MUN-Konferenzen qualifiziert.[\/vc_column_text][\/vc_tta_section][vc_tta_section add_icon=&#8221;true&#8221; title=&#8221;Konferenzen&#8221; tab_id=&#8221;1580325278030-d26de84e-524c&#8221;][vc_custom_heading text=&#8221;Vergangene Konferenzen&#8221; font_container=&#8221;tag:h2|font_size:32|text_align:left&#8221; use_theme_fonts=&#8221;yes&#8221;][vc_row_inner][vc_column_inner][vc_single_image image=&#8221;9236&#8243; img_size=&#8221;medium&#8221; add_caption=&#8221;yes&#8221; alignment=&#8221;center&#8221; onclick=&#8221;custom_link&#8221; img_link_target=&#8221;_blank&#8221; link=&#8221;http:\/\/talithakumi.ps\/school?s=MUN&#8221; title=&#8221;klicken Sie auf das Bild um Berichte \u00fcber vergangene MUN-Konferenzen zu sehen&#8221;][vc_separator][\/vc_column_inner][\/vc_row_inner][vc_custom_heading text=&#8221;Konferenzen 2020&#8243; font_container=&#8221;tag:h2|font_size:32|text_align:left&#8221; use_theme_fonts=&#8221;yes&#8221;][vc_row_inner][vc_column_inner][vc_column_text]<\/p>\n<ul>\n<li>\n<h4><span style=\"color: #000000\"><strong>&nbsp;<\/strong><em>01.-01.02.2020<\/em>: Pal MUN IX \u201eWe the people\u201c&nbsp; in Ramallah<\/span><\/h4>\n<\/li>\n<\/ul>\n<p>&nbsp;<\/p>\n<ul>\n<li>\n<h4><span style=\"color: #000000\"><em>06. -27.06.2020<\/em>: LuthMUN in Talitha Kumi<\/span><\/h4>\n<\/li>\n<\/ul>\n<p>&nbsp;<\/p>\n<ul>\n<li>\n<h4><span style=\"color: #000000\"><em>11. -14.11.2020<\/em>: DSS (Deutsche Schule Sofia) MUN<\/span><\/h4>\n<\/li>\n<\/ul>\n<p>[\/vc_column_text][\/vc_column_inner][\/vc_row_inner][\/vc_tta_section][vc_tta_section add_icon=&#8221;true&#8221; title=&#8221;Kooperationen&#8221; tab_id=&#8221;1580326086789-a5561b76-7035&#8243;][vc_column_text]<\/p>\n<ul>\n<li>\n<h4><strong> LuthMUN \u2013 Lutheran Schools Model United Nations<\/strong><\/h4>\n<\/li>\n<li style=\"list-style-type: none\"><strong>&nbsp;<\/strong>Die Evangelisch-Lutherischen Schulen Dar al-Kalim\/Bethlehem, School of&nbsp;Hope\/Ramallah, die Evangelical Lutheran School Lutheran School\/Beit Sahour und Talitha Kumi \/Beit Jala organisieren seit 2014 j\u00e4hrlich zusammen eine LuthMUN Konferenz. &nbsp;Diese Konferenz erfreut sich inzwischen gro\u00dfer Beliebtheit und die Teilnehmerzahl ist von anf\u00e4nglich 30 Delegierten auf \u00fcber 200 gestiegen.<\/li>\n<\/ul>\n<p>&nbsp;<\/p>\n<ul>\n<li>\n<h4><strong>Kooperation mit der Deutschen Schule Sofia\/ Bulgarien<\/strong><\/h4>\n<\/li>\n<\/ul>\n<p style=\"padding-left: 30px\">Im Schuljahr 2019\/2020 sind Kontakte zur DSS Sofia\/Bulgarien entstanden, die im 2020\/21 ausgebaut werden sollen. Talitha Kumi hat eine Einladung zur DSS MUN im November 2020 erhalten. Unsere Sch\u00fcler werden dort in Gastfamilien anderer Konferenzteilnehmer wohnen. Im Fr\u00fchjahr 2011 ist der Gegenbesuch zu einer Konferenz in alitah Kumi geplant. Ziel ist es, dass die MUN-Teams beider Schulen sich so als Delegierte in den Gremien, aber auch als Repr\u00e4sentanten ihres jeweiligen Heimatlandes begegnen.<\/p>\n<p>[\/vc_column_text][\/vc_tta_section][vc_tta_section add_icon=&#8221;true&#8221; title=&#8221;Fundraising&#8221; tab_id=&#8221;1580326093170-7829171e-781b&#8221;][vc_column_text]Die Teilnahme an internationalen Konferenzen ist f\u00fcr die Familien unsere Sch\u00fclerInnen eine kostspielige Angelegenheit.<\/p>\n<p>Das Berline Missionswerk unterst\u00fctzt unsere Reisen immer sehr gro\u00dfz\u00fcgig, aber auch die Sch\u00fclerInnen tun ihr Bestes, um Geld durch verschiedenen Fundraising-Aktivit\u00e4ten zu verdienen.<\/p>\n<p><strong>&nbsp;<\/strong>[\/vc_column_text][vc_custom_heading text=&#8221;MUN Christmas-Fundraising Dinner &#8221; font_container=&#8221;tag:h2|font_size:28|text_align:left&#8221; use_theme_fonts=&#8221;yes&#8221;][vc_single_image image=&#8221;9249&#8243; img_size=&#8221;medium&#8221; add_caption=&#8221;yes&#8221; alignment=&#8221;center&#8221; onclick=&#8221;custom_link&#8221; img_link_target=&#8221;_blank&#8221; link=&#8221;http:\/\/talithakumi.ps\/school\/2018\/12\/14\/model-united-nations-fundraising-dinner\/&#8221;][\/vc_tta_section][\/vc_tta_accordion][\/vc_column][\/vc_row][vc_row][vc_column][\/vc_column][\/vc_row]<\/p>\n<\/div>","protected":false},"excerpt":{"rendered":"<p>[vc_row][vc_column][vc_custom_heading text=&#8221;Model United Nations (MUN)&#8221; font_container=&#8221;tag:h2|font_size:40|text_align:center&#8221; use_theme_fonts=&#8221;yes&#8221;][\/vc_column][\/vc_row][vc_row][vc_column][vc_tta_accordion style=&#8221;modern&#8221; shape=&#8221;round&#8221; color=&#8221;peacoc&#8221; spacing=&#8221;10&#8243; gap=&#8221;10&#8243; autoplay=&#8221;5&#8243; c_icon=&#8221;chevron&#8221; active_section=&#8221;1&#8243; no_fill=&#8221;true&#8221; collapsible_all=&#8221;true&#8221;][vc_tta_section add_icon=&#8221;true&#8221; title=&#8221;Allgemeine Informationen&#8221; tab_id=&#8221;1580324156118-59ea9ba9-0166&#8243;][vc_row_inner][vc_column_inner width=&#8221;1\/2&#8243;][vc_column_text] Was ist MUN? &nbsp;\u201eAt MUN you broaden your horizons by learning networking. You can be part of the UN\u00b4s efforts to establish peace, secure human rights and to enable all people to live [&hellip;]<\/p>\n","protected":false},"author":3,"featured_media":0,"parent":0,"menu_order":0,"comment_status":"closed","ping_status":"closed","template":"page-templates\/demo-nav-3.php","meta":{"footnotes":""},"class_list":["post-9226","page","type-page","status-publish","hentry"],"_links":{"self":[{"href":"https:\/\/talithakumi.ps\/school\/wp-json\/wp\/v2\/pages\/9226","targetHints":{"allow":["GET"]}}],"collection":[{"href":"https:\/\/talithakumi.ps\/school\/wp-json\/wp\/v2\/pages"}],"about":[{"href":"https:\/\/talithakumi.ps\/school\/wp-json\/wp\/v2\/types\/page"}],"author":[{"embeddable":true,"href":"https:\/\/talithakumi.ps\/school\/wp-json\/wp\/v2\/users\/3"}],"replies":[{"embeddable":true,"href":"https:\/\/talithakumi.ps\/school\/wp-json\/wp\/v2\/comments?post=9226"}],"version-history":[{"count":5,"href":"https:\/\/talithakumi.ps\/school\/wp-json\/wp\/v2\/pages\/9226\/revisions"}],"predecessor-version":[{"id":12715,"href":"https:\/\/talithakumi.ps\/school\/wp-json\/wp\/v2\/pages\/9226\/revisions\/12715"}],"wp:attachment":[{"href":"https:\/\/talithakumi.ps\/school\/wp-json\/wp\/v2\/media?parent=9226"}],"curies":[{"name":"wp","href":"https:\/\/api.w.org\/{rel}","templated":true}]}}